{"id":670,"date":"2023-03-02T17:42:31","date_gmt":"2023-03-02T14:42:31","guid":{"rendered":"https:\/\/amerikadil.com\/?page_id=670"},"modified":"2023-03-02T17:49:10","modified_gmt":"2023-03-02T14:49:10","slug":"cleveland-amerika-sehir-rehberi","status":"publish","type":"page","link":"https:\/\/amerikadil.com\/?page_id=670","title":{"rendered":"Cleveland \u2013 Amerika \u2013 \u015eehir Rehberi"},"content":{"rendered":"\t\t<div data-elementor-type=\"wp-page\" data-elementor-id=\"670\" class=\"elementor elementor-670\">\n\t\t\t\t\t\t\t\t\t<section class=\"elementor-section elementor-top-section elementor-element elementor-element-3f069f1 elementor-section-boxed elementor-section-height-default elementor-section-height-default\" data-id=\"3f069f1\" data-element_type=\"section\">\n\t\t\t\t\t\t<div class=\"elementor-container elementor-column-gap-default\">\n\t\t\t\t\t<div class=\"elementor-column elementor-col-100 elementor-top-column elementor-element elementor-element-1ca90cf\" data-id=\"1ca90cf\" data-element_type=\"column\">\n\t\t\t<div class=\"elementor-widget-wrap elementor-element-populated\">\n\t\t\t\t\t\t\t\t<div class=\"elementor-element elementor-element-0820dc6 elementor-widget elementor-widget-image\" data-id=\"0820dc6\" data-element_type=\"widget\" data-widget_type=\"image.default\">\n\t\t\t\t<div class=\"elementor-widget-container\">\n\t\t\t<style>\/*! elementor - v3.11.1 - 15-02-2023 *\/\n.elementor-widget-image{text-align:center}.elementor-widget-image a{display:inline-block}.elementor-widget-image a img[src$=\".svg\"]{width:48px}.elementor-widget-image img{vertical-align:middle;display:inline-block}<\/style>\t\t\t\t\t\t\t\t\t\t\t\t<img loading=\"lazy\" decoding=\"async\" width=\"400\" height=\"300\" src=\"https:\/\/amerikadil.com\/wp-content\/uploads\/2023\/03\/Cleveland.png\" class=\"attachment-medium_large size-medium_large wp-image-671\" alt=\"\" srcset=\"https:\/\/amerikadil.com\/wp-content\/uploads\/2023\/03\/Cleveland.png 400w, https:\/\/amerikadil.com\/wp-content\/uploads\/2023\/03\/Cleveland-300x225.png 300w\" sizes=\"auto, (max-width: 400px) 100vw, 400px\" \/>\t\t\t\t\t\t\t\t\t\t\t\t\t\t\t<\/div>\n\t\t\t\t<\/div>\n\t\t\t\t\t<\/div>\n\t\t<\/div>\n\t\t\t\t\t\t\t<\/div>\n\t\t<\/section>\n\t\t\t\t<section class=\"elementor-section elementor-top-section elementor-element elementor-element-02aa669 elementor-section-boxed elementor-section-height-default elementor-section-height-default\" data-id=\"02aa669\" data-element_type=\"section\">\n\t\t\t\t\t\t<div class=\"elementor-container elementor-column-gap-default\">\n\t\t\t\t\t<div class=\"elementor-column elementor-col-100 elementor-top-column elementor-element elementor-element-7d3b196\" data-id=\"7d3b196\" data-element_type=\"column\">\n\t\t\t<div class=\"elementor-widget-wrap elementor-element-populated\">\n\t\t\t\t\t\t\t\t<div class=\"elementor-element elementor-element-9aac219 elementor-widget elementor-widget-heading\" data-id=\"9aac219\" data-element_type=\"widget\" data-widget_type=\"heading.default\">\n\t\t\t\t<div class=\"elementor-widget-container\">\n\t\t\t<style>\/*! elementor - v3.11.1 - 15-02-2023 *\/\n.elementor-heading-title{padding:0;margin:0;line-height:1}.elementor-widget-heading .elementor-heading-title[class*=elementor-size-]>a{color:inherit;font-size:inherit;line-height:inherit}.elementor-widget-heading .elementor-heading-title.elementor-size-small{font-size:15px}.elementor-widget-heading .elementor-heading-title.elementor-size-medium{font-size:19px}.elementor-widget-heading .elementor-heading-title.elementor-size-large{font-size:29px}.elementor-widget-heading .elementor-heading-title.elementor-size-xl{font-size:39px}.elementor-widget-heading .elementor-heading-title.elementor-size-xxl{font-size:59px}<\/style><h2 class=\"elementor-heading-title elementor-size-default\">Cleveland<\/h2>\t\t<\/div>\n\t\t\t\t<\/div>\n\t\t\t\t\t<\/div>\n\t\t<\/div>\n\t\t\t\t\t\t\t<\/div>\n\t\t<\/section>\n\t\t\t\t<section class=\"elementor-section elementor-top-section elementor-element elementor-element-e7a28f9 elementor-section-boxed elementor-section-height-default elementor-section-height-default\" data-id=\"e7a28f9\" data-element_type=\"section\">\n\t\t\t\t\t\t<div class=\"elementor-container elementor-column-gap-default\">\n\t\t\t\t\t<div class=\"elementor-column elementor-col-100 elementor-top-column elementor-element elementor-element-47c1447\" data-id=\"47c1447\" data-element_type=\"column\">\n\t\t\t<div class=\"elementor-widget-wrap elementor-element-populated\">\n\t\t\t\t\t\t\t\t<div class=\"elementor-element elementor-element-c58da7e elementor-widget elementor-widget-wp-widget-text\" data-id=\"c58da7e\" data-element_type=\"widget\" data-widget_type=\"wp-widget-text.default\">\n\t\t\t\t<div class=\"elementor-widget-container\">\n\t\t\t\t\t\t<div class=\"textwidget\"><p>Cleveland, Amerika Birle\u015fik Devletleri&#039;nin Ohio eyaletinde, Erie G\u00f6l\u00fc&#039;n\u00fcn kuzey k\u0131y\u0131s\u0131nda yer alan bir \u015fehirdir. N\u00fcfusu yakla\u015f\u0131k 400.000 olan Cleveland, Ohio&#039;nun en b\u00fcy\u00fck ikinci \u015fehridir ve \u00fclkenin \u00f6nemli ekonomik ve k\u00fclt\u00fcrel merkezidir.<\/p>\n<p>Cleveland, 19. ve 20. y\u00fczy\u0131llarda ABD&#039;nin en \u00f6nemli sanayi \u015fehirlerinden biri olarak geli\u015fti. Bug\u00fcnlerde, hala bir\u00e7ok b\u00fcy\u00fck \u015firketin ve end\u00fcstrinin merkezi olarak tan\u0131nmaktad\u0131r. Ancak son y\u0131llarda, \u015fehir de\u011fi\u015fime u\u011fram\u0131\u015ft\u0131r; k\u00fclt\u00fcrel, turistik ve e\u011flence sekt\u00f6rleri geli\u015fmi\u015ftir.<\/p>\n<p>Cleveland, m\u00fczeleri, tiyatrolar\u0131, konser salonlar\u0131, parklar\u0131 ve di\u011fer turistik mekanlar\u0131 ile \u00fcnl\u00fcd\u00fcr. Cleveland Sanat M\u00fczesi, Rock and Roll Hall of Fame, Great Lakes Bilim Merkezi ve Severance Hall, \u015fehirdeki en pop\u00fcler turistik mekanlardan birka\u00e7\u0131d\u0131r.<\/p>\n<p>\u015eehrin tarihi ve k\u00fclt\u00fcrel zenginliklerine ek olarak, Cleveland heyecan verici bir spor \u015fehridir. \u015eehirde, Cleveland Indians beyzbol tak\u0131m\u0131, Cleveland Browns futbol tak\u0131m\u0131 ve Cleveland Cavaliers basketbol tak\u0131m\u0131 gibi bir\u00e7ok profesyonel spor tak\u0131m\u0131 bulunmaktad\u0131r. Bu tak\u0131mlar\u0131n ev sahipli\u011fi yapt\u0131\u011f\u0131 ma\u00e7lar, \u015fehrin turistleri ve yerli halk\u0131 taraf\u0131ndan b\u00fcy\u00fck ilgi g\u00f6rmektedir.<\/p>\n<p>Cleveland&#039;\u0131n e\u011flence sekt\u00f6r\u00fc de olduk\u00e7a geli\u015fmi\u015ftir. East 4th Street, Tremont, Ohio City ve di\u011fer mahallelerde bir\u00e7ok restoran, bar ve kul\u00fcp bulunmaktad\u0131r. Bu mekanlar, lezzetli yemekler, yerel bira ve canl\u0131 m\u00fczik gibi se\u00e7enekleriyle turistleri cezbetmektedir.<\/p>\n<p>Sonu\u00e7 olarak, Cleveland, k\u00fclt\u00fcr, tarih, spor ve e\u011flence a\u00e7\u0131s\u0131ndan zengin bir \u015fehirdir. Geleneksel sanayi \u015fehri kimli\u011fini korurken, yenilik\u00e7i ve modern y\u00f6nleriyle de turistleri kendine \u00e7ekmektedir.<\/p>\n<p><strong>Tarihi: <\/strong>Cleveland&#039;\u0131n kurulu\u015fu, Amerika Birle\u015fik Devletleri&#039;nin ba\u011f\u0131ms\u0131zl\u0131\u011f\u0131n\u0131 ilan etmesinden yakla\u015f\u0131k 20 y\u0131l sonra, 1796 y\u0131l\u0131nda ger\u00e7ekle\u015fti. \u015eehir, Erie G\u00f6l\u00fc&#039;n\u00fcn kuzey k\u0131y\u0131s\u0131nda bulunan bir yerle\u015fim yeriydi. \u015eehrin kurucusu, Kuzeybat\u0131 Topraklar\u0131&#039;ndaki ilk avukatlardan biri olan Moses Cleaveland&#039;d\u0131.<\/p>\n<p>Cleveland ve bir grup ke\u015fif\u00e7i, 1796 y\u0131l\u0131nda \u015fehrin bulundu\u011fu b\u00f6lgeye geldi. Cleaveland ve ekibi, b\u00f6lgedeki topraklar\u0131 inceledikten sonra, bu b\u00f6lgenin bir \u015fehir kurmak i\u00e7in uygun oldu\u011funa karar verdiler. \u015eehrin ilk yerle\u015fimcileri, tar\u0131m ve ticaret faaliyetleriyle u\u011fra\u015farak, \u015fehrin ekonomisini geli\u015ftirdiler. 19.y\u00fczy\u0131l\u0131n ortalar\u0131nda, \u015fehir, Ohio Nehri boyunca geli\u015fen bir ticaret merkezi haline geldi. Cleveland, Erie G\u00f6l\u00fc&#039;n\u00fcn ticari gemileri i\u00e7in bir liman olarak hizmet verdi ve demiryollar\u0131n\u0131n in\u015fas\u0131yla da b\u00fcy\u00fck bir ula\u015f\u0131m merkezi haline geldi. Ayr\u0131ca, 19. y\u00fczy\u0131l\u0131n sonlar\u0131nda, \u015fehir, petrol, \u00e7elik, lastik ve di\u011fer end\u00fcstrilerin merkezi haline geldi. 20. y\u00fczy\u0131l\u0131n ortalar\u0131nda, Cleveland da di\u011fer Amerikan sanayi \u015fehirleri gibi ekonomik durgunluklar ya\u015fand\u0131. Kent merkezi bo\u015falt\u0131ld\u0131 ve n\u00fcfus azalmaya ba\u015flad\u0131. Ancak son y\u0131llarda, \u015fehirde turizm, sa\u011fl\u0131k, yarat\u0131c\u0131 end\u00fcstriler ve di\u011fer sekt\u00f6rlerin geli\u015fmesiyle birlikte, \u015fehir yeniden canland\u0131. \u015eehrin tarihi dokusu ve turistik yerleri, \u015fehri turistler i\u00e7in \u00e7ekici hale getirdi.<\/p>\n<p><strong>N\u00fcfusu:<\/strong> 367.991 (2021 y\u0131l\u0131 verilerine g\u00f6re)<br \/>\n<strong>Y\u00fcz \u00d6l\u00e7\u00fcm\u00fc:<\/strong> 213,5 km\u00b2<\/p>\n<p><strong>\u0130klim:<\/strong> Cleveland, karasal iklim ve nemli subtropikal iklimin birle\u015fti\u011fi bir b\u00f6lgede yer al\u0131r. Yazlar\u0131 s\u0131cak ve nemli, k\u0131\u015flar\u0131 so\u011fuk ve kar ya\u011f\u0131\u015fl\u0131 ge\u00e7er. Yaz mevsiminde, ortalama s\u0131cakl\u0131k 26\u00b0C civar\u0131ndad\u0131r. K\u0131\u015f mevsiminde ise s\u0131cakl\u0131k genellikle donma noktas\u0131n\u0131n alt\u0131ndad\u0131r ve ortalama s\u0131cakl\u0131k -3\u00b0C&#039;dir. Cleveland&#039;da k\u0131\u015f aylar\u0131nda bol kar ya\u011f\u0131\u015f\u0131 g\u00f6r\u00fcl\u00fcr.<\/p>\n<p><img loading=\"lazy\" decoding=\"async\" src=\"https:\/\/amerikadil.com\/wp-content\/uploads\/2023\/03\/Cleveland-Iklim.png\" alt=\"\" width=\"900\" height=\"300\" class=\"alignnone size-full wp-image-672\" srcset=\"https:\/\/amerikadil.com\/wp-content\/uploads\/2023\/03\/Cleveland-Iklim.png 900w, https:\/\/amerikadil.com\/wp-content\/uploads\/2023\/03\/Cleveland-Iklim-300x100.png 300w, https:\/\/amerikadil.com\/wp-content\/uploads\/2023\/03\/Cleveland-Iklim-768x256.png 768w\" sizes=\"auto, (max-width: 900px) 100vw, 900px\" \/><\/p>\n<p>Sonbahar aylar\u0131 \u0131l\u0131k ve genellikle g\u00fcne\u015fli ge\u00e7er, ilkbahar aylar\u0131 ise \u0131l\u0131k ve ya\u011f\u0131\u015fl\u0131 olabilir. Cleveland&#039;da hava durumu h\u0131zl\u0131 bir \u015fekilde de\u011fi\u015febilir ve birka\u00e7 saat i\u00e7inde farkl\u0131 mevsimlerin ya\u015fanmas\u0131 m\u00fcmk\u00fcnd\u00fcr.<\/p>\n<p><strong>Ula\u015f\u0131m:<\/strong> Cleveland&#039;da toplu ta\u015f\u0131ma, Greater Cleveland Regional Transit Authority (RTA) taraf\u0131ndan<br \/>\nsa\u011flan\u0131r. RTA, otob\u00fcs, tren, hafif rayl\u0131 tren (tramvay) ve \u015fehir i\u00e7i vapur hizmetleri sunar. Tren hatlar\u0131, \u015fehrin farkl\u0131 b\u00f6lgeleri aras\u0131nda h\u0131zl\u0131 bir \u015fekilde seyahat etmenize olanak tan\u0131r. Hafif rayl\u0131 tren (tramvay) hatlar\u0131, \u015fehrin bat\u0131 yakas\u0131ndaki Cuyahoga Nehri boyunca hizmet vermektedir. Cuyahoga Nehri; y\u00fcr\u00fcy\u00fc\u015f, bisiklet ve kano binmek i\u00e7in ideal bir aland\u0131r.<\/p>\n<p>Cleveland, ABD&#039;nin en b\u00fcy\u00fck otoyol a\u011f\u0131na sahip \u015fehirlerinden biridir. Cleveland&#039;\u0131n merkezinde yer alan ve kuzey-g\u00fcney do\u011frultusunda uzanan I-77 ve do\u011fu-bat\u0131 do\u011frultusunda uzanan I-90 otoyollar\u0131, \u015fehirdeki trafi\u011fi y\u00f6nlendirir. Ayr\u0131ca, Cleveland&#039;da bisiklet yollar\u0131 da bulunmaktad\u0131r ve bisikletle \u015fehirde seyahat etmek, sa\u011fl\u0131kl\u0131 ve \u00e7evre dostu bir se\u00e7enektir.<\/p>\n<p>Cleveland Hopkins Uluslararas\u0131 Havaliman\u0131, \u015fehir merkezinin 20 kilometre g\u00fcneybat\u0131s\u0131nda yer al\u0131r ve \u015fehirle di\u011fer yerler aras\u0131nda hava yolu ula\u015f\u0131m\u0131 sa\u011flar. Ayr\u0131ca, \u015fehirdeki di\u011fer \u00f6nemli ula\u015f\u0131m merkezleri aras\u0131nda Cleveland Tren \u0130stasyonu, Greyhound Otob\u00fcs Terminali yer al\u0131r.<\/p>\n<p><strong>Yemek K\u00fclt\u00fcr\u00fc:<\/strong> Cleveland&#039;da yerel yemekler aras\u0131nda Pierogi isimli bir Polonya mant\u0131s\u0131, Corned Beef denilen bir t\u00fcr et yeme\u011fi ve Polish Boy ad\u0131 verilen bir sosisli sandvi\u00e7 bulunur. Ayr\u0131ca, Sauerkraut Balls isimli tur\u015fu toplar\u0131, Lake Erie Perch ad\u0131 verilen g\u00f6l levre\u011fi ve Potato Pancakes ad\u0131 verilen patates pancake&#039;leri de Cleveland mutfa\u011f\u0131n\u0131n di\u011fer pop\u00fcler \u00f6rnekleridir.<\/p>\n<p>Cleveland, d\u00fcnya mutfaklar\u0131 konusunda da olduk\u00e7a \u00e7e\u015fitlidir. \u00d6zellikle \u0130talyan, Yunan, \u00c7in, Japon, Hint, Kore ve Meksika mutfa\u011f\u0131na ait yemeklerin bulundu\u011fu restoranlar yayg\u0131nd\u0131r. Ayr\u0131ca, \u015fehirde vegan, vejetaryen ve glutensiz yemekler sunan restoranlar da mevcuttur. Cleveland&#039;da yemek yemek i\u00e7in bir\u00e7ok se\u00e7enek vard\u0131r. Little Italy ve AsiaTown gibi \u015fehrin etnik mahalleleri, farkl\u0131 mutfaklara ait restoranlar ve kafeler sunar. West Side Market, yerel \u00fcr\u00fcnlerin ve yerel yemeklerin sat\u0131ld\u0131\u011f\u0131 bir kapal\u0131 pazar alan\u0131d\u0131r. Cleveland&#039;\u0131n &quot;E. 4th Street&quot; b\u00f6lgesi, l\u00fcks restoranlar, barlar ve kafelerin yer ald\u0131\u011f\u0131 pop\u00fcler bir yeme- i\u00e7me noktas\u0131d\u0131r.<\/p>\n<p>Ayr\u0131ca, Cleveland&#039;\u0131n &quot;Rock and Roll Hall of Fame&quot; gibi turistik yerleri, bir\u00e7ok restoran ve kafe se\u00e7ene\u011fi sunmaktad\u0131r. Bu turistik yerlerde, yerel lezzetlerin yan\u0131 s\u0131ra, fast food zincirleri ve uluslararas\u0131 restoranlar da bulunmaktad\u0131r.<\/p>\n<p><strong>Turistik Mekanlar:<\/strong> Cleveland&#039;\u0131n en \u00fcnl\u00fc turistik mekanlar\u0131ndan biri olan Rock and Roll Hall of Fame; Rock m\u00fczik tarihine ait bir\u00e7ok eseri bar\u0131nd\u0131ran bir m\u00fczedir, m\u00fczik severlerin ve tarih merakl\u0131lar\u0131n\u0131n ilgisini \u00e7ekmektedir.<\/p>\n<p>\u0130\u00e7erisinde 45.000&#039;den fazla eser bar\u0131nd\u0131ran Cleveland Sanat M\u00fczesi, sanat tutkunlar\u0131 i\u00e7in olduk\u00e7a pop\u00fcler bir yerdir. M\u00fcze, \u00f6zellikle antik ve \u00e7a\u011fda\u015f sanat eserleri ile \u00fcnl\u00fcd\u00fcr. Ayr\u0131ca; Asya, Afrika, Amerika yerli halklar\u0131 ve Avrupa k\u00fclt\u00fcrlerine ait eserler, Antik \u00e7a\u011f sanat\u0131, \u0130slam sanat\u0131 ve modern sanat eserleri de yer almaktad\u0131r.<\/p>\n<p>West Side Market; Cleveland&#039;\u0131n en eski pazarlar\u0131ndan biridir. Burada yerel lezzetlerin yan\u0131 s\u0131ra, peynirler, etler, deniz \u00fcr\u00fcnleri ve taze sebzeler gibi bir\u00e7ok yerel \u00fcr\u00fcn bulunmaktad\u0131r.<\/p>\n<p><img loading=\"lazy\" decoding=\"async\" src=\"https:\/\/amerikadil.com\/wp-content\/uploads\/2023\/03\/Cleveland-gezilecek-yerler.png\" alt=\"\" width=\"900\" height=\"450\" class=\"alignnone size-full wp-image-673\" srcset=\"https:\/\/amerikadil.com\/wp-content\/uploads\/2023\/03\/Cleveland-gezilecek-yerler.png 900w, https:\/\/amerikadil.com\/wp-content\/uploads\/2023\/03\/Cleveland-gezilecek-yerler-300x150.png 300w, https:\/\/amerikadil.com\/wp-content\/uploads\/2023\/03\/Cleveland-gezilecek-yerler-768x384.png 768w\" sizes=\"auto, (max-width: 900px) 100vw, 900px\" \/><\/p>\n<p>Cleveland Browns, \u015fehrin yerel NFL tak\u0131m\u0131d\u0131r. Tak\u0131m\u0131n ma\u00e7lar\u0131n\u0131 izlemek, \u015fehrin yerel futbol k\u00fclt\u00fcr\u00fcn\u00fc ke\u015ffetmek isteyen turistler i\u00e7in ilgin\u00e7 bir deneyim olabilir. Burada, ziyaret\u00e7ilerin Amerikan futboluna dair bir deneyim ya\u015famalar\u0131n\u0131 sa\u011flamak i\u00e7in turistik bir mekan olarak da kullan\u0131labilir. Stadyum turu d\u00fczenlenerek ziyaret\u00e7iler stadyumu gezebilir ve Cleveland Browns tak\u0131m\u0131n\u0131n tarihini \u00f6\u011frenebilir.<\/p>\n<p>Playhouse Square, tiyatro oyunlar\u0131, m\u00fczikaller ve di\u011fer canl\u0131 performanslar i\u00e7in m\u00fckemmel bir yerdir. Bu alan, \u00e7evredeki restoranlar, barlar ve di\u011fer e\u011flence se\u00e7enekleriyle birlikte bir gece e\u011flencesi i\u00e7in idealdir.<\/p>\n<p>Cleveland&#039;da ayr\u0131ca Lake Erie k\u0131y\u0131s\u0131nda yer alan plajlar, Downtown&#039;da bulunan tiyatro ve e\u011flence merkezleri, Cleveland Science Center ve Crawford Auto-Aviation Museum gibi bir\u00e7ok di\u011fer turistik mekan da bulunmaktad\u0131r.<\/p>\n<\/div>\n\t\t\t\t<\/div>\n\t\t\t\t<\/div>\n\t\t\t\t\t<\/div>\n\t\t<\/div>\n\t\t\t\t\t\t\t<\/div>\n\t\t<\/section>\n\t\t\t\t\t\t\t<\/div>\n\t\t","protected":false},"excerpt":{"rendered":"<p>Cleveland<\/p>\n","protected":false},"author":1,"featured_media":0,"parent":0,"menu_order":0,"comment_status":"closed","ping_status":"closed","template":"","meta":{"footnotes":""},"class_list":["post-670","page","type-page","status-publish","hentry"],"_links":{"self":[{"href":"https:\/\/amerikadil.com\/index.php?rest_route=\/wp\/v2\/pages\/670","targetHints":{"allow":["GET"]}}],"collection":[{"href":"https:\/\/amerikadil.com\/index.php?rest_route=\/wp\/v2\/pages"}],"about":[{"href":"https:\/\/amerikadil.com\/index.php?rest_route=\/wp\/v2\/types\/page"}],"author":[{"embeddable":true,"href":"https:\/\/amerikadil.com\/index.php?rest_route=\/wp\/v2\/users\/1"}],"replies":[{"embeddable":true,"href":"https:\/\/amerikadil.com\/index.php?rest_route=%2Fwp%2Fv2%2Fcomments&post=670"}],"version-history":[{"count":3,"href":"https:\/\/amerikadil.com\/index.php?rest_route=\/wp\/v2\/pages\/670\/revisions"}],"predecessor-version":[{"id":676,"href":"https:\/\/amerikadil.com\/index.php?rest_route=\/wp\/v2\/pages\/670\/revisions\/676"}],"wp:attachment":[{"href":"https:\/\/amerikadil.com\/index.php?rest_route=%2Fwp%2Fv2%2Fmedia&parent=670"}],"curies":[{"name":"wp","href":"https:\/\/api.w.org\/{rel}","templated":true}]}}