{"id":661,"date":"2023-02-28T17:37:40","date_gmt":"2023-02-28T14:37:40","guid":{"rendered":"https:\/\/amerikadil.com\/?page_id=661"},"modified":"2023-02-28T17:41:50","modified_gmt":"2023-02-28T14:41:50","slug":"findlay-amerika-sehir-rehberi","status":"publish","type":"page","link":"https:\/\/amerikadil.com\/?page_id=661","title":{"rendered":"Findlay \u2013 Amerika \u2013 \u015eehir Rehberi"},"content":{"rendered":"\t\t<div data-elementor-type=\"wp-page\" data-elementor-id=\"661\" class=\"elementor elementor-661\">\n\t\t\t\t\t\t\t\t\t<section class=\"elementor-section elementor-top-section elementor-element elementor-element-dadd8b9 elementor-section-boxed elementor-section-height-default elementor-section-height-default\" data-id=\"dadd8b9\" data-element_type=\"section\">\n\t\t\t\t\t\t<div class=\"elementor-container elementor-column-gap-default\">\n\t\t\t\t\t<div class=\"elementor-column elementor-col-100 elementor-top-column elementor-element elementor-element-f4c24fc\" data-id=\"f4c24fc\" data-element_type=\"column\">\n\t\t\t<div class=\"elementor-widget-wrap elementor-element-populated\">\n\t\t\t\t\t\t\t\t<div class=\"elementor-element elementor-element-d945ade elementor-widget elementor-widget-image\" data-id=\"d945ade\" data-element_type=\"widget\" data-widget_type=\"image.default\">\n\t\t\t\t<div class=\"elementor-widget-container\">\n\t\t\t<style>\/*! elementor - v3.11.1 - 15-02-2023 *\/\n.elementor-widget-image{text-align:center}.elementor-widget-image a{display:inline-block}.elementor-widget-image a img[src$=\".svg\"]{width:48px}.elementor-widget-image img{vertical-align:middle;display:inline-block}<\/style>\t\t\t\t\t\t\t\t\t\t\t\t<img loading=\"lazy\" decoding=\"async\" width=\"400\" height=\"300\" src=\"https:\/\/amerikadil.com\/wp-content\/uploads\/2023\/02\/Findlay.png\" class=\"attachment-medium_large size-medium_large wp-image-662\" alt=\"\" srcset=\"https:\/\/amerikadil.com\/wp-content\/uploads\/2023\/02\/Findlay.png 400w, https:\/\/amerikadil.com\/wp-content\/uploads\/2023\/02\/Findlay-300x225.png 300w\" sizes=\"auto, (max-width: 400px) 100vw, 400px\" \/>\t\t\t\t\t\t\t\t\t\t\t\t\t\t\t<\/div>\n\t\t\t\t<\/div>\n\t\t\t\t\t<\/div>\n\t\t<\/div>\n\t\t\t\t\t\t\t<\/div>\n\t\t<\/section>\n\t\t\t\t<section class=\"elementor-section elementor-top-section elementor-element elementor-element-4a333d7 elementor-section-boxed elementor-section-height-default elementor-section-height-default\" data-id=\"4a333d7\" data-element_type=\"section\">\n\t\t\t\t\t\t<div class=\"elementor-container elementor-column-gap-default\">\n\t\t\t\t\t<div class=\"elementor-column elementor-col-100 elementor-top-column elementor-element elementor-element-b069e84\" data-id=\"b069e84\" data-element_type=\"column\">\n\t\t\t<div class=\"elementor-widget-wrap elementor-element-populated\">\n\t\t\t\t\t\t\t\t<div class=\"elementor-element elementor-element-0c8d8e2 elementor-widget elementor-widget-heading\" data-id=\"0c8d8e2\" data-element_type=\"widget\" data-widget_type=\"heading.default\">\n\t\t\t\t<div class=\"elementor-widget-container\">\n\t\t\t<style>\/*! elementor - v3.11.1 - 15-02-2023 *\/\n.elementor-heading-title{padding:0;margin:0;line-height:1}.elementor-widget-heading .elementor-heading-title[class*=elementor-size-]>a{color:inherit;font-size:inherit;line-height:inherit}.elementor-widget-heading .elementor-heading-title.elementor-size-small{font-size:15px}.elementor-widget-heading .elementor-heading-title.elementor-size-medium{font-size:19px}.elementor-widget-heading .elementor-heading-title.elementor-size-large{font-size:29px}.elementor-widget-heading .elementor-heading-title.elementor-size-xl{font-size:39px}.elementor-widget-heading .elementor-heading-title.elementor-size-xxl{font-size:59px}<\/style><h2 class=\"elementor-heading-title elementor-size-default\">Findlay<\/h2>\t\t<\/div>\n\t\t\t\t<\/div>\n\t\t\t\t\t<\/div>\n\t\t<\/div>\n\t\t\t\t\t\t\t<\/div>\n\t\t<\/section>\n\t\t\t\t<section class=\"elementor-section elementor-top-section elementor-element elementor-element-ae85431 elementor-section-boxed elementor-section-height-default elementor-section-height-default\" data-id=\"ae85431\" data-element_type=\"section\">\n\t\t\t\t\t\t<div class=\"elementor-container elementor-column-gap-default\">\n\t\t\t\t\t<div class=\"elementor-column elementor-col-100 elementor-top-column elementor-element elementor-element-a025840\" data-id=\"a025840\" data-element_type=\"column\">\n\t\t\t<div class=\"elementor-widget-wrap elementor-element-populated\">\n\t\t\t\t\t\t\t\t<div class=\"elementor-element elementor-element-d25582c elementor-widget elementor-widget-wp-widget-text\" data-id=\"d25582c\" data-element_type=\"widget\" data-widget_type=\"wp-widget-text.default\">\n\t\t\t\t<div class=\"elementor-widget-container\">\n\t\t\t\t\t\t<div class=\"textwidget\"><p>Findlay, Ohio&#8217;nun kuzeybat\u0131s\u0131nda yer almaktad\u0131r ve yakla\u015f\u0131k 42.000 n\u00fcfusa sahiptir. \u015eehir, Hancock County&#8217;nin y\u00f6netim merkezidir ve k\u00fc\u00e7\u00fck bir \u015fehir olmas\u0131na ra\u011fmen, bir\u00e7ok ilgi \u00e7ekici yere sahiptir.<\/p>\n<p>Findlay, d\u00fcnyaca \u00fcnl\u00fc &#8220;Marathon Petroleum Company&#8221;nin merkezidir ve \u015fehir, Marathon Oil Refinery taraf\u0131ndan desteklenmektedir. \u015eehirde bir\u00e7ok sanayi i\u015fletmesi ve tar\u0131m faaliyet\u00e7ili\u011fi de bulunmaktad\u0131r. Findlay, \u015fehir merkezindeki tarihi evler ve i\u015fletmelerle dolu bir dizi tarihi mekan sunmaktad\u0131r.<\/p>\n<p>Findlay ayr\u0131ca \u00e7e\u015fitli a\u00e7\u0131k hava etkinlikleri i\u00e7in pop\u00fcler bir \u015fehirdir. \u015eehir, Riverbend gibi birka\u00e7 parka sahiptir. Riverside Park, Bisiklet Yolu ve Riverside Meydan\u0131, \u015fehirde turistler ve yerliler aras\u0131nda pop\u00fcler olan yerler aras\u0131ndad\u0131r.<\/p>\n<p>Ayr\u0131ca \u015fehir, y\u0131l boyunca bir\u00e7ok etkinlik ve festivale ev sahipli\u011fi yapar. Bunlardan baz\u0131lar\u0131, Haziran ay\u0131nda ger\u00e7ekle\u015fen Flag City BalloonFest ve Eyl\u00fcl ay\u0131ndaki Riverside Wine Festivali&#8217;dir.<\/p>\n<p>Genel olarak, Findlay, k\u00fc\u00e7\u00fck bir \u015fehir olmas\u0131na ra\u011fmen, g\u00fc\u00e7l\u00fc i\u015f ve sanayi yap\u0131s\u0131na sahiptir. Tarihi yerler, a\u00e7\u0131k hava etkinlikleri ve festivaller gibi bir\u00e7ok turistik yerleri ve faaliyetleriyle turistler i\u00e7in ilgi \u00e7ekici bir yerdir.<\/p>\n<p><strong>Tarihi:<\/strong> Findlay, 2012 y\u0131l\u0131nda 200. Kurulu\u015f y\u0131l\u0131n\u0131 kutlayan bir \u015fehirdir. \u015eehrin tarihi, 1821&#8217;de bir grup ke\u015fif\u00e7i ve yerle\u015fimcinin Ohio Nehri&#8217;nde bir yer ararken buray\u0131 ke\u015ffetmesiyle ba\u015flam\u0131\u015ft\u0131r. Bu b\u00f6lgedeki arazinin, do\u011fal kaynaklar\u0131n ve nehirlerin \u00f6nemini fark eden ke\u015fif\u00e7iler, burada bir yerle\u015fim yeri kurmaya karar verdiler. \u015eehir, 1828 y\u0131l\u0131nda resmi olarak kuruldu ve James Findlay&#8217;in ad\u0131n\u0131 ald\u0131. James Findlay, bir politikac\u0131 ve Ohio eyaletinin temsilcisiydi ve Hancock County&#8217;nin ilk posta yolu memuruydu.<\/p>\n<p>\u015eehir, 19. y\u00fczy\u0131lda \u00f6nemli bir ticaret merkezi haline geldi ve \u00f6zellikle tar\u0131m \u00fcr\u00fcnleri,\u00e7ama\u015f\u0131r tahtas\u0131 ve k\u0131rtasiye malzemeleri \u00fcretimiyle \u00fcn kazand\u0131. 20.y\u00fczy\u0131lda, Findlay ekonomisi petrol ve do\u011fal gaz end\u00fcstrisinin geli\u015fmesiyle b\u00fcy\u00fcmeye devam etti. \u015eehir, Fortune 100 \u015firketlerinden olan Marathon Petroleum Company ve Cooper Tire gibi \u00f6nemli \u015firketlere ev sahipli\u011fi yapmaktad\u0131r.<\/p>\n<p><strong>N\u00fcfus:<\/strong> 42.000<br \/>\n<strong>Y\u00fcz \u00d6l\u00e7\u00fcm\u00fc:<\/strong> 51.21\u00a0km\u00b2<\/p>\n<p><strong>\u0130klim:<\/strong> Ohio eyaletindeki Findlay \u015fehrinin iklimi tipik olarak k\u0131tasal iklim olarak s\u0131n\u0131fland\u0131r\u0131l\u0131r. Bu iklim tipinde, yazlar s\u0131cak ve nemli, k\u0131\u015flar ise so\u011fuk ve kar ya\u011f\u0131\u015fl\u0131d\u0131r. Ayr\u0131ca, mevsimler aras\u0131nda s\u0131cakl\u0131k farklar\u0131 olduk\u00e7a y\u00fcksektir. Temmuz ve A\u011fustos aylar\u0131nda ortalama s\u0131cakl\u0131k 25-30\u00b0C aras\u0131ndad\u0131r. Bu aylarda ya\u011f\u0131\u015f da olduk\u00e7a s\u0131k g\u00f6r\u00fcl\u00fcr. Sonbahar, genellikle \u0131l\u0131mand\u0131r. Aral\u0131k ve Ocak aylar\u0131nda ortalama s\u0131cakl\u0131k genellikle -10\u00b0C ila 0\u00b0C aras\u0131ndad\u0131r. Kar ya\u011f\u0131\u015f\u0131 s\u0131k g\u00f6r\u00fcl\u00fcr ve baz\u0131 y\u0131llar olduk\u00e7a yo\u011fun olabilir. \u0130lkbahar, genellikle \u0131l\u0131man ve ya\u011f\u0131\u015fl\u0131d\u0131r.<\/p>\n<p>Her mevsim i\u00e7in uygun giysiler getirmek \u00f6nerilir. Genel olarak, \u015fehirde y\u0131l boyunca de\u011fi\u015fen hava ko\u015fullar\u0131na haz\u0131rl\u0131kl\u0131 olmak \u00f6nemlidir.<\/p>\n<p><img loading=\"lazy\" decoding=\"async\" class=\"alignnone size-full wp-image-663\" src=\"https:\/\/amerikadil.com\/wp-content\/uploads\/2023\/02\/Findlay-Iklim.png\" alt=\"\" width=\"900\" height=\"450\" srcset=\"https:\/\/amerikadil.com\/wp-content\/uploads\/2023\/02\/Findlay-Iklim.png 900w, https:\/\/amerikadil.com\/wp-content\/uploads\/2023\/02\/Findlay-Iklim-300x150.png 300w, https:\/\/amerikadil.com\/wp-content\/uploads\/2023\/02\/Findlay-Iklim-768x384.png 768w\" sizes=\"auto, (max-width: 900px) 100vw, 900px\" \/><\/p>\n<p>S\u0131cak ve \u0131l\u0131k havay\u0131 tercih eden turistler a\u00e7\u0131s\u0131ndan Findlay \u015fehrine ziyaretin en iyi zaman\u0131 Haziran ortas\u0131ndan Eyl\u00fcl ortas\u0131na kadard\u0131r.<\/p>\n<p><strong>Ula\u015f\u0131m:<\/strong> Findlay, ABD&#8217;nin Orta Bat\u0131 b\u00f6lgesinde yer almaktad\u0131r. \u015eehir, b\u00fcy\u00fck bir karayolu a\u011f\u0131na sahiptir ve ABD Otoyolu 75, ABD Otoyolu 68 ve ABD Otoyolu 224 gibi \u00f6nemli karayollar\u0131 \u015fehrin merkezinden ge\u00e7er. Findlay, ayn\u0131 zamanda Hancock Topluluk Ula\u015f\u0131m Sistemi (Hancock Community Transit System) adl\u0131 bir toplu ta\u015f\u0131ma sistemi de sunmaktad\u0131r. Bu sistem, \u015fehirdeki bir\u00e7ok noktaya d\u00fczenli olarak otob\u00fcs hizmeti sa\u011flamaktad\u0131r. Findlay, ayr\u0131ca bisiklet yollar\u0131, y\u00fcr\u00fcy\u00fc\u015f yollar\u0131 ve do\u011fal alanlar\u0131 i\u00e7eren geni\u015f bir park sistemi ile \u00fcnl\u00fcd\u00fcr. Bu nedenle, \u015fehirde bisiklet ve y\u00fcr\u00fcy\u00fc\u015f gibi aktif ula\u015f\u0131m y\u00f6ntemleri de pop\u00fclerdir.<\/p>\n<p><strong>Yemek K\u00fclt\u00fcr\u00fc:<\/strong> Findlay&#039;da, tipik Amerikan yemeklerinin yan\u0131 s\u0131ra pizza, pasta ve \u0130talyan lezzetlerinin tad\u0131n\u0131 \u00e7\u0131karabilece\u011finiz birka\u00e7 \u0130talyan restoran\u0131 bulunmaktad\u0131r. Asya mutfa\u011f\u0131 sevenler i\u00e7in, \u00f6zellikle sushi ve \u00c7in yemekleri sunan restoranlar da mevcuttur. Meksika yemekleri deneyimlemek isteyenler i\u00e7in \u00e7e\u015fitli restoranlardan tacos, burritos, enchiladas ve di\u011fer geleneksel Meksika yemekleri tad\u0131labilir.<\/p>\n<p>Findlay ayr\u0131ca bir\u00e7ok ulusal ve yerel zincir restoran\u0131na ev sahipli\u011fi yapmaktad\u0131r. Fast food restoranlar\u0131 aras\u0131nda McDonald&#039;s, Burger King, Wendy&#039;s, Taco Bell ve Subway gibi ulusal zincirler bulunmaktad\u0131r. Ayr\u0131ca, Applebee&#039;s, Olive Garden, Red Lobster, Outback Steakhouse gibi zincir restoranlar da mevcuttur.<\/p>\n<p>\u00d6zetle, Findlay&#039;da geni\u015f bir yelpazede yemek se\u00e7ene\u011fi sunan restoranlar ve kafeler mevcuttur. Ayr\u0131ca, yerel publar ve kafelerde, rahat ve \u015fehrin insan\u0131n\u0131 tan\u0131man\u0131za y\u00f6nelik bir yemek yeme deneyimi sunar.<\/p>\n<p><strong>Turistik Mekanlar:<\/strong> Findlay&#039;in merkezinde yer alan Riverside Park, \u015fehrin en pop\u00fcler parklar\u0131ndan biridir. Burada y\u00fcr\u00fcy\u00fc\u015f yapabilir, bisiklet s\u00fcrebilir, piknik yapabilir, bal\u0131k tutabilir ve kay\u0131k kiralayabilirsiniz. Findlay Reservoir ise bir ba\u015fka do\u011fal g\u00fczellikleri ile \u00fcnl\u00fc konumdur. Burada y\u00fcr\u00fcy\u00fc\u015f yapabilir, do\u011fa g\u00f6zlemi yapabilir ve piknik yapabilirsiniz.<\/p>\n<p>Mazza Museum, \u00e7ocuk kitaplar\u0131na adanm\u0131\u015f bir m\u00fczedir. M\u00fcze, d\u00fcnya genelinden \u00e7ocuk kitaplar\u0131na adanm\u0131\u015f en b\u00fcy\u00fck koleksiyonlardan birini bar\u0131nd\u0131rmaktad\u0131r.<\/p>\n<p>Jones Mansion, tarihi bir yap\u0131d\u0131r ve Findlay tarihine ili\u015fkin bir\u00e7ok sergiye ev sahipli\u011fi yapmaktad\u0131r. Ayr\u0131ca, burada d\u00fczenli olarak m\u00fczik konserleri ve di\u011fer etkinlikler de d\u00fczenlenmektedir. Hancock Historical Museum\u2019da ise, Findlay&#039;in tarihini sergileyen bir m\u00fczedir. \u015eehrin tarihi ve geli\u015fimi hakk\u0131nda bilgi sahibi olmak i\u00e7in bu m\u00fczeyi gezebilirisiniz. M\u00fczede, \u015fehir ve b\u00f6lge tarihi hakk\u0131nda bir\u00e7ok sergi ve koleksiyon bulunmaktad\u0131r.<\/p>\n<p>Findlay&#039;de gezilebilecek di\u011fer yerler aras\u0131nda Litzenberg Memorial Woods, Red Hawk Run Golf Club, Ohio Northern University gezilebilir ve Riverside Wine Festival gibi festivaller d\u00fczenlenmektedir.<\/p>\n<\/div>\n\t\t\t\t<\/div>\n\t\t\t\t<\/div>\n\t\t\t\t\t<\/div>\n\t\t<\/div>\n\t\t\t\t\t\t\t<\/div>\n\t\t<\/section>\n\t\t\t\t\t\t\t<\/div>\n\t\t","protected":false},"excerpt":{"rendered":"<p>Findlay<\/p>\n","protected":false},"author":1,"featured_media":0,"parent":0,"menu_order":0,"comment_status":"closed","ping_status":"closed","template":"","meta":{"footnotes":""},"class_list":["post-661","page","type-page","status-publish","hentry"],"_links":{"self":[{"href":"https:\/\/amerikadil.com\/index.php?rest_route=\/wp\/v2\/pages\/661","targetHints":{"allow":["GET"]}}],"collection":[{"href":"https:\/\/amerikadil.com\/index.php?rest_route=\/wp\/v2\/pages"}],"about":[{"href":"https:\/\/amerikadil.com\/index.php?rest_route=\/wp\/v2\/types\/page"}],"author":[{"embeddable":true,"href":"https:\/\/amerikadil.com\/index.php?rest_route=\/wp\/v2\/users\/1"}],"replies":[{"embeddable":true,"href":"https:\/\/amerikadil.com\/index.php?rest_route=%2Fwp%2Fv2%2Fcomments&post=661"}],"version-history":[{"count":3,"href":"https:\/\/amerikadil.com\/index.php?rest_route=\/wp\/v2\/pages\/661\/revisions"}],"predecessor-version":[{"id":666,"href":"https:\/\/amerikadil.com\/index.php?rest_route=\/wp\/v2\/pages\/661\/revisions\/666"}],"wp:attachment":[{"href":"https:\/\/amerikadil.com\/index.php?rest_route=%2Fwp%2Fv2%2Fmedia&parent=661"}],"curies":[{"name":"wp","href":"https:\/\/api.w.org\/{rel}","templated":true}]}}