{"id":651,"date":"2023-02-28T17:22:15","date_gmt":"2023-02-28T14:22:15","guid":{"rendered":"https:\/\/amerikadil.com\/?page_id=651"},"modified":"2023-02-28T17:25:44","modified_gmt":"2023-02-28T14:25:44","slug":"bangor-amerika-sehir-rehberi","status":"publish","type":"page","link":"https:\/\/amerikadil.com\/?page_id=651","title":{"rendered":"Bangor \u2013 Amerika \u2013 \u015eehir Rehberi"},"content":{"rendered":"\t\t<div data-elementor-type=\"wp-page\" data-elementor-id=\"651\" class=\"elementor elementor-651\">\n\t\t\t\t\t\t\t\t\t<section class=\"elementor-section elementor-top-section elementor-element elementor-element-ce8dfe2 elementor-section-boxed elementor-section-height-default elementor-section-height-default\" data-id=\"ce8dfe2\" data-element_type=\"section\">\n\t\t\t\t\t\t<div class=\"elementor-container elementor-column-gap-default\">\n\t\t\t\t\t<div class=\"elementor-column elementor-col-100 elementor-top-column elementor-element elementor-element-4a1efe5\" data-id=\"4a1efe5\" data-element_type=\"column\">\n\t\t\t<div class=\"elementor-widget-wrap elementor-element-populated\">\n\t\t\t\t\t\t\t\t<div class=\"elementor-element elementor-element-a1bd748 elementor-widget elementor-widget-image\" data-id=\"a1bd748\" data-element_type=\"widget\" data-widget_type=\"image.default\">\n\t\t\t\t<div class=\"elementor-widget-container\">\n\t\t\t<style>\/*! elementor - v3.11.1 - 15-02-2023 *\/\n.elementor-widget-image{text-align:center}.elementor-widget-image a{display:inline-block}.elementor-widget-image a img[src$=\".svg\"]{width:48px}.elementor-widget-image img{vertical-align:middle;display:inline-block}<\/style>\t\t\t\t\t\t\t\t\t\t\t\t<img loading=\"lazy\" decoding=\"async\" width=\"400\" height=\"300\" src=\"https:\/\/amerikadil.com\/wp-content\/uploads\/2023\/02\/Bangor.png\" class=\"attachment-large size-large wp-image-652\" alt=\"\" srcset=\"https:\/\/amerikadil.com\/wp-content\/uploads\/2023\/02\/Bangor.png 400w, https:\/\/amerikadil.com\/wp-content\/uploads\/2023\/02\/Bangor-300x225.png 300w\" sizes=\"auto, (max-width: 400px) 100vw, 400px\" \/>\t\t\t\t\t\t\t\t\t\t\t\t\t\t\t<\/div>\n\t\t\t\t<\/div>\n\t\t\t\t\t<\/div>\n\t\t<\/div>\n\t\t\t\t\t\t\t<\/div>\n\t\t<\/section>\n\t\t\t\t<section class=\"elementor-section elementor-top-section elementor-element elementor-element-8d1cb80 elementor-section-boxed elementor-section-height-default elementor-section-height-default\" data-id=\"8d1cb80\" data-element_type=\"section\">\n\t\t\t\t\t\t<div class=\"elementor-container elementor-column-gap-default\">\n\t\t\t\t\t<div class=\"elementor-column elementor-col-100 elementor-top-column elementor-element elementor-element-7e7bf66\" data-id=\"7e7bf66\" data-element_type=\"column\">\n\t\t\t<div class=\"elementor-widget-wrap elementor-element-populated\">\n\t\t\t\t\t\t\t\t<div class=\"elementor-element elementor-element-0701ed3 elementor-widget elementor-widget-heading\" data-id=\"0701ed3\" data-element_type=\"widget\" data-widget_type=\"heading.default\">\n\t\t\t\t<div class=\"elementor-widget-container\">\n\t\t\t<style>\/*! elementor - v3.11.1 - 15-02-2023 *\/\n.elementor-heading-title{padding:0;margin:0;line-height:1}.elementor-widget-heading .elementor-heading-title[class*=elementor-size-]>a{color:inherit;font-size:inherit;line-height:inherit}.elementor-widget-heading .elementor-heading-title.elementor-size-small{font-size:15px}.elementor-widget-heading .elementor-heading-title.elementor-size-medium{font-size:19px}.elementor-widget-heading .elementor-heading-title.elementor-size-large{font-size:29px}.elementor-widget-heading .elementor-heading-title.elementor-size-xl{font-size:39px}.elementor-widget-heading .elementor-heading-title.elementor-size-xxl{font-size:59px}<\/style><h2 class=\"elementor-heading-title elementor-size-default\">Bangor<\/h2>\t\t<\/div>\n\t\t\t\t<\/div>\n\t\t\t\t\t<\/div>\n\t\t<\/div>\n\t\t\t\t\t\t\t<\/div>\n\t\t<\/section>\n\t\t\t\t<section class=\"elementor-section elementor-top-section elementor-element elementor-element-a237441 elementor-section-boxed elementor-section-height-default elementor-section-height-default\" data-id=\"a237441\" data-element_type=\"section\">\n\t\t\t\t\t\t<div class=\"elementor-container elementor-column-gap-default\">\n\t\t\t\t\t<div class=\"elementor-column elementor-col-100 elementor-top-column elementor-element elementor-element-6da0e19\" data-id=\"6da0e19\" data-element_type=\"column\">\n\t\t\t<div class=\"elementor-widget-wrap elementor-element-populated\">\n\t\t\t\t\t\t\t\t<div class=\"elementor-element elementor-element-b7b16bd elementor-widget elementor-widget-wp-widget-text\" data-id=\"b7b16bd\" data-element_type=\"widget\" data-widget_type=\"wp-widget-text.default\">\n\t\t\t\t<div class=\"elementor-widget-container\">\n\t\t\t\t\t\t<div class=\"textwidget\"><p>Amerika Birle\u015fik Devletleri&#039;nin Maine eyaletinde yer alan bir \u015fehirdir. Penobscot County il\u00e7esinin merkezi olan Bangor, eyaletin do\u011fusundaki en b\u00fcy\u00fck \u015fehirlerden biridir.<\/p>\n<p>Do\u011fal g\u00fczellikleriyle \u00fcnl\u00fc bir b\u00f6lgede yer al\u0131r. \u015eehir, Penobscot Nehri&#039;nin yak\u0131n\u0131ndad\u0131r ve \u00e7evresinde geni\u015f ormanl\u0131k alanlar ve g\u00f6ller bulunmaktad\u0131r. Bu nedenle, \u015fehir, do\u011fa y\u00fcr\u00fcy\u00fc\u015fleri, bal\u0131k av\u0131 ve di\u011fer a\u00e7\u0131k hava etkinlikleri i\u00e7in m\u00fckemmel bir merkezdir.<\/p>\n<p>Ayn\u0131 zamanda k\u00fclt\u00fcrel etkinlikleri ve tarihi yerleriyle de \u00fcnl\u00fcd\u00fcr. \u015eehirde bir\u00e7ok m\u00fcze, galeri ve tiyatro bulunur. Bangor&#039;a \u00f6zg\u00fc bir\u00e7ok el sanat\u0131, yemek ve bira mevcuttur.<\/p>\n<p>Ayr\u0131ca, Bangor, eyaletin en \u00f6nemli ula\u015f\u0131m merkezlerinden biridir. Bangor Uluslararas\u0131 Havaalan\u0131, \u015fehre ve \u00e7evredeki b\u00f6lgelere hava yoluyla kolayca ula\u015fman\u0131z\u0131 sa\u011flar. \u015eehir, Interstate 95 otoyolu ve di\u011fer ana yollar\u0131n kesi\u015fti\u011fi bir noktada yer almaktad\u0131r.<\/p>\n<p>Sonu\u00e7 olarak, Bangor, do\u011fal g\u00fczellikleri, k\u00fclt\u00fcrel etkinlikleri ve tarihi yerleriyle Maine&#039;in en cazip \u015fehirlerinden biridir. \u015eehir, do\u011fal bir ortamda dinlenmek ve ayn\u0131 zamanda bir\u00e7ok farkl\u0131 aktiviteye kat\u0131lmak isteyenler i\u00e7in harika bir seyahat noktas\u0131d\u0131r.<\/p>\n<p><strong>Tarihi:<\/strong> Bangor, ormanl\u0131k b\u00f6lgedeki zengin kereste kaynaklar\u0131 nedeniyle 1800&#039;lerde h\u0131zla b\u00fcy\u00fcyen bir liman kenti haline geldi. Ayn\u0131 zamanda, Amerikan \u0130\u00e7 Sava\u015f\u0131 s\u0131ras\u0131nda \u00f6nemli bir askeri \u00fcs olarak kullan\u0131ld\u0131.<\/p>\n<p>19.y\u00fczy\u0131l\u0131n sonlar\u0131na do\u011fru, kereste end\u00fcstrisindeki de\u011fi\u015fiklikler nedeniyle b\u00fcy\u00fck \u00f6l\u00e7\u00fcde de\u011fi\u015fime u\u011frad\u0131. Orman kaynaklar\u0131n\u0131n azalmas\u0131 ve \u015fehrin sanayile\u015fmesi, kereste ticaretini etkiledi ve \u015fehir; yeni end\u00fcstrilerin y\u00fckseli\u015fine adapte olmak zorunda kald\u0131. Bangor, bu d\u00f6nemde geni\u015f bir \u00e7imento ve tu\u011fla \u00fcretimi ger\u00e7ekle\u015ftirdi. Ayn\u0131 zamanda tekstil \u00fcr\u00fcnleri, ayakkab\u0131, giysi, mobilya ve di\u011fer end\u00fcstrilerin y\u00fckseli\u015fi ile birlikte daha \u00e7e\u015fitli hale geldi. 20.y\u00fczy\u0131lda, \u015fehir, di\u011fer eyaletlere ve Kanada&#039;ya ula\u015f\u0131m\u0131 kolayla\u015ft\u0131rmak i\u00e7in \u00f6nemli bir merkez olarak konumland\u0131.<\/p>\n<p>G\u00fcn\u00fcm\u00fczde, Bangor, Maine eyaletinin \u00f6nemli k\u00fclt\u00fcr, ticaret ve turizm merkezidir. \u015eehir, Penobscot Nehri&#039;nin k\u0131y\u0131s\u0131nda yer almaktad\u0131r ve do\u011fal g\u00fczellikleri, yerel yemekleri ve k\u00fclt\u00fcrel etkinlikleri ile tan\u0131n\u0131r. \u015eehir, \u00fcniversiteler, tarihi siteler, m\u00fczeler, galeriler, tiyatrolar ve di\u011fer turistik mekanlar gibi \u00e7e\u015fitli yerlerde ziyaret\u00e7ilerini a\u011f\u0131rlamaktad\u0131r.<\/p>\n<p><strong>N\u00fcfusu:<\/strong> 32,044 (2020 y\u0131l\u0131 verilerine g\u00f6re)<br \/>\n<strong>Y\u00fcz \u00d6l\u00e7\u00fcm\u00fc:<\/strong> 90,6 km\u00b2<\/p>\n<p><strong>\u0130klim:<\/strong> Maine eyaletinin do\u011fusunda yer almas\u0131 sebebiyle k\u0131tasal iklim \u00f6zellikleri g\u00f6sterir. Bangor&#039;un iklimi sert ve so\u011fuktur, k\u0131\u015flar\u0131 \u00e7ok kar ya\u011f\u0131\u015f\u0131 al\u0131rken yazlar\u0131 ise genellikle serindir. Yaz aylar\u0131 \u0131l\u0131k ge\u00e7er ve s\u0131cakl\u0131k ortalama 25\u00b0C&#039;nin alt\u0131nda kal\u0131rken, k\u0131\u015f aylar\u0131 \u00e7ok so\u011fuk ve karl\u0131 ge\u00e7er ve s\u0131cakl\u0131k s\u0131f\u0131r\u0131n alt\u0131nda olabilir. En y\u00fcksek s\u0131cakl\u0131k ortalamas\u0131 Temmuz ay\u0131nda 26\u00b0C iken, en d\u00fc\u015f\u00fck s\u0131cakl\u0131k ortalamas\u0131 Ocak ay\u0131nda -10\u00b0C&#039;ye kadar d\u00fc\u015febilir. \u015eehir, y\u0131l boyunca ya\u011f\u0131\u015fl\u0131d\u0131r ve en y\u00fcksek ya\u011f\u0131\u015f miktar\u0131 genellikle May\u0131s ve Kas\u0131m aylar\u0131 aras\u0131nda d\u00fc\u015fer. Bangor, k\u0131\u015f\u0131n yo\u011fun kar ya\u011f\u0131\u015f\u0131 ald\u0131\u011f\u0131 i\u00e7in, \u015fehirde k\u0131\u015f sporlar\u0131 i\u00e7in bir\u00e7ok f\u0131rsat mevcuttur.<\/p>\n<p><img loading=\"lazy\" decoding=\"async\" src=\"https:\/\/amerikadil.com\/wp-content\/uploads\/2023\/02\/Bangor-Iklim.png\" alt=\"\" width=\"900\" height=\"450\" class=\"alignnone size-full wp-image-653\" srcset=\"https:\/\/amerikadil.com\/wp-content\/uploads\/2023\/02\/Bangor-Iklim.png 900w, https:\/\/amerikadil.com\/wp-content\/uploads\/2023\/02\/Bangor-Iklim-300x150.png 300w, https:\/\/amerikadil.com\/wp-content\/uploads\/2023\/02\/Bangor-Iklim-768x384.png 768w\" sizes=\"auto, (max-width: 900px) 100vw, 900px\" \/><\/p>\n<p>Bangor&#039;da, ilkbahar ve sonbahar aylar\u0131 genellikle ya\u011f\u0131\u015fl\u0131 ve r\u00fczgarl\u0131d\u0131r. S\u0131cakl\u0131k h\u0131zla de\u011fi\u015febilir ve ayn\u0131 g\u00fcn i\u00e7inde birka\u00e7 defa ya\u011f\u0131\u015fl\u0131, r\u00fczgarl\u0131 ve g\u00fcne\u015fli hava g\u00f6zlemlenebilir.<\/p>\n<p>Dolay\u0131s\u0131yla, Bangor&#039;a seyahat edenlerin yanlar\u0131nda her t\u00fcrl\u00fc hava ko\u015fuluna uygun giysileri getirmeleri \u00f6nerilir.<\/p>\n<p><strong>Ula\u015f\u0131m:<\/strong> \u015eehirdeki ana ula\u015f\u0131m ara\u00e7lar\u0131 aras\u0131nda araba, otob\u00fcs, taksi ve bisiklet bulunur. Bangor&#039;da, bir\u00e7ok araba kiralama \u015firketi bulunur ve araba kiralama, \u015fehir merkezi ile havaalan\u0131 aras\u0131nda s\u0131k\u0131 bir ba\u011flant\u0131 sa\u011flar. Ayr\u0131ca, \u015fehirde taksi hizmetleri de mevcuttur ve bir\u00e7ok taksi \u015firketi; \u015fehir merkezi, otogar ve havaalan\u0131 gibi ana yerlere ula\u015f\u0131m sa\u011flamaktad\u0131r. Bangor Uluslararas\u0131 Havaalan\u0131, \u015fehre yakla\u015f\u0131k 5 km uzakl\u0131kta yer al\u0131r ve \u015fehir merkezi ile havaalan\u0131 aras\u0131nda birka\u00e7 taksi ve ara\u00e7 kiralama \u015firketi taraf\u0131ndan havaalan\u0131 transferleri sa\u011flan\u0131r. Bangor, Portland ve Boston aras\u0131nda d\u00fczenli otob\u00fcs seferleri ve tren seferleri de mevcuttur.<\/p>\n<p>\u015eehir i\u00e7i ula\u015f\u0131m i\u00e7in Bangor Area Transit (BAT) adl\u0131 bir toplu ta\u015f\u0131ma sistemi bulunur. BAT, \u015fehirdeki bir\u00e7ok ana yere otob\u00fcs seferleri d\u00fczenlemektedir.<\/p>\n<p>Bangor, ayr\u0131ca bir bisiklet dostu \u015fehirdir ve bisikletle ula\u015f\u0131m olduk\u00e7a pop\u00fclerdir. \u015eehirde, bisiklet yollar\u0131 ve park alanlar\u0131 bulunur ve bisiklet kiralama se\u00e7enekleri de mevcuttur.<\/p>\n<p><strong>Yemek K\u00fclt\u00fcr\u00fc:<\/strong> \u015eehirde, geleneksel Amerikan yemeklerinin yan\u0131 s\u0131ra \u0130talya, Meksika, Asya, \u0130rlanda, Kanada ve di\u011fer mutfaklardan lezzetler sunan bir\u00e7ok restoran bulunur.<\/p>\n<p>Bangor&#039;da, ana yemekler genellikle deniz \u00fcr\u00fcnleri, et yemekleri ve sebzelerden olu\u015fur. Maine hummas\u0131, istakoz, taze somon, \u0131zgara biftek, domuz eti ve tavuk yemekleri en pop\u00fcler yemekler aras\u0131ndad\u0131r. Ayr\u0131ca, \u015fehirdeki bir\u00e7ok restoran, yerel bira ve \u015farap gibi \u015fehre \u00f6zg\u00fc tad\u0131ml\u0131k i\u00e7ecekler de sunmaktad\u0131r.<\/p>\n<p>Downtown Bangor, \u015fehirdeki bir\u00e7ok restoran\u0131n bulundu\u011fu pop\u00fcler bir yerdir. Burada,<br \/>\nBangor\u2019a \u00f6zg\u00fc tatlar sunan restoranlar kadar \u0130talya, Meksika ve di\u011fer mutfaklardan<br \/>\nlezzetler sunan restoranlar da bulunur. En \u00fcnl\u00fc restoranlar aras\u0131nda Sea Dog Brewing Company, Blaze, Timber Kitchen &amp; Bar, Fiddlehead Restaurant, Miguel&#039;s Mexican Restaurant yer al\u0131r. \u015eehirde, kahvalt\u0131, sandvi\u00e7ler ve di\u011fer h\u0131zl\u0131 yemekler sunan yerler de mevcuttur. Ayr\u0131ca, turistler \u015fehirdeki yerel pazarlardan taze meyve, sebze ve di\u011fer yerel lezzetleri de sat\u0131n alabilirler.<\/p>\n<p>Bangor, turistlerin damak tad\u0131na uygun \u00e7e\u015fitli lezzetler sunan geni\u015f bir yemek k\u00fclt\u00fcr\u00fcne sahiptir. \u015eehirdeki restoranlar, geleneksel Amerikan yemeklerinden yerel Maine lezzetlerine, \u0130talya, Meksika, Asya ve di\u011fer mutfaklardan lezzetlere kadar bir\u00e7ok se\u00e7ene\u011fe sahiptir.<\/p>\n<p><strong>Turistik Mekanlar:<\/strong> Maine eyaletinin en b\u00fcy\u00fck \u015fehri olmas\u0131 sebebiyle eyalette bulunan bir\u00e7ok turist gezmek i\u00e7in Bangor\u2019u tercih eder. \u015eehrin kalbinde yer alan Bangor Waterfront, Penobscot Nehri&#039;nin manzaras\u0131na sahip bir parkt\u0131r. Yaz aylar\u0131nda, burada a\u00e7\u0131k hava konserleri, festivaller ve di\u011fer etkinlikler d\u00fczenlenir.<\/p>\n<p>\u00dcnl\u00fc yazar Stephen King&#039;in do\u011fdu\u011fu ev, \u015fehir merkezinde yer almaktad\u0131r. Evin \u00f6n\u00fcndeki bah\u00e7ede, yazar\u0131n romanlar\u0131ndaki karakterlerin heykelleri bulunmaktad\u0131r.<\/p>\n<p><img loading=\"lazy\" decoding=\"async\" src=\"https:\/\/amerikadil.com\/wp-content\/uploads\/2023\/02\/Acadia-National-Park.png\" alt=\"\" width=\"900\" height=\"450\" class=\"alignnone size-full wp-image-654\" srcset=\"https:\/\/amerikadil.com\/wp-content\/uploads\/2023\/02\/Acadia-National-Park.png 900w, https:\/\/amerikadil.com\/wp-content\/uploads\/2023\/02\/Acadia-National-Park-300x150.png 300w, https:\/\/amerikadil.com\/wp-content\/uploads\/2023\/02\/Acadia-National-Park-768x384.png 768w\" sizes=\"auto, (max-width: 900px) 100vw, 900px\" \/><\/p>\n<p>\u015eehirde bulunan Cole Land Transportation M\u00fczesi, eski arabalar, kamyonlar, trenler ve di\u011fer ta\u015f\u0131tlar\u0131n sergilendi\u011fi bir m\u00fczedir.<\/p>\n<p>Bangor&#039;dan sadece bir saatlik mesafede yer alan Acadia Milli Park\u0131, do\u011fal g\u00fczellikleri ve y\u00fcr\u00fcy\u00fc\u015f parkurlar\u0131yla \u00fcnl\u00fcd\u00fcr. Parkta, da\u011f y\u00fcr\u00fcy\u00fc\u015f\u00fc, bisiklet ve kano gibi aktiviteler yap\u0131labilir. Kenduskeag Nehri, Bangor \u015fehir merkezinin yak\u0131n\u0131nda yer al\u0131r ve nehir boyunca yap\u0131lan y\u00fcr\u00fcy\u00fc\u015fler, kanolar ve kano yar\u0131\u015flar\u0131 gibi aktivitelerle ziyaret\u00e7ileri ve her y\u0131l a\u011f\u0131rlanan turistleri cezbetmektedir.<\/p>\n<\/div>\n\t\t\t\t<\/div>\n\t\t\t\t<\/div>\n\t\t\t\t\t<\/div>\n\t\t<\/div>\n\t\t\t\t\t\t\t<\/div>\n\t\t<\/section>\n\t\t\t\t\t\t\t<\/div>\n\t\t","protected":false},"excerpt":{"rendered":"<p>Bangor<\/p>\n","protected":false},"author":1,"featured_media":0,"parent":0,"menu_order":0,"comment_status":"closed","ping_status":"closed","template":"","meta":{"footnotes":""},"class_list":["post-651","page","type-page","status-publish","hentry"],"_links":{"self":[{"href":"https:\/\/amerikadil.com\/index.php?rest_route=\/wp\/v2\/pages\/651","targetHints":{"allow":["GET"]}}],"collection":[{"href":"https:\/\/amerikadil.com\/index.php?rest_route=\/wp\/v2\/pages"}],"about":[{"href":"https:\/\/amerikadil.com\/index.php?rest_route=\/wp\/v2\/types\/page"}],"author":[{"embeddable":true,"href":"https:\/\/amerikadil.com\/index.php?rest_route=\/wp\/v2\/users\/1"}],"replies":[{"embeddable":true,"href":"https:\/\/amerikadil.com\/index.php?rest_route=%2Fwp%2Fv2%2Fcomments&post=651"}],"version-history":[{"count":3,"href":"https:\/\/amerikadil.com\/index.php?rest_route=\/wp\/v2\/pages\/651\/revisions"}],"predecessor-version":[{"id":657,"href":"https:\/\/amerikadil.com\/index.php?rest_route=\/wp\/v2\/pages\/651\/revisions\/657"}],"wp:attachment":[{"href":"https:\/\/amerikadil.com\/index.php?rest_route=%2Fwp%2Fv2%2Fmedia&parent=651"}],"curies":[{"name":"wp","href":"https:\/\/api.w.org\/{rel}","templated":true}]}}