{"id":632,"date":"2023-02-24T11:54:00","date_gmt":"2023-02-24T08:54:00","guid":{"rendered":"https:\/\/amerikadil.com\/?page_id=632"},"modified":"2023-02-24T11:57:49","modified_gmt":"2023-02-24T08:57:49","slug":"orlando-amerika-sehir-rehberi","status":"publish","type":"page","link":"https:\/\/amerikadil.com\/?page_id=632","title":{"rendered":"Orlando \u2013 Amerika \u2013 \u015eehir Rehberi"},"content":{"rendered":"\t\t<div data-elementor-type=\"wp-page\" data-elementor-id=\"632\" class=\"elementor elementor-632\">\n\t\t\t\t\t\t\t\t\t<section class=\"elementor-section elementor-top-section elementor-element elementor-element-dc438fc elementor-section-boxed elementor-section-height-default elementor-section-height-default\" data-id=\"dc438fc\" data-element_type=\"section\">\n\t\t\t\t\t\t<div class=\"elementor-container elementor-column-gap-default\">\n\t\t\t\t\t<div class=\"elementor-column elementor-col-100 elementor-top-column elementor-element elementor-element-be8745c\" data-id=\"be8745c\" data-element_type=\"column\">\n\t\t\t<div class=\"elementor-widget-wrap elementor-element-populated\">\n\t\t\t\t\t\t\t\t<div class=\"elementor-element elementor-element-51827e7 elementor-widget elementor-widget-image\" data-id=\"51827e7\" data-element_type=\"widget\" data-widget_type=\"image.default\">\n\t\t\t\t<div class=\"elementor-widget-container\">\n\t\t\t<style>\/*! elementor - v3.11.1 - 15-02-2023 *\/\n.elementor-widget-image{text-align:center}.elementor-widget-image a{display:inline-block}.elementor-widget-image a img[src$=\".svg\"]{width:48px}.elementor-widget-image img{vertical-align:middle;display:inline-block}<\/style>\t\t\t\t\t\t\t\t\t\t\t\t<img loading=\"lazy\" decoding=\"async\" width=\"400\" height=\"300\" src=\"https:\/\/amerikadil.com\/wp-content\/uploads\/2023\/02\/orlando-1.png\" class=\"attachment-medium_large size-medium_large wp-image-633\" alt=\"\" srcset=\"https:\/\/amerikadil.com\/wp-content\/uploads\/2023\/02\/orlando-1.png 400w, https:\/\/amerikadil.com\/wp-content\/uploads\/2023\/02\/orlando-1-300x225.png 300w\" sizes=\"auto, (max-width: 400px) 100vw, 400px\" \/>\t\t\t\t\t\t\t\t\t\t\t\t\t\t\t<\/div>\n\t\t\t\t<\/div>\n\t\t\t\t\t<\/div>\n\t\t<\/div>\n\t\t\t\t\t\t\t<\/div>\n\t\t<\/section>\n\t\t\t\t<section class=\"elementor-section elementor-top-section elementor-element elementor-element-2dc0772 elementor-section-boxed elementor-section-height-default elementor-section-height-default\" data-id=\"2dc0772\" data-element_type=\"section\">\n\t\t\t\t\t\t<div class=\"elementor-container elementor-column-gap-default\">\n\t\t\t\t\t<div class=\"elementor-column elementor-col-100 elementor-top-column elementor-element elementor-element-e273bc2\" data-id=\"e273bc2\" data-element_type=\"column\">\n\t\t\t<div class=\"elementor-widget-wrap elementor-element-populated\">\n\t\t\t\t\t\t\t\t<div class=\"elementor-element elementor-element-dbdb5a7 elementor-widget elementor-widget-heading\" data-id=\"dbdb5a7\" data-element_type=\"widget\" data-widget_type=\"heading.default\">\n\t\t\t\t<div class=\"elementor-widget-container\">\n\t\t\t<style>\/*! elementor - v3.11.1 - 15-02-2023 *\/\n.elementor-heading-title{padding:0;margin:0;line-height:1}.elementor-widget-heading .elementor-heading-title[class*=elementor-size-]>a{color:inherit;font-size:inherit;line-height:inherit}.elementor-widget-heading .elementor-heading-title.elementor-size-small{font-size:15px}.elementor-widget-heading .elementor-heading-title.elementor-size-medium{font-size:19px}.elementor-widget-heading .elementor-heading-title.elementor-size-large{font-size:29px}.elementor-widget-heading .elementor-heading-title.elementor-size-xl{font-size:39px}.elementor-widget-heading .elementor-heading-title.elementor-size-xxl{font-size:59px}<\/style><h2 class=\"elementor-heading-title elementor-size-default\">Orlando<\/h2>\t\t<\/div>\n\t\t\t\t<\/div>\n\t\t\t\t\t<\/div>\n\t\t<\/div>\n\t\t\t\t\t\t\t<\/div>\n\t\t<\/section>\n\t\t\t\t<section class=\"elementor-section elementor-top-section elementor-element elementor-element-e791e1d elementor-section-boxed elementor-section-height-default elementor-section-height-default\" data-id=\"e791e1d\" data-element_type=\"section\">\n\t\t\t\t\t\t<div class=\"elementor-container elementor-column-gap-default\">\n\t\t\t\t\t<div class=\"elementor-column elementor-col-100 elementor-top-column elementor-element elementor-element-e378a1b\" data-id=\"e378a1b\" data-element_type=\"column\">\n\t\t\t<div class=\"elementor-widget-wrap elementor-element-populated\">\n\t\t\t\t\t\t\t\t<div class=\"elementor-element elementor-element-623a713 elementor-widget elementor-widget-wp-widget-text\" data-id=\"623a713\" data-element_type=\"widget\" data-widget_type=\"wp-widget-text.default\">\n\t\t\t\t<div class=\"elementor-widget-container\">\n\t\t\t\t\t\t<div class=\"textwidget\"><p>Orlando, Amerika Birle\u015fik Devletleri&#039;nin Florida eyaletinde yer alan ve \u00f6zellikle turizm a\u00e7\u0131s\u0131ndan olduk\u00e7a \u00f6nemli bir \u015fehirdir. \u015eehir, Walt Disney World Resort, Universal Orlando Resort, SeaWorld Orlando gibi d\u00fcnyaca \u00fcnl\u00fc tema parklar\u0131 ve turistik yerleri ile me\u015fhurdur. Bu parklar, her y\u0131l milyonlarca turistin ziyaret etti\u011fi alanlard\u0131r. Ayr\u0131ca, Orlando, do\u011fal g\u00fczellikleri ile de \u00fcnl\u00fcd\u00fcr. Yak\u0131nlar\u0131ndaki Everglades Milli Park\u0131, do\u011fal ekosistemi, \u00e7e\u015fitli ku\u015f t\u00fcrleri ve timsahlar\u0131 ile tan\u0131nmaktad\u0131r.<\/p>\n<p>Orlando ayr\u0131ca, tarihi ve k\u00fclt\u00fcrel yerleriyle turistlerin ilgisini \u00e7ekmektedir. \u00d6zellikle Eola G\u00f6l\u00fc Park\u0131, Orlando Science Center ve Orlando Sanat M\u00fczesi, turistlerin ziyaret etti\u011fi \u00f6nemli yerler aras\u0131ndad\u0131r. \u015eehirdeki gece hayat\u0131, barlar\u0131, restoranlar\u0131 ve kul\u00fcpleri ile de \u00fcnl\u00fcd\u00fcr. Ayr\u0131ca, Orlando, konferans ve sergi merkezleri a\u00e7\u0131s\u0131ndan da \u00f6nemlidir.<\/p>\n<p>Orlando&#039;nun turistik yerleri ve kalabal\u0131k n\u00fcfusu, \u015fehirde bir\u00e7ok ula\u015f\u0131m se\u00e7ene\u011fi sunar. Turistler, otob\u00fcs, tren, taksi ve ara\u00e7 kiralama se\u00e7eneklerini kullanarak, \u015fehirde kolayca seyahat edebilirler. Orlando, turistler i\u00e7in tam bir tatil cenneti olmakla birlikte, ayn\u0131 zamanda d\u00fcnya \u00e7ap\u0131nda bir\u00e7ok i\u015fletme ve kurulu\u015fa da ev sahipli\u011fi yapmaktad\u0131r.<\/p>\n<p><strong>Tarihi:<\/strong> Orlando, Amerika Birle\u015fik Devletleri&#039;nin Florida eyaletinde yer alan bir \u015fehir olup, 19. y\u00fczy\u0131l\u0131n ortalar\u0131nda kurulmu\u015ftur. \u015eehrin ismi, Amerika yerlilerinden gelen &quot;Jernigan&quot; ailesi taraf\u0131ndan 1840&#039;larda kurulan k\u00fc\u00e7\u00fck bir \u00e7iftli\u011fe &quot;Orlando&quot; ismi verilmesinden gelmektedir. \u015eehir, 1875&#039;te resmi olarak belediye stat\u00fcs\u00fc ald\u0131. 1880&#039;lere gelindi\u011finde, demiryolu hatlar\u0131n\u0131n yap\u0131lmas\u0131 ile birlikte ticari faaliyetler h\u0131zla geli\u015fti ve \u015fehrin ekonomisi turizme dayal\u0131 hale geldi. 20. y\u00fczy\u0131lda, turizm Orlando&#039;nun ana ekonomik getirisi ve end\u00fcstrisi haline geldi. Disney World ve di\u011fer tema parklar\u0131 \u015fehrin uluslararas\u0131 tan\u0131nmas\u0131na ve ekonomik b\u00fcy\u00fcmesine b\u00fcy\u00fck katk\u0131 sa\u011flad\u0131. \u015eehir, ayn\u0131 zamanda, Cape Canaveral ve Kennedy Uzay Merkezi&#039;nin yak\u0131n olmas\u0131 nedeniyle, Amerika Birle\u015fik Devletleri&#039;nin uzay \u00e7al\u0131\u015fmalar\u0131n\u0131n \u00f6nemli bir merkezi haline de gelmi\u015ftir. <\/p>\n<p>Bug\u00fcn, Orlando, d\u00fcnyan\u0131n d\u00f6rt bir yan\u0131ndan turistlerin ziyaret etti\u011fi \u00f6nemli bir turizm merkezi haline gelmi\u015ftir. Orlando, Florida&#039;n\u0131n en kalabal\u0131k \u015fehirlerinden biri olup, k\u00fclt\u00fcrel, e\u011fitimsel, ticari ve turistik a\u00e7\u0131dan olduk\u00e7a zengin bir merkezdir.<\/p>\n<p><strong>N\u00fcfusu:<\/strong> 300.000 (2021 y\u0131l\u0131 verilerine g\u00f6re)<br \/>\n<strong>Y\u00fcz \u00d6l\u00e7\u00fcm\u00fc: <\/strong>294.6 km\u00b2<\/p>\n<p><strong>\u0130klim:<\/strong> Orlando, Florida eyaletinin g\u00fcney kesiminde yer ald\u0131\u011f\u0131ndan, s\u0131cak ve nemli subtropikal iklime sahiptir. Yazlar\u0131 s\u0131cak ve nemli, k\u0131\u015flar\u0131 ise \u0131l\u0131k ve \u0131l\u0131man ge\u00e7mektedir. Y\u0131l boyunca \u0131l\u0131man bir havaya sahip olan Orlando&#039;da, s\u0131cakl\u0131k genellikle 20-30\u00b0C aras\u0131nda de\u011fi\u015fir.<\/p>\n<p>Yaz aylar\u0131 (Haziran-A\u011fustos), s\u0131cak ve nemli ge\u00e7er. S\u0131cakl\u0131klar 30-35\u00b0C aras\u0131nda de\u011fi\u015febilir ve nem oran\u0131 y\u00fcksek olabilir. Bu d\u00f6nemde \u015fiddetli ya\u011f\u0131\u015flar ve g\u00f6k g\u00fcr\u00fclt\u00fcl\u00fc f\u0131rt\u0131nalar g\u00f6r\u00fclebilmektedir. K\u0131\u015f aylar\u0131 (Aral\u0131k-\u015eubat), genellikle \u0131l\u0131kt\u0131r. S\u0131cakl\u0131k g\u00fcnd\u00fczleri 20\u00b0C civar\u0131nda seyrederken, geceleri s\u0131cakl\u0131klar 10\u00b0C civar\u0131na d\u00fc\u015febilir. K\u0131\u015f aylar\u0131nda \u015fiddetli so\u011fuk hava dalgalar\u0131 nadiren ya\u015fan\u0131r.<\/p>\n<p><img loading=\"lazy\" decoding=\"async\" src=\"https:\/\/amerikadil.com\/wp-content\/uploads\/2023\/02\/iklim-orlando.png\" alt=\"\" width=\"900\" height=\"300\" class=\"alignnone size-full wp-image-634\" srcset=\"https:\/\/amerikadil.com\/wp-content\/uploads\/2023\/02\/iklim-orlando.png 900w, https:\/\/amerikadil.com\/wp-content\/uploads\/2023\/02\/iklim-orlando-300x100.png 300w, https:\/\/amerikadil.com\/wp-content\/uploads\/2023\/02\/iklim-orlando-768x256.png 768w\" sizes=\"auto, (max-width: 900px) 100vw, 900px\" \/><\/p>\n<p>Orlando&#039;da sonbahar ve ilkbahar aylar\u0131 ise genellikle en \u0131l\u0131k d\u00f6nemleri olup, s\u0131cakl\u0131k 20- 25\u00b0C aras\u0131nda de\u011fi\u015fir. Genellikle daha az ya\u011f\u0131\u015fl\u0131 olan bu d\u00f6nemler, turistler i\u00e7in ideal bir seyahat zaman\u0131d\u0131r.<\/p>\n<p>Orlando&#039;nun iklimi ve hava \u015fartlar\u0131, turizm sezonu boyunca olduk\u00e7a \u00f6nemlidir. Yaz aylar\u0131nda yo\u011fun s\u0131cakl\u0131k ve nem oran\u0131, ziyaret\u00e7ilerin konforunu etkileyebilirken, k\u0131\u015f- ilkbahar-sonbahar aylar\u0131nda daha uygun s\u0131cakl\u0131klar, parklara ve a\u00e7\u0131k hava etkinliklerine daha fazla ziyaret\u00e7i \u00e7ekebilir.<\/p>\n<p><strong>Ula\u015f\u0131m:<\/strong> Bir\u00e7ok turist ve ziyaret\u00e7i, Orlando Uluslararas\u0131 Havaliman\u0131&#039;na u\u00e7arak \u015fehre giri\u015f yapar. Havaliman\u0131ndan \u015fehir merkezine, taksiler ve \u00f6zel transferler gibi bir\u00e7ok ula\u015f\u0131m se\u00e7ene\u011fi mevcuttur. Ayr\u0131ca havaliman\u0131ndan oteller aras\u0131nda servisler de d\u00fczenlenmektedir.<\/p>\n<p>Orlando&#039;da toplu ta\u015f\u0131ma ara\u00e7lar\u0131 olarak otob\u00fcsler, trenler ve tramvaylar kullan\u0131lmaktad\u0131r. Lynx adl\u0131 otob\u00fcs \u015firketi, \u015fehir merkezi ve \u00e7evresindeki b\u00f6lgelere hizmet vermektedir. SunRail adl\u0131 tren hatt\u0131, \u015fehir merkezi ile kuzey ve g\u00fcney kesimler aras\u0131nda seferler d\u00fczenlemektedir. Ayr\u0131ca, I-Ride Trolley adl\u0131 tramvay hatt\u0131, turistik yerler ve konaklama tesisleri aras\u0131nda seferler yapmaktad\u0131r.<\/p>\n<p>Bir\u00e7ok turist, Orlando&#039;daki parklar\u0131 ve turistik yerleri ziyaret etmek i\u00e7in araba kiralamay\u0131 tercih eder. \u015eehirdeki ara\u00e7 kiralama \u015firketleri aras\u0131nda Hertz, Avis, Budget, Enterprise ve National gibi ulusal ve yerel \u015firketler bulunmaktad\u0131r. Ancak trafik ve park yeri bulmak bazen sorun olabilir. Ayr\u0131ca, Downtown Orlando&#039;da bulunan bisiklet kiralama istasyonlar\u0131, turistlerin \u015fehri gezmesine olanak sa\u011flar.<\/p>\n<p><strong>Yemek K\u00fclt\u00fcr\u00fc:<\/strong> \u015eehir, d\u00fcnya mutfa\u011f\u0131ndan geleneksel Amerikan yemeklerine kadar bir\u00e7ok se\u00e7enek sunmaktad\u0131r. Orlando&#039;da en pop\u00fcler yemekler aras\u0131nda deniz \u00fcr\u00fcnleri, karides, \u00e7ipura ve \u0131stakoz gibi taze deniz \u00fcr\u00fcnleri yer almaktad\u0131r. \u015eehirde bulunan Rusty Spoon, Soco, Highball &amp; Harvest ve Eddie V&#039;s Prime Seafood gibi restoranlar, deniz \u00fcr\u00fcnleri konusunda ses getirmi\u015f mekanlard\u0131r.<\/p>\n<p>\u015eehirde Meksika, \u0130talyan, \u00c7in, Japon, Kore, Tay ve di\u011fer bir\u00e7ok \u00fclkenin mutfa\u011f\u0131ndan yemekler sunan restoranlar mevcuttur. \u015eehirde ayr\u0131ca geleneksel Amerikan yemekleri sunan restoranlar da vard\u0131r. Bubbalou&#039;s Bodacious Bar-B-Que, 4 Rivers Smokehouse, Black Rooster Taqueria, Beefy King ve White Wolf Cafe gibi restoranlar, geleneksel Amerikan yemekleri sunan en me\u015fhur mekanlardan baz\u0131lar\u0131d\u0131r.<\/p>\n<p>Orlando, turistik yerler ve tema parklar\u0131 ile de \u00fcnl\u00fcd\u00fcr. Bu yerlerde, fast food restoranlar\u0131 ve kafeler de mevcuttur. \u00d6rne\u011fin, Disney World, Universal Studios, SeaWorld ve di\u011fer tema parklar\u0131, farkl\u0131 yemek se\u00e7enekleri sunarlar.<\/p>\n<p>Sonu\u00e7 olarak, Orlando zengin yemek k\u00fclt\u00fcr\u00fc ile turistlerin damak tad\u0131n\u0131 memnun edecek bir\u00e7ok se\u00e7enek sunmaktad\u0131r. \u015eehirde bir\u00e7ok restoran ve yemek se\u00e7ene\u011fi mevcut<br \/>\noldu\u011fundan, ziyaret\u00e7iler farkl\u0131 tatlar\u0131 deneyebilir ve damak zevklerine uygun yemekleri se\u00e7ebilirler.<\/p>\n<p><strong>Turistik Mekanlar:<\/strong> Walt Disney World ismiyle bilinen d\u00fcnyaca \u00fcnl\u00fc e\u011flence park\u0131 Florida eyaletinin ve Orlando\u2019nun g\u00f6z bebeklerinden biridir. D\u00fcnyan\u0131n en b\u00fcy\u00fck e\u011flence parklar\u0131ndan biridir ve pek \u00e7ok farkl\u0131 aktivite sunar, otel, restoran ve ma\u011fazalar\u0131 i\u00e7eren bir komplekstir. Magic Kingdom, Tomorrowland, Fantasy Land, Adventure Land, Frontier Land ve Liberty Square gibi b\u00f6lgeleri i\u00e7erir. Her park farkl\u0131 temalara ve etkinliklere sahiptir. Disney karakterleriyle tan\u0131\u015f\u0131p foto\u011fraf \u00e7ektirebilirsiniz. \u00d6zel etkinlikler her sene d\u00fczenlenir. \u00d6rne\u011fin, Epcot&#039;un Food &amp; Wine Festivali veya Magic Kingdom&#039;un Mickey&#039;s Not-So-Scary Halloween Party gibi etkinliklere kat\u0131labilirsiniz. Fantasmic, Wishes Nighttime Spectacular ve IllumiNations: Reflections of Earth gibi unutulmaz gece \u015fovlar\u0131n\u0131 seyredebilirsiniz.<\/p>\n<p>Deniz ya\u015fam\u0131 g\u00f6sterileri, su kayd\u0131raklar\u0131, hayvan sergileri ve di\u011fer etkinlikleri i\u00e7eren bir su park\u0131 ve hayvanat bah\u00e7esi olan Sea World Orlando\u2019da deniz canl\u0131lar\u0131n\u0131n hayat\u0131n\u0131 ke\u015ffedebilir, \u00e7e\u015fitli hayvanlar\u0131 g\u00f6zlemleyebilirsiniz. Orlando Wetlands Park ise ku\u015f g\u00f6zlemcili\u011fi ve do\u011fal ya\u015fam\u0131n tad\u0131n\u0131 \u00e7\u0131karmak i\u00e7in g\u00fczel bir alternatif olabilmektedir. Orlando&#039;dan Kennedy Uzay Merkezi&#039;ne arabayla yakla\u015f\u0131k 1 saat s\u00fcren bir yolculuk yap\u0131labilir. Ayr\u0131ca, burada turistik turlar da sunulmaktad\u0131r ve baz\u0131 turlar\u0131n Orlando&#039;daki otellerden Kennedy Uzay Merkezi\u2019ne kalk\u0131\u015f\u0131 bulunmaktad\u0131r. Orlando Science Center\u2019da ise sergileri gezebilir, film izleyebilir \u00e7ocuklar bilimsel kamplara kat\u0131labilmektedir.<\/p>\n<\/div>\n\t\t\t\t<\/div>\n\t\t\t\t<\/div>\n\t\t\t\t\t<\/div>\n\t\t<\/div>\n\t\t\t\t\t\t\t<\/div>\n\t\t<\/section>\n\t\t\t\t\t\t\t<\/div>\n\t\t","protected":false},"excerpt":{"rendered":"<p>Orlando<\/p>\n","protected":false},"author":1,"featured_media":0,"parent":0,"menu_order":0,"comment_status":"closed","ping_status":"closed","template":"","meta":{"footnotes":""},"class_list":["post-632","page","type-page","status-publish","hentry"],"_links":{"self":[{"href":"https:\/\/amerikadil.com\/index.php?rest_route=\/wp\/v2\/pages\/632","targetHints":{"allow":["GET"]}}],"collection":[{"href":"https:\/\/amerikadil.com\/index.php?rest_route=\/wp\/v2\/pages"}],"about":[{"href":"https:\/\/amerikadil.com\/index.php?rest_route=\/wp\/v2\/types\/page"}],"author":[{"embeddable":true,"href":"https:\/\/amerikadil.com\/index.php?rest_route=\/wp\/v2\/users\/1"}],"replies":[{"embeddable":true,"href":"https:\/\/amerikadil.com\/index.php?rest_route=%2Fwp%2Fv2%2Fcomments&post=632"}],"version-history":[{"count":3,"href":"https:\/\/amerikadil.com\/index.php?rest_route=\/wp\/v2\/pages\/632\/revisions"}],"predecessor-version":[{"id":637,"href":"https:\/\/amerikadil.com\/index.php?rest_route=\/wp\/v2\/pages\/632\/revisions\/637"}],"wp:attachment":[{"href":"https:\/\/amerikadil.com\/index.php?rest_route=%2Fwp%2Fv2%2Fmedia&parent=632"}],"curies":[{"name":"wp","href":"https:\/\/api.w.org\/{rel}","templated":true}]}}