{"id":622,"date":"2023-02-23T17:46:44","date_gmt":"2023-02-23T14:46:44","guid":{"rendered":"https:\/\/amerikadil.com\/?page_id=622"},"modified":"2023-02-23T17:48:48","modified_gmt":"2023-02-23T14:48:48","slug":"houston-amerika-sehir-rehberi","status":"publish","type":"page","link":"https:\/\/amerikadil.com\/?page_id=622","title":{"rendered":"Houston \u2013 Amerika \u2013 \u015eehir Rehberi"},"content":{"rendered":"\t\t<div data-elementor-type=\"wp-page\" data-elementor-id=\"622\" class=\"elementor elementor-622\">\n\t\t\t\t\t\t\t\t\t<section class=\"elementor-section elementor-top-section elementor-element elementor-element-d889f60 elementor-section-boxed elementor-section-height-default elementor-section-height-default\" data-id=\"d889f60\" data-element_type=\"section\">\n\t\t\t\t\t\t<div class=\"elementor-container elementor-column-gap-default\">\n\t\t\t\t\t<div class=\"elementor-column elementor-col-100 elementor-top-column elementor-element elementor-element-2ea1550\" data-id=\"2ea1550\" data-element_type=\"column\">\n\t\t\t<div class=\"elementor-widget-wrap elementor-element-populated\">\n\t\t\t\t\t\t\t\t<div class=\"elementor-element elementor-element-f99fa3b elementor-widget elementor-widget-image\" data-id=\"f99fa3b\" data-element_type=\"widget\" data-widget_type=\"image.default\">\n\t\t\t\t<div class=\"elementor-widget-container\">\n\t\t\t<style>\/*! elementor - v3.11.1 - 15-02-2023 *\/\n.elementor-widget-image{text-align:center}.elementor-widget-image a{display:inline-block}.elementor-widget-image a img[src$=\".svg\"]{width:48px}.elementor-widget-image img{vertical-align:middle;display:inline-block}<\/style>\t\t\t\t\t\t\t\t\t\t\t\t<img loading=\"lazy\" decoding=\"async\" width=\"400\" height=\"300\" src=\"https:\/\/amerikadil.com\/wp-content\/uploads\/2023\/02\/Houston-1.png\" class=\"attachment-medium_large size-medium_large wp-image-623\" alt=\"\" srcset=\"https:\/\/amerikadil.com\/wp-content\/uploads\/2023\/02\/Houston-1.png 400w, https:\/\/amerikadil.com\/wp-content\/uploads\/2023\/02\/Houston-1-300x225.png 300w\" sizes=\"auto, (max-width: 400px) 100vw, 400px\" \/>\t\t\t\t\t\t\t\t\t\t\t\t\t\t\t<\/div>\n\t\t\t\t<\/div>\n\t\t\t\t\t<\/div>\n\t\t<\/div>\n\t\t\t\t\t\t\t<\/div>\n\t\t<\/section>\n\t\t\t\t<section class=\"elementor-section elementor-top-section elementor-element elementor-element-49aafbc elementor-section-boxed elementor-section-height-default elementor-section-height-default\" data-id=\"49aafbc\" data-element_type=\"section\">\n\t\t\t\t\t\t<div class=\"elementor-container elementor-column-gap-default\">\n\t\t\t\t\t<div class=\"elementor-column elementor-col-100 elementor-top-column elementor-element elementor-element-6fdf25c\" data-id=\"6fdf25c\" data-element_type=\"column\">\n\t\t\t<div class=\"elementor-widget-wrap elementor-element-populated\">\n\t\t\t\t\t\t\t\t<div class=\"elementor-element elementor-element-10e1f6d elementor-widget elementor-widget-heading\" data-id=\"10e1f6d\" data-element_type=\"widget\" data-widget_type=\"heading.default\">\n\t\t\t\t<div class=\"elementor-widget-container\">\n\t\t\t<style>\/*! elementor - v3.11.1 - 15-02-2023 *\/\n.elementor-heading-title{padding:0;margin:0;line-height:1}.elementor-widget-heading .elementor-heading-title[class*=elementor-size-]>a{color:inherit;font-size:inherit;line-height:inherit}.elementor-widget-heading .elementor-heading-title.elementor-size-small{font-size:15px}.elementor-widget-heading .elementor-heading-title.elementor-size-medium{font-size:19px}.elementor-widget-heading .elementor-heading-title.elementor-size-large{font-size:29px}.elementor-widget-heading .elementor-heading-title.elementor-size-xl{font-size:39px}.elementor-widget-heading .elementor-heading-title.elementor-size-xxl{font-size:59px}<\/style><h2 class=\"elementor-heading-title elementor-size-default\">Houston<\/h2>\t\t<\/div>\n\t\t\t\t<\/div>\n\t\t\t\t\t<\/div>\n\t\t<\/div>\n\t\t\t\t\t\t\t<\/div>\n\t\t<\/section>\n\t\t\t\t<section class=\"elementor-section elementor-top-section elementor-element elementor-element-76439de elementor-section-boxed elementor-section-height-default elementor-section-height-default\" data-id=\"76439de\" data-element_type=\"section\">\n\t\t\t\t\t\t<div class=\"elementor-container elementor-column-gap-default\">\n\t\t\t\t\t<div class=\"elementor-column elementor-col-100 elementor-top-column elementor-element elementor-element-78f426d\" data-id=\"78f426d\" data-element_type=\"column\">\n\t\t\t<div class=\"elementor-widget-wrap elementor-element-populated\">\n\t\t\t\t\t\t\t\t<div class=\"elementor-element elementor-element-7a48e19 elementor-widget elementor-widget-wp-widget-text\" data-id=\"7a48e19\" data-element_type=\"widget\" data-widget_type=\"wp-widget-text.default\">\n\t\t\t\t<div class=\"elementor-widget-container\">\n\t\t\t\t\t\t<div class=\"textwidget\"><p>Houston, Teksas eyaletinin g\u00fcneydo\u011fusunda yer alan ve yakla\u015f\u0131k 2.3 milyon n\u00fcfusa sahip olan ABD\u2019nin en b\u00fcy\u00fck d\u00f6rd\u00fcnc\u00fc \u015fehridir. Ayn\u0131 zamanda, NASA&#8217;n\u0131n Johnson Uzay Merkezi Houston&#8217;da bulunmaktad\u0131r. \u015eehir, k\u00fclt\u00fcr ve etnik \u00e7e\u015fitlili\u011fi ile bilinmektedir. Afrikan- Amerikan, Latin, Asya, Ortado\u011fu ve Avrupa k\u00f6kenli bir\u00e7ok insan ya\u015famaktad\u0131r. Bu \u00e7e\u015fitlilik, Houston&#8217;un yemek k\u00fclt\u00fcr\u00fcne de yans\u0131maktad\u0131r. \u015eehirde, G\u00fcney yemekleri, Meksika mutfa\u011f\u0131, Vietnam, \u00c7in, Hint, Orta Do\u011fu, \u0130talyan ve di\u011fer uluslararas\u0131 mutfaklar gibi bir\u00e7ok farkl\u0131 se\u00e7enek sunan \u00e7e\u015fitli restoranlar bulunmaktad\u0131r.<\/p>\n<p>Houston; m\u00fczeler, tiyatrolar, parklar ve di\u011fer turistik yerler ile doludur. Houston Sanat M\u00fczesi, Space Center Houston, Houston Hayvanat Bah\u00e7esi ve Houston Do\u011fal Bilimler M\u00fczesi, \u015fehirde ziyaret edilebilecek pop\u00fcler yerlerdendir. Ayr\u0131ca, \u015fehrin yak\u0131nlar\u0131ndaki Gulf Coast plajlar\u0131 da turistlerin ilgisini \u00e7ekmektedir.<\/p>\n<p>Houston, ayn\u0131 zamanda sporun \u00f6nemli oldu\u011fu bir \u015fehirdir. Houston Rockets NBA tak\u0131m\u0131, Houston Astros MLB tak\u0131m\u0131 ve Houston Texans NFL tak\u0131m\u0131, \u015fehirde bulunan pop\u00fcler spor tak\u0131mlar\u0131d\u0131r. Ayr\u0131ca, Rice \u00dcniversitesi ve Houston \u00dcniversitesi gibi bir\u00e7ok \u00fcniversite de spor programlar\u0131na sahiptir.<\/p>\n<p>Houston, Teksas&#8217;\u0131n canl\u0131 ve hareketli bir \u015fehridir. Zengin k\u00fclt\u00fcrel \u00e7e\u015fitlili\u011fi, turistik yerleri, yemekleri ve spor etkinlikleri ile ziyaret\u00e7ileri cezbeden bir yerdir.<\/p>\n<p><strong>Tarihi:<\/strong> Houston \u015fehrinin kurulu\u015fu, 1836 y\u0131l\u0131na kadar dayanmaktad\u0131r. \u015eehir, Teksas&#8217;\u0131n ba\u011f\u0131ms\u0131zl\u0131\u011f\u0131na \u00f6nc\u00fcl\u00fck eden bir\u00e7ok tarihi olaya ev sahipli\u011fi yapm\u0131\u015ft\u0131r. 1837 y\u0131l\u0131nda resmi olarak Teksas Cumhuriyeti&#8217;nin ba\u015fkenti ilan edildi. Ancak, 1840&#8217;larda Teksas&#8217;\u0131n Amerika Birle\u015fik Devletleri&#8217;ne kat\u0131lmas\u0131ndan sonra Houston, h\u0131zla b\u00fcy\u00fcyen bir ticaret merkezi haline geldi. 20. y\u00fczy\u0131l\u0131n ba\u015flar\u0131nda, petrol ve gaz end\u00fcstrisi Houston&#8217;un ekonomisinde \u00f6nemli bir rol oynamaya ba\u015flad\u0131 ve \u015fehirde \u00e7ok say\u0131da petrol ve gaz \u015firketi kuruldu.<\/p>\n<p>Bununla birlikte, Houston&#8217;un n\u00fcfusu ve ekonomisi 20. y\u00fczy\u0131l\u0131n ortalar\u0131nda patlama ya\u015fad\u0131. \u0130kinci D\u00fcnya Sava\u015f\u0131 sonras\u0131nda, \u015fehir h\u0131zla b\u00fcy\u00fcyerek, enerji sekt\u00f6r\u00fc, havac\u0131l\u0131k, sa\u011fl\u0131k hizmetleri ve uzay end\u00fcstrilerindeki b\u00fcy\u00fck yat\u0131r\u0131mlarla \u00f6nemli bir ekonomik merkez haline geldi. NASA&#8217;n\u0131n Johnson Uzay Merkezi&#8217;nin Houston&#8217;a ta\u015f\u0131nmas\u0131, \u015fehrin uzay end\u00fcstrisi i\u00e7in \u00f6nemli bir merkez haline gelmesine katk\u0131da bulundu.<\/p>\n<p>Bununla birlikte, Houston tarihindeki en b\u00fcy\u00fck felaketlerden biri 2005 y\u0131l\u0131nda ya\u015fand\u0131. B\u00fcy\u00fck bir kas\u0131rga olan Katrina, Houston&#8217;da b\u00fcy\u00fck hasara neden oldu birka\u00e7 ay sonras\u0131nda Rita kas\u0131rgas\u0131 da \u015fiddetli bir hasar b\u0131rakt\u0131 ve binlerce ki\u015finin evsiz kalmas\u0131na sebep oldu. Hurricane Katrina, A\u011fustos 2005&#8217;te Louisiana ve Mississippi eyaletlerine vurdu, ancak ayn\u0131 kas\u0131rga, Houston ve Teksas k\u0131y\u0131 \u015feridini de etkiledi. Kas\u0131rgan\u0131n yol a\u00e7t\u0131\u011f\u0131 a\u015f\u0131r\u0131 ya\u011f\u0131\u015flar nedeniyle, Houston&#8217;da bir\u00e7ok b\u00f6lgede sel ve ta\u015fk\u0131nlar ya\u015fand\u0131. Milyarlarca dolarl\u0131k maddi hasara ra\u011fmen \u015fehir k\u0131sa s\u00fcrede toparland\u0131 ve yeniden yap\u0131land\u0131r\u0131ld\u0131.<\/p>\n<p>G\u00fcn\u00fcm\u00fczde, Houston enerji, havac\u0131l\u0131k, sa\u011fl\u0131k hizmetleri, petrol ve gaz end\u00fcstrisi, teknoloji ve uzay end\u00fcstrisi gibi bir\u00e7ok alanda \u00f6nemli bir ekonomik merkezdir.<\/p>\n<p><strong>N\u00fcfusu:<\/strong> 2.3 milyon (2020 y\u0131l\u0131 verilerine g\u00f6re)<br \/>\n<strong>Y\u00fcz \u00d6l\u00e7\u00fcm\u00fc:<\/strong> 1,651 km\u00b2<\/p>\n<p><strong>\u0130klim:<\/strong> Houston, subtropikal iklim ku\u015fa\u011f\u0131na sahiptir. \u015eehirde y\u0131l boyunca ya\u011f\u0131\u015fl\u0131 bir iklim hakimdir ve \u00f6zellikle yaz aylar\u0131nda s\u0131kl\u0131kla \u015fiddetli ya\u011f\u0131\u015flar g\u00f6r\u00fclebilir. Ayr\u0131ca, Houston, her y\u0131l eyl\u00fcl-ekim aylar\u0131nda, Atlantik Okyanusu&#8217;nun do\u011fusunda olu\u015fan kas\u0131rgalar\u0131n etkisi alt\u0131nda kalma riski ta\u015f\u0131r.<\/p>\n<p>Yaz aylar\u0131, Haziran-Eyl\u00fcl aylar\u0131 aras\u0131nda s\u0131cakl\u0131k ortalamalar\u0131 30\u00b0C&#8217;nin \u00fczerinde olur ve nem oran\u0131 y\u00fcksek oldu\u011fu i\u00e7in olduk\u00e7a nemli hissedilir. K\u0131\u015f aylar\u0131, Aral\u0131k-\u015eubat aylar\u0131 aras\u0131nda \u0131l\u0131k ve nemlidir. Ortalama s\u0131cakl\u0131k bu d\u00f6nemde 10-20\u00b0C aras\u0131nda de\u011fi\u015fir. \u0130lkbahar ve sonbahar aylar\u0131 ise genellikle \u0131l\u0131k ve ya\u011f\u0131\u015fl\u0131 ge\u00e7er. Houston&#8217;da ya\u011f\u0131\u015flar, y\u0131l\u0131n her d\u00f6neminde da\u011f\u0131l\u0131m g\u00f6sterir. En yo\u011fun ya\u011f\u0131\u015flar, Haziran ve Eyl\u00fcl aylar\u0131 aras\u0131nda d\u00fc\u015fmektedir. K\u0131\u015f aylar\u0131nda ise ya\u011f\u0131\u015flar daha azd\u0131r ve genellikle hafif ya\u011fmurlar \u015feklinde olur.<\/p>\n<p>Sonu\u00e7 olarak, Houston&#8217;un iklimi y\u0131l boyunca \u0131l\u0131man ve ya\u011f\u0131\u015fl\u0131d\u0131r. S\u0131cakl\u0131klar genellikle y\u00fcksektir ve nem oran\u0131 y\u00fcksek oldu\u011fundan dolay\u0131 nemli hissedilir. Turistik geziler i\u00e7in hava durumunu dikkate almak \u00f6nemlidir.<\/p>\n<p><strong>Ula\u015f\u0131m:<\/strong> Houston&#8217;da arabayla seyahat etmek olduk\u00e7a yayg\u0131nd\u0131r. \u015eehirde, geni\u015f bir otoyol sistemi bulunmaktad\u0131r ve trafik yo\u011funlu\u011fu saatlere ba\u011fl\u0131 olarak de\u011fi\u015febilir. Houston&#8217;da toplu ta\u015f\u0131ma, METRO ad\u0131 verilen bir kurulu\u015f taraf\u0131ndan sa\u011flanmaktad\u0131r. Metronun hizmetleri aras\u0131nda otob\u00fcsler, light rail (hafif rayl\u0131 sistem) ve BRT (h\u0131zl\u0131 otob\u00fcs) bulunmaktad\u0131r. Ayr\u0131ca, Downtown Houston&#8217;da \u00fccretsiz bir shuttle hizmeti de bulunmaktad\u0131r. Son y\u0131llarda bisiklet kullan\u0131m\u0131n\u0131 te\u015fvik etmek i\u00e7in \u00e7aba g\u00f6steren bir \u015fehirdir. \u015eehirde bir\u00e7ok bisiklet yolu ve bisiklet park\u0131 bulunmaktad\u0131r. Ayr\u0131ca, bisiklet payla\u015f\u0131m sistemleri de bulunmaktad\u0131r. Taksi ve rideshare hizmetleri (Uber ve Lyft gibi) de bulunmaktad\u0131r. Baz\u0131 b\u00f6lgeler y\u00fcr\u00fcy\u00fc\u015f i\u00e7in olduk\u00e7a elveri\u015flidir, \u00f6zellikle Downtown Houston&#8217;da, yaya yollar\u0131 ve ye\u015fil alanlar bulunmaktad\u0131r.<\/p>\n<p>Sonu\u00e7 olarak, Houston&#8217;da bir\u00e7ok ula\u015f\u0131m se\u00e7ene\u011fi mevcuttur. Araba kullan\u0131m\u0131 olduk\u00e7a yayg\u0131n olsa bile toplu ta\u015f\u0131ma, bisiklet, taksi ve y\u00fcr\u00fcy\u00fc\u015f gibi se\u00e7enekler de mevcuttur. Bu se\u00e7eneklerden hangisinin en uygun oldu\u011funa karar vermek i\u00e7in seyahat plan\u0131n\u0131za ve b\u00fct\u00e7enize g\u00f6re de\u011ferlendirme yapman\u0131z gerekmektedir.<\/p>\n<p><img loading=\"lazy\" decoding=\"async\" class=\"alignnone size-full wp-image-624\" src=\"https:\/\/amerikadil.com\/wp-content\/uploads\/2023\/02\/ULASIM-IKLIM.png\" alt=\"\" width=\"900\" height=\"450\" srcset=\"https:\/\/amerikadil.com\/wp-content\/uploads\/2023\/02\/ULASIM-IKLIM.png 900w, https:\/\/amerikadil.com\/wp-content\/uploads\/2023\/02\/ULASIM-IKLIM-300x150.png 300w, https:\/\/amerikadil.com\/wp-content\/uploads\/2023\/02\/ULASIM-IKLIM-768x384.png 768w\" sizes=\"auto, (max-width: 900px) 100vw, 900px\" \/><\/p>\n<p><strong>Yemek K\u00fclt\u00fcr\u00fc:<\/strong> \u015eehir, d\u00fcnya mutfa\u011f\u0131ndan \u00f6rnekler sunan bir\u00e7ok restoran, yemek festivali ve gurme marketleri ile doludur. Houston&#8217;un yemek k\u00fclt\u00fcr\u00fc, Meksika, Texas, Louisiana ve G\u00fcney Amerika&#8217;n\u0131n \u00e7e\u015fitli b\u00f6lgelerinden etkilenmi\u015ftir.<\/p>\n<p>Meksika yemekleri, Houston&#8217;un yemek sahnesinde \u00f6nemli bir yer tutar. \u00d6zellikle, \u015fehirdeki Tex-Mex yemekleri, bir\u00e7ok restoranda bulunabilir. En iyi Meksika yemekleri, \u015fehirdeki &#8220;Taquerias&#8221; ad\u0131 verilen k\u00fc\u00e7\u00fck mekanlarda ve &#8220;Houston Heights&#8221;semtinde bulunabilir.<\/p>\n<p>Texas yemekleri de Houston&#8217;da olduk\u00e7a pop\u00fclerdir. En bilinen yemekler aras\u0131nda barbek\u00fc ve chili con carne yer al\u0131r. Barbek\u00fc restoranlar\u0131, Texas&#8217;ta oldu\u011fu gibi Houston&#8217;da da olduk\u00e7a yayg\u0131nd\u0131r.<\/p>\n<p>Louisiana mutfa\u011f\u0131 da Houston&#8217;da olduk\u00e7a pop\u00fclerdir. \u00d6zellikle, cajun ve creole yemekleri \u00e7ok lezzetlidir. En iyi Louisiana yemekleri, \u015fehirdeki &#8220;Bayou City Seafood &amp; Pasta&#8221; gibi restoranlarda bulunabilir.<\/p>\n<p>G\u00fcney Amerika yemekleri de Houston&#8217;da olduk\u00e7a pop\u00fclerdir. \u00d6zellikle, Argentinian steak ve Brazilian churrasco gibi yemekler \u00e7ok tercih edilir. En iyi G\u00fcney Amerika yemekleri, &#8220;Churrascos&#8221; gibi restoranlarda bulunabilir.<\/p>\n<p>Sonu\u00e7 olarak, Houston, d\u00fcnya mutfa\u011f\u0131ndan \u00f6rnekler sunan bir yemek k\u00fclt\u00fcr\u00fcne sahiptir. Meksika, Texas, Louisiana ve G\u00fcney Amerika yemekleri, \u015fehirde en \u00e7ok tercih edilen yemekler aras\u0131ndad\u0131r. \u015eehirdeki bir\u00e7ok restoran ve yemek festivali, ziyaret\u00e7ilere zengin bir yemek deneyimi sunar.<\/p>\n<p><strong>Turistik Mekanlar:<\/strong> Houston \u015fehri, NASA&#8217;n\u0131n evi olarak da bilinir ve Space Center Houston, ziyaret\u00e7ilere bir\u00e7ok interaktif sergi ve uzay sim\u00fclasyonlar\u0131 g\u00f6sterisi sunmaktad\u0131r. Etkinlik takvimi de olduk\u00e7a kalabal\u0131kt\u0131r. \u0130leri tarihteki etkinlikler i\u00e7in bilet alabilir ve ziyaretinizi daha \u00f6nceden planlayabilirsiniz.<\/p>\n<p>Amerika Birle\u015fik Devletleri&#8217;nin en b\u00fcy\u00fck sanat m\u00fczelerinden biri olan Museum of Fine Arts, d\u00fcnya \u00e7ap\u0131nda \u00f6nemli sanat eserleri koleksiyonuna sahiptir. Bu m\u00fczede bir\u00e7ok sergiyi i\u00e7inde bar\u0131nd\u0131ran Audrey Jones Beck binas\u0131nda antik sanat koleksiyonlar\u0131, Avrupa sanat\u0131, foto\u011fraf\u00e7\u0131l\u0131k, bask\u0131lar ve \u00e7izimler bulunmaktad\u0131r. \u0130\u00e7erisinde bir\u00e7ok bah\u00e7e ve eski yap\u0131 bulunan bu m\u00fczeye tur ile gitmek isterseniz \u00f6nceden rezervasyon yapt\u0131rman\u0131z gereklidir. Ayr\u0131ca b\u00f6lgece bir\u00e7ok yemek yiyebilece\u011finiz kafe bulunmaktad\u0131r fakat m\u00fcze i\u00e7inde veya galerilerde yemek yasakt\u0131r.<\/p>\n<p><img loading=\"lazy\" decoding=\"async\" class=\"alignnone size-full wp-image-625\" src=\"https:\/\/amerikadil.com\/wp-content\/uploads\/2023\/02\/SPACE-CENTER-HOUSTON.png\" alt=\"\" width=\"900\" height=\"300\" srcset=\"https:\/\/amerikadil.com\/wp-content\/uploads\/2023\/02\/SPACE-CENTER-HOUSTON.png 900w, https:\/\/amerikadil.com\/wp-content\/uploads\/2023\/02\/SPACE-CENTER-HOUSTON-300x100.png 300w, https:\/\/amerikadil.com\/wp-content\/uploads\/2023\/02\/SPACE-CENTER-HOUSTON-768x256.png 768w\" sizes=\"auto, (max-width: 900px) 100vw, 900px\" \/><\/p>\n<p>Ayr\u0131ca, Houston&#8217;daki m\u00fcze b\u00f6lgesi, Houston Sanat M\u00fczesi, Do\u011fa Tarihi M\u00fczesi, \u00c7ocuk M\u00fczesi ve Bilim M\u00fczesi gibi bir\u00e7ok farkl\u0131 m\u00fczeyi i\u00e7erir.<\/p>\n<p>Houston Hayvanat Bah\u00e7esi, d\u00fcnya genelindeki en b\u00fcy\u00fck hayvanat bah\u00e7elerinden biridir. 6.000&#8217;den fazla hayvan t\u00fcr\u00fcne ev sahipli\u011fi yapar. Online olarak biletinizi sat\u0131n alabilir ve ziyaretinizi ger\u00e7ekle\u015ftirebilirsiniz, bilet al\u0131m i\u015flemi giri\u015fte yap\u0131lamaz.<\/p>\n<p>Houston Astros&#8217;un ev sahibi oldu\u011fu Minute Maid Park, bir beyzbol stadyumudur. Astros ma\u00e7lar\u0131n\u0131n yan\u0131 s\u0131ra, di\u011fer \u00f6zel etkinliklere de ev sahipli\u011fi yapar. Houston Galleria, 400&#8217;den fazla ma\u011faza, restoran ve e\u011flence mekan\u0131n\u0131 i\u00e7eren bir al\u0131\u015fveri\u015f merkezidir. \u0130\u00e7erisinde geni\u015f bir buz pateni i\u00e7in buz sahas\u0131 bulunmaktad\u0131r.<\/p>\n<\/div>\n\t\t\t\t<\/div>\n\t\t\t\t<\/div>\n\t\t\t\t\t<\/div>\n\t\t<\/div>\n\t\t\t\t\t\t\t<\/div>\n\t\t<\/section>\n\t\t\t\t\t\t\t<\/div>\n\t\t","protected":false},"excerpt":{"rendered":"<p>Houston<\/p>\n","protected":false},"author":1,"featured_media":0,"parent":0,"menu_order":0,"comment_status":"closed","ping_status":"closed","template":"","meta":{"footnotes":""},"class_list":["post-622","page","type-page","status-publish","hentry"],"_links":{"self":[{"href":"https:\/\/amerikadil.com\/index.php?rest_route=\/wp\/v2\/pages\/622","targetHints":{"allow":["GET"]}}],"collection":[{"href":"https:\/\/amerikadil.com\/index.php?rest_route=\/wp\/v2\/pages"}],"about":[{"href":"https:\/\/amerikadil.com\/index.php?rest_route=\/wp\/v2\/types\/page"}],"author":[{"embeddable":true,"href":"https:\/\/amerikadil.com\/index.php?rest_route=\/wp\/v2\/users\/1"}],"replies":[{"embeddable":true,"href":"https:\/\/amerikadil.com\/index.php?rest_route=%2Fwp%2Fv2%2Fcomments&post=622"}],"version-history":[{"count":3,"href":"https:\/\/amerikadil.com\/index.php?rest_route=\/wp\/v2\/pages\/622\/revisions"}],"predecessor-version":[{"id":628,"href":"https:\/\/amerikadil.com\/index.php?rest_route=\/wp\/v2\/pages\/622\/revisions\/628"}],"wp:attachment":[{"href":"https:\/\/amerikadil.com\/index.php?rest_route=%2Fwp%2Fv2%2Fmedia&parent=622"}],"curies":[{"name":"wp","href":"https:\/\/api.w.org\/{rel}","templated":true}]}}