{"id":610,"date":"2023-02-23T13:41:48","date_gmt":"2023-02-23T10:41:48","guid":{"rendered":"https:\/\/amerikadil.com\/?page_id=610"},"modified":"2023-02-23T13:43:23","modified_gmt":"2023-02-23T10:43:23","slug":"las-vegas-amerika-sehir-rehberi","status":"publish","type":"page","link":"https:\/\/amerikadil.com\/?page_id=610","title":{"rendered":"Las Vegas \u2013 Amerika \u2013 \u015eehir Rehberi"},"content":{"rendered":"\t\t<div data-elementor-type=\"wp-page\" data-elementor-id=\"610\" class=\"elementor elementor-610\">\n\t\t\t\t\t\t\t\t\t<section class=\"elementor-section elementor-top-section elementor-element elementor-element-ab51521 elementor-section-boxed elementor-section-height-default elementor-section-height-default\" data-id=\"ab51521\" data-element_type=\"section\">\n\t\t\t\t\t\t<div class=\"elementor-container elementor-column-gap-default\">\n\t\t\t\t\t<div class=\"elementor-column elementor-col-100 elementor-top-column elementor-element elementor-element-65fbc0b\" data-id=\"65fbc0b\" data-element_type=\"column\">\n\t\t\t<div class=\"elementor-widget-wrap elementor-element-populated\">\n\t\t\t\t\t\t\t\t<div class=\"elementor-element elementor-element-43e5589 elementor-widget elementor-widget-image\" data-id=\"43e5589\" data-element_type=\"widget\" data-widget_type=\"image.default\">\n\t\t\t\t<div class=\"elementor-widget-container\">\n\t\t\t<style>\/*! elementor - v3.11.1 - 15-02-2023 *\/\n.elementor-widget-image{text-align:center}.elementor-widget-image a{display:inline-block}.elementor-widget-image a img[src$=\".svg\"]{width:48px}.elementor-widget-image img{vertical-align:middle;display:inline-block}<\/style>\t\t\t\t\t\t\t\t\t\t\t\t<img loading=\"lazy\" decoding=\"async\" width=\"400\" height=\"300\" src=\"https:\/\/amerikadil.com\/wp-content\/uploads\/2023\/02\/Las-Vegas.png\" class=\"attachment-medium_large size-medium_large wp-image-612\" alt=\"\" srcset=\"https:\/\/amerikadil.com\/wp-content\/uploads\/2023\/02\/Las-Vegas.png 400w, https:\/\/amerikadil.com\/wp-content\/uploads\/2023\/02\/Las-Vegas-300x225.png 300w\" sizes=\"auto, (max-width: 400px) 100vw, 400px\" \/>\t\t\t\t\t\t\t\t\t\t\t\t\t\t\t<\/div>\n\t\t\t\t<\/div>\n\t\t\t\t<div class=\"elementor-element elementor-element-95f28f7 elementor-widget elementor-widget-heading\" data-id=\"95f28f7\" data-element_type=\"widget\" data-widget_type=\"heading.default\">\n\t\t\t\t<div class=\"elementor-widget-container\">\n\t\t\t<style>\/*! elementor - v3.11.1 - 15-02-2023 *\/\n.elementor-heading-title{padding:0;margin:0;line-height:1}.elementor-widget-heading .elementor-heading-title[class*=elementor-size-]>a{color:inherit;font-size:inherit;line-height:inherit}.elementor-widget-heading .elementor-heading-title.elementor-size-small{font-size:15px}.elementor-widget-heading .elementor-heading-title.elementor-size-medium{font-size:19px}.elementor-widget-heading .elementor-heading-title.elementor-size-large{font-size:29px}.elementor-widget-heading .elementor-heading-title.elementor-size-xl{font-size:39px}.elementor-widget-heading .elementor-heading-title.elementor-size-xxl{font-size:59px}<\/style><h2 class=\"elementor-heading-title elementor-size-default\">Las Vegas<\/h2>\t\t<\/div>\n\t\t\t\t<\/div>\n\t\t\t\t\t<\/div>\n\t\t<\/div>\n\t\t\t\t\t\t\t<\/div>\n\t\t<\/section>\n\t\t\t\t<section class=\"elementor-section elementor-top-section elementor-element elementor-element-d1ded6e elementor-section-boxed elementor-section-height-default elementor-section-height-default\" data-id=\"d1ded6e\" data-element_type=\"section\">\n\t\t\t\t\t\t<div class=\"elementor-container elementor-column-gap-default\">\n\t\t\t\t\t<div class=\"elementor-column elementor-col-100 elementor-top-column elementor-element elementor-element-6bfa105\" data-id=\"6bfa105\" data-element_type=\"column\">\n\t\t\t<div class=\"elementor-widget-wrap elementor-element-populated\">\n\t\t\t\t\t\t\t\t<div class=\"elementor-element elementor-element-e761ac1 elementor-widget elementor-widget-wp-widget-text\" data-id=\"e761ac1\" data-element_type=\"widget\" data-widget_type=\"wp-widget-text.default\">\n\t\t\t\t<div class=\"elementor-widget-container\">\n\t\t\t\t\t\t<div class=\"textwidget\"><p>Las Vegas, Amerika Birle\u015fik Devletleri&#039;nin Nevada eyaletinde yer alan ve d\u00fcnyaca \u00fcnl\u00fc kumarhaneleri, otelleri, restoranlar\u0131, e\u011flence merkezleri ve gece hayat\u0131 ile tan\u0131nan bir \u015fehirdir. \u015eehir, bir\u00e7ok ki\u015fi taraf\u0131ndan &quot;E\u011flence Ba\u015fkenti&quot; olarak adland\u0131r\u0131l\u0131r ve her y\u0131l milyonlarca turist taraf\u0131ndan ziyaret edilir. Arizona ve California eyaletlerine yak\u0131n bir konumdad\u0131r. Ayn\u0131 zamanda \u00fclkenin en b\u00fcy\u00fck \u015fehirlerinden biri olan Los Angeles&#039;a da yakla\u015f\u0131k 430 kilometre uzakl\u0131ktad\u0131r. Y\u00fcz \u00f6l\u00e7\u00fcm\u00fc a\u00e7\u0131s\u0131ndan Las Vegas, ABD&#039;nin en b\u00fcy\u00fck 28. \u015fehridir. Banliy\u00f6lerle birlikte Las Vegas Metropolitan Alan\u0131&#039;n\u0131n toplam n\u00fcfusu yakla\u015f\u0131k 2,2 milyon ki\u015fidir. Atlanta, d\u00fcnya mutfa\u011f\u0131ndan da bir\u00e7ok se\u00e7enek sunar. \u015eehirdeki restoranlar aras\u0131nda \u0130talyan, \u00c7in, Japon, Kore, Meksika, Tay ve Hint mutfa\u011f\u0131 gibi farkl\u0131 se\u00e7enekler yer al\u0131r. Las Vegas&#039;\u0131n konumu, co\u011frafi olarak bat\u0131da yer alan Nevada eyaletinin g\u00fcneyinde yer almaktad\u0131r. \u015eehir, Amerika Birle\u015fik Devletleri&#039;nin di\u011fer eyaletlerine ve Kaliforniya, Arizona ve Utah gibi \u00e7evre eyaletlere kolay eri\u015fim sa\u011flayan bir noktada yer almaktad\u0131r. Ayr\u0131ca, Las Vegas McCarran Uluslararas\u0131 Havaalan\u0131 da d\u00fcnya \u00e7ap\u0131ndaki bir\u00e7ok \u015fehirden direkt u\u00e7u\u015flar sunmaktad\u0131r.<\/p>\n<p>Las Vegas&#039;\u0131n en ikonik sembol\u00fc, \u015fehrin merkezinde yer alan The Strip&#039;teki devasa otel ve kumarhanelerdir. Burada, d\u00fcnyaca \u00fcnl\u00fc otellerden The Bellagio, The Venetian, The MGM Grand, The Wynn, The Luxor, The Excalibur ve daha bir\u00e7ok l\u00fcks konaklama se\u00e7ene\u011fi mevcuttur. Ayr\u0131ca, her ya\u015ftan ziyaret\u00e7iye hitap eden bir\u00e7ok e\u011flence mekan\u0131 da mevcuttur. Bunlar aras\u0131nda konserler, g\u00f6steriler, al\u0131\u015fveri\u015f merkezleri, su \u015fovlar\u0131 ve \u00e7ok daha fazlas\u0131 yer almaktad\u0131r. Las Vegas ayn\u0131 zamanda Grand Canyon, Hoover Baraj\u0131 ve Death Valley gibi do\u011fal g\u00fczelliklere de yak\u0131n bir konumdad\u0131r. Las Vegas, her ya\u015ftan ziyaret\u00e7i i\u00e7in unutulmaz bir tatil deneyimi sunar.<\/p>\n<p><strong>Tarihi:<\/strong> \u015eehrin ger\u00e7ek anlamda kurulu\u015fu, 1905 y\u0131l\u0131nda Union Pacific Demiryolu&#039;nun bir istasyonunun a\u00e7\u0131lmas\u0131 ve b\u00f6lgede artan n\u00fcfusla birlikte geli\u015fmeye ba\u015flamas\u0131yla ger\u00e7ekle\u015fti. \u015eehir, 1911 y\u0131l\u0131nda resmi olarak kuruldu ve o d\u00f6nemde n\u00fcfusu yakla\u015f\u0131k 1000 ki\u015fiydi.<\/p>\n<p>Las Vegas, 1931 y\u0131l\u0131nda Nevada eyaletinin yasal kumarhane ve bahis mek\u00e2nlar\u0131na izin vermesiyle birlikte \u00f6nemli bir kumarhane ve e\u011flence merkezi haline geldi. B\u00f6lgedeki h\u0131zl\u0131 kentsel geli\u015fim, 1940&#039;larda ba\u015flayan \u00fcnl\u00fc otel ve kumarhane in\u015faatlar\u0131yla birlikte h\u0131z kazand\u0131. Bu d\u00f6nemde yap\u0131lan kumarhaneler ve oteller, \u015fimdiki The Strip&#039;in temelini olu\u015fturdu.<\/p>\n<p>1960&#039;lar\u0131n sonlar\u0131na do\u011fru, Las Vegas \u015fehri, \u015fehri \u00e7evreleyen \u00e7\u00f6l alanlar\u0131nda kurulan banliy\u00f6lerle birlikte h\u0131zl\u0131 bir \u015fekilde b\u00fcy\u00fcmeye devam etti. 1980&#039;lerde \u015fehir, y\u0131lda 30 milyondan fazla turisti a\u011f\u0131rlamaya ba\u015flad\u0131. G\u00fcn\u00fcm\u00fczde, Las Vegas d\u00fcnya genelindeki en \u00fcnl\u00fc kumarhaneler, oteller, e\u011flence merkezleri ve gece hayat\u0131ylair \u015fehir olarak tan\u0131nmaktad\u0131r.<\/p>\n<p><strong>N\u00fcfusu:<\/strong> 646.790 (2021 y\u0131l\u0131 verilerine g\u00f6re)<br \/>\n<strong>Y\u00fcz \u00d6l\u00e7\u00fcm\u00fc:<\/strong> 340 km\u00b2<\/p>\n<p><strong>\u0130klimi:<\/strong> Kumlu \u00e7\u00f6l iklimine sahiptir. Bu, s\u0131cak ve kurak yazlar, \u0131l\u0131k k\u0131\u015flar ve d\u00fc\u015f\u00fck ya\u011f\u0131\u015f miktar\u0131 anlam\u0131na gelir. Yaz aylar\u0131 olduk\u00e7a s\u0131cak ve kurak ge\u00e7er, ortalama s\u0131cakl\u0131k Temmuz ve A\u011fustos aylar\u0131nda 40\u00b0C&#039;nin \u00fczerindedir. K\u0131\u015flar daha \u0131l\u0131k ge\u00e7er, ortalama s\u0131cakl\u0131k Ocak ve \u015eubat aylar\u0131nda 15-20\u00b0C aras\u0131ndad\u0131r. Las Vegas&#039;ta y\u0131l boyunca g\u00fcne\u015fli g\u00fcn say\u0131s\u0131 olduk\u00e7a fazlad\u0131r. \u015eehirde nadiren ya\u011fmur ya\u011far ve kar ya\u011f\u0131\u015f\u0131 neredeyse hi\u00e7 g\u00f6r\u00fclmez. Ancak, k\u0131\u015f aylar\u0131nda da\u011fl\u0131k b\u00f6lgelerdeki kayak merkezlerinde kar ya\u011f\u0131\u015f\u0131 g\u00f6r\u00fclebilir. Las Vegas, \u00f6zellikle k\u0131\u015f aylar\u0131nda daha serin ve r\u00fczgarl\u0131 hava ko\u015fullar\u0131na sahip olabilir, bu nedenle ziyaret\u00e7ilerin yanlar\u0131nda hafif bir ceket veya kazak getirmeleri \u00f6nerilir.<\/p>\n<p><strong>Ula\u015f\u0131m:<\/strong> En pop\u00fcler se\u00e7enekler aras\u0131nda araba kiralamak, taksileri kullanmak, otob\u00fcslerle seyahat etmek veya monoray ve tramvaylarla seyahat etmek gibi se\u00e7enekler bulunmaktad\u0131r. Las Vegas Strip boyunca bisiklet kiralamak m\u00fcmk\u00fcnd\u00fcr, ancak \u015fehir trafi\u011finde bisiklet s\u00fcrmek \u00e7ok zor olabilir ve bu nedenle pek \u00f6nerilmez. Las Vegas&#039;ta toplu ta\u015f\u0131ma se\u00e7enekleri de mevcuttur. RTC (Regional Transportation Commission of Southern Nevada) adl\u0131 yerel toplu ta\u015f\u0131ma \u015firketi, \u015fehir merkezinde ve banliy\u00f6lerde d\u00fczenli olarak otob\u00fcs seferleri bulunmaktad\u0131r. Monoray, Las Vegas Strip&#039;in ana b\u00f6lgesinde seyahat etmek i\u00e7in ideal bir se\u00e7enektir ve Mandalay Bay&#039;den Sahara&#039;ya kadar uzanmaktad\u0131r. Tramvay da CityCenter&#039;dan Bellagio&#039;ya kadar olan bir g\u00fczergah\u0131 takip eder. Las Vegas&#039;ta taksi ve Uber\/Lyft gibi \u015fehirdeki di\u011fer taksi hizmetleri de bulunmaktad\u0131r. Taksilerin bulunmas\u0131 kolayd\u0131r ve \u015fehirde her yerde hizmet vermektedirler.<\/p>\n<p><strong>Yemek K\u00fclt\u00fcr\u00fc:<\/strong> Las Vegas, yemek k\u00fclt\u00fcr\u00fc bak\u0131m\u0131ndan olduk\u00e7a zengin bir \u015fehirdir. \u015eehirde bir\u00e7ok farkl\u0131 mutfak t\u00fcr\u00fcne ait restoranlar ve yemek se\u00e7enekleri bulunmaktad\u0131r. \u00d6zellikle, d\u00fcnya \u00e7ap\u0131nda \u00fcnl\u00fc \u015feflerin yemeklerini sundu\u011fu l\u00fcks restoranlar, Las Vegas&#039;\u0131n gastronomi sahnesinde \u00f6nemli bir yer tutar. Gordon Ramsay Hell&#039;s Kitchen;\u00fcnl\u00fc \u015fef Gordon Ramsay&#039;in \u00f6d\u00fcll\u00fc restoran\u0131d\u0131r ve Paris Las Vegas&#039;ta yer almaktad\u0131r ve men\u00fcs\u00fcnde modern Amerikan mutfa\u011f\u0131 tarz\u0131 bulunmaktad\u0131r.<\/p>\n<p><img loading=\"lazy\" decoding=\"async\" src=\"https:\/\/amerikadil.com\/wp-content\/uploads\/2023\/02\/Las-Vegas-Yemek.png\" alt=\"\" width=\"900\" height=\"450\" class=\"alignnone size-full wp-image-613\" srcset=\"https:\/\/amerikadil.com\/wp-content\/uploads\/2023\/02\/Las-Vegas-Yemek.png 900w, https:\/\/amerikadil.com\/wp-content\/uploads\/2023\/02\/Las-Vegas-Yemek-300x150.png 300w, https:\/\/amerikadil.com\/wp-content\/uploads\/2023\/02\/Las-Vegas-Yemek-768x384.png 768w\" sizes=\"auto, (max-width: 900px) 100vw, 900px\" \/><\/p>\n<p>Ayn\u0131 zamanda klasik Amerikan yemeklerinin de b\u00fcy\u00fck bir yelpazesini sunmaktad\u0131r. Bu yemekler aras\u0131nda hamburger, sosisli sandvi\u00e7, barbek\u00fc ve tavuk kanad\u0131 gibi yiyecekler yer al\u0131r. Ayr\u0131ca, pizza, \u0130talyan makarnalar\u0131, Asya mutfa\u011f\u0131 ve Latin Amerika yemekleri gibi farkl\u0131 mutfak t\u00fcrleri de \u015fehirde pop\u00fclerdir.<\/p>\n<p>\u015eehirde b\u00fcy\u00fck otellerin i\u00e7inde yer alan a\u00e7\u0131k b\u00fcfeler pop\u00fclerdir. Bu a\u00e7\u0131k b\u00fcfelerde bir\u00e7ok farkl\u0131 yemek se\u00e7ene\u011fi sunulur ve yemekler genellikle sabah kahvalt\u0131s\u0131ndan gece yeme\u011fine kadar s\u00fcrekli olarak servis edilir. The Cosmopolitan otelinin gizli bir b\u00f6l\u00fcm\u00fcnde yer alan bu Secret Pizza bunlardan birine \u00f6rnektir, New York tarz\u0131 pizza ve benzersiz pizza \u00e7e\u015fitleri sunar. Hash House A Go Go, Rio All-Suite Hotel &amp; Casino\u2019da yer almaktad\u0131r ve b\u00fcy\u00fck porsiyonlu yemekleriyle tan\u0131nmaktad\u0131r.<\/p>\n<p><strong>Turistik Mekanlar:<\/strong> The Strip adl\u0131 \u00fcnl\u00fc bir caddesi bulunmaktad\u0131r ve bu cadde kumarhaneleri, l\u00fcks otelleri, restoranlar\u0131 ve gece kul\u00fcpleri ile doludur. Bir\u00e7ok ziyaret\u00e7i burada y\u00fcr\u00fcyerek veya tramvayla gezer. High Roller isimli dev d\u00f6nme dolap, bu caddede ziyaret\u00e7ilere Las Vegas manzaras\u0131n\u0131 ku\u015fbak\u0131\u015f\u0131 olarak g\u00f6rme imkan\u0131 sunar. D\u00fcnya \u00e7ap\u0131nda \u00fcnl\u00fc balmumu heykellerinin bir koleksiyonunu i\u00e7eren Madame Tussauds, Las Vegas&#039;ta da ziyaret edilebilir.<\/p>\n<p><img loading=\"lazy\" decoding=\"async\" src=\"https:\/\/amerikadil.com\/wp-content\/uploads\/2023\/02\/red-rock-canyon.png\" alt=\"\" width=\"900\" height=\"300\" class=\"alignnone size-full wp-image-614\" srcset=\"https:\/\/amerikadil.com\/wp-content\/uploads\/2023\/02\/red-rock-canyon.png 900w, https:\/\/amerikadil.com\/wp-content\/uploads\/2023\/02\/red-rock-canyon-300x100.png 300w, https:\/\/amerikadil.com\/wp-content\/uploads\/2023\/02\/red-rock-canyon-768x256.png 768w\" sizes=\"auto, (max-width: 900px) 100vw, 900px\" \/><\/p>\n<p>Mandalay Bay Resort&#039;ta yer alan Shark Reef akvaryumu, bir\u00e7ok egzotik deniz canl\u0131s\u0131 t\u00fcr\u00fcn\u00fc sergilemektedir. Ayr\u0131ca, Las Vegas&#039;\u0131n bat\u0131s\u0131nda yer alan do\u011fal g\u00fczellikleri sergileyen Red Rock Canyon Ulusal Koruma Alan\u0131; da\u011f bisikleti, y\u00fcr\u00fcy\u00fc\u015f, t\u0131rmanma ve piknik yapmak isteyenler i\u00e7in ideal bir yerdir.<\/p>\n<p>Las Vegas&#039;\u0131n tarihi neon \u0131\u015f\u0131kl\u0131 i\u015faretlerinin bir koleksiyonunu i\u00e7eren Neon Museum, \u015fehrin nostaljik havas\u0131n\u0131 yakalamak isteyen ziyaret\u00e7iler i\u00e7in harika bir se\u00e7enektir.<\/p>\n<\/div>\n\t\t\t\t<\/div>\n\t\t\t\t<\/div>\n\t\t\t\t\t<\/div>\n\t\t<\/div>\n\t\t\t\t\t\t\t<\/div>\n\t\t<\/section>\n\t\t\t\t\t\t\t<\/div>\n\t\t","protected":false},"excerpt":{"rendered":"<p>Las Vegas<\/p>\n","protected":false},"author":1,"featured_media":0,"parent":0,"menu_order":0,"comment_status":"closed","ping_status":"closed","template":"","meta":{"footnotes":""},"class_list":["post-610","page","type-page","status-publish","hentry"],"_links":{"self":[{"href":"https:\/\/amerikadil.com\/index.php?rest_route=\/wp\/v2\/pages\/610","targetHints":{"allow":["GET"]}}],"collection":[{"href":"https:\/\/amerikadil.com\/index.php?rest_route=\/wp\/v2\/pages"}],"about":[{"href":"https:\/\/amerikadil.com\/index.php?rest_route=\/wp\/v2\/types\/page"}],"author":[{"embeddable":true,"href":"https:\/\/amerikadil.com\/index.php?rest_route=\/wp\/v2\/users\/1"}],"replies":[{"embeddable":true,"href":"https:\/\/amerikadil.com\/index.php?rest_route=%2Fwp%2Fv2%2Fcomments&post=610"}],"version-history":[{"count":3,"href":"https:\/\/amerikadil.com\/index.php?rest_route=\/wp\/v2\/pages\/610\/revisions"}],"predecessor-version":[{"id":617,"href":"https:\/\/amerikadil.com\/index.php?rest_route=\/wp\/v2\/pages\/610\/revisions\/617"}],"wp:attachment":[{"href":"https:\/\/amerikadil.com\/index.php?rest_route=%2Fwp%2Fv2%2Fmedia&parent=610"}],"curies":[{"name":"wp","href":"https:\/\/api.w.org\/{rel}","templated":true}]}}