{"id":601,"date":"2023-02-22T17:49:57","date_gmt":"2023-02-22T14:49:57","guid":{"rendered":"https:\/\/amerikadil.com\/?page_id=601"},"modified":"2023-02-22T18:02:52","modified_gmt":"2023-02-22T15:02:52","slug":"berkeley-amerika-sehir-rehberi","status":"publish","type":"page","link":"https:\/\/amerikadil.com\/?page_id=601","title":{"rendered":"Berkeley \u2013 Amerika \u2013 \u015eehir Rehberi"},"content":{"rendered":"\t\t<div data-elementor-type=\"wp-page\" data-elementor-id=\"601\" class=\"elementor elementor-601\">\n\t\t\t\t\t\t\t\t\t<section class=\"elementor-section elementor-top-section elementor-element elementor-element-d863554 elementor-section-boxed elementor-section-height-default elementor-section-height-default\" data-id=\"d863554\" data-element_type=\"section\">\n\t\t\t\t\t\t<div class=\"elementor-container elementor-column-gap-default\">\n\t\t\t\t\t<div class=\"elementor-column elementor-col-100 elementor-top-column elementor-element elementor-element-f50e48c\" data-id=\"f50e48c\" data-element_type=\"column\">\n\t\t\t<div class=\"elementor-widget-wrap elementor-element-populated\">\n\t\t\t\t\t\t\t\t<div class=\"elementor-element elementor-element-57ca656 elementor-widget elementor-widget-image\" data-id=\"57ca656\" data-element_type=\"widget\" data-widget_type=\"image.default\">\n\t\t\t\t<div class=\"elementor-widget-container\">\n\t\t\t<style>\/*! elementor - v3.11.1 - 15-02-2023 *\/\n.elementor-widget-image{text-align:center}.elementor-widget-image a{display:inline-block}.elementor-widget-image a img[src$=\".svg\"]{width:48px}.elementor-widget-image img{vertical-align:middle;display:inline-block}<\/style>\t\t\t\t\t\t\t\t\t\t\t\t<img loading=\"lazy\" decoding=\"async\" width=\"400\" height=\"300\" src=\"https:\/\/amerikadil.com\/wp-content\/uploads\/2023\/02\/Berkeley-1.png\" class=\"attachment-medium_large size-medium_large wp-image-602\" alt=\"\" srcset=\"https:\/\/amerikadil.com\/wp-content\/uploads\/2023\/02\/Berkeley-1.png 400w, https:\/\/amerikadil.com\/wp-content\/uploads\/2023\/02\/Berkeley-1-300x225.png 300w\" sizes=\"auto, (max-width: 400px) 100vw, 400px\" \/>\t\t\t\t\t\t\t\t\t\t\t\t\t\t\t<\/div>\n\t\t\t\t<\/div>\n\t\t\t\t\t<\/div>\n\t\t<\/div>\n\t\t\t\t\t\t\t<\/div>\n\t\t<\/section>\n\t\t\t\t<section class=\"elementor-section elementor-top-section elementor-element elementor-element-27f1345 elementor-section-boxed elementor-section-height-default elementor-section-height-default\" data-id=\"27f1345\" data-element_type=\"section\">\n\t\t\t\t\t\t<div class=\"elementor-container elementor-column-gap-default\">\n\t\t\t\t\t<div class=\"elementor-column elementor-col-100 elementor-top-column elementor-element elementor-element-ccc2c39\" data-id=\"ccc2c39\" data-element_type=\"column\">\n\t\t\t<div class=\"elementor-widget-wrap elementor-element-populated\">\n\t\t\t\t\t\t\t\t<div class=\"elementor-element elementor-element-ea0d8e5 elementor-widget elementor-widget-heading\" data-id=\"ea0d8e5\" data-element_type=\"widget\" data-widget_type=\"heading.default\">\n\t\t\t\t<div class=\"elementor-widget-container\">\n\t\t\t<style>\/*! elementor - v3.11.1 - 15-02-2023 *\/\n.elementor-heading-title{padding:0;margin:0;line-height:1}.elementor-widget-heading .elementor-heading-title[class*=elementor-size-]>a{color:inherit;font-size:inherit;line-height:inherit}.elementor-widget-heading .elementor-heading-title.elementor-size-small{font-size:15px}.elementor-widget-heading .elementor-heading-title.elementor-size-medium{font-size:19px}.elementor-widget-heading .elementor-heading-title.elementor-size-large{font-size:29px}.elementor-widget-heading .elementor-heading-title.elementor-size-xl{font-size:39px}.elementor-widget-heading .elementor-heading-title.elementor-size-xxl{font-size:59px}<\/style><h2 class=\"elementor-heading-title elementor-size-default\">Berkeley<\/h2>\t\t<\/div>\n\t\t\t\t<\/div>\n\t\t\t\t\t<\/div>\n\t\t<\/div>\n\t\t\t\t\t\t\t<\/div>\n\t\t<\/section>\n\t\t\t\t<section class=\"elementor-section elementor-top-section elementor-element elementor-element-ec200f8 elementor-section-boxed elementor-section-height-default elementor-section-height-default\" data-id=\"ec200f8\" data-element_type=\"section\">\n\t\t\t\t\t\t<div class=\"elementor-container elementor-column-gap-default\">\n\t\t\t\t\t<div class=\"elementor-column elementor-col-100 elementor-top-column elementor-element elementor-element-05d5d00\" data-id=\"05d5d00\" data-element_type=\"column\">\n\t\t\t<div class=\"elementor-widget-wrap elementor-element-populated\">\n\t\t\t\t\t\t\t\t<div class=\"elementor-element elementor-element-ec6e1fe elementor-widget elementor-widget-wp-widget-text\" data-id=\"ec6e1fe\" data-element_type=\"widget\" data-widget_type=\"wp-widget-text.default\">\n\t\t\t\t<div class=\"elementor-widget-container\">\n\t\t\t\t\t\t<div class=\"textwidget\"><p>San Francisco K\u00f6rfezi&#8217;nin do\u011fu k\u0131y\u0131s\u0131nda yer alan ve Kaliforniya eyaletine ba\u011fl\u0131 olan Berkeley, yakla\u015f\u0131k 122 bin n\u00fcfusu ile San Francisco K\u00f6rfez B\u00f6lgesi&#8217;nin en kalabal\u0131k \u015fehirlerinden biridir. D\u00fcnya \u00e7ap\u0131nda sayg\u0131n bir \u00fcniversite olan University of California, Berkeley&#8217;e ev sahipli\u011fi yapmas\u0131yla bilinir. \u00dcniversitenin kurulu\u015fu 1868 y\u0131l\u0131na dayanmaktad\u0131r ve d\u00fcnya genelindeki sayg\u0131n \u00fcniversiteler aras\u0131nda yer almaktad\u0131r. N\u00fcfusunun \u00e7o\u011funlu\u011fu gen\u00e7lerden olu\u015fur ve Kaliforniya \u00dcniversitesi Berkeley kamp\u00fcs\u00fc de burada yer almaktad\u0131r. \u015eehir ayn\u0131 zamanda bir\u00e7ok etnik gruba ev sahipli\u011fi yapmaktad\u0131r ve toplam n\u00fcfusun yakla\u015f\u0131k % 25&#8217;i Asya k\u00f6kenlidir. \u00d6zellikle siyasi aktivizm tarihi ile tan\u0131nan bu \u015fehir; 1960&#8217;lar\u0131n \u00f6\u011frenci hareketleri, \u00f6zg\u00fcrl\u00fck hareketi ve bar\u0131\u015f hareketi gibi bir\u00e7ok hareketin ba\u015flad\u0131\u011f\u0131 merkezdir. K\u00fclt\u00fcr, sanat ve e\u011flence a\u00e7\u0131s\u0131ndan da olduk\u00e7a zengin bir \u015fehirdir. Berkeley Art Museum &amp; Pacific Film Archive ve Freight and Salvage gibi bir\u00e7ok \u00f6nemli k\u00fclt\u00fcr ve sanat merkezi bulunmaktad\u0131r. \u015eehir, bir\u00e7ok park, bah\u00e7e ve ye\u015fil alanlara sahiptir. Tilden Park, Berkeley Rose Garden ve Codornices Park gibi do\u011fal g\u00fczellikleriyle bilinen mekanlar, \u015fehirde ziyaret edilebilecek yerler aras\u0131ndad\u0131r.<\/p>\n<p>Berkeley, gastronomi a\u00e7\u0131s\u0131ndan da olduk\u00e7a pop\u00fclerdir. \u015eehir, organik ve s\u00fcrd\u00fcr\u00fclebilir g\u0131da hareketinin \u00f6nc\u00fcs\u00fc olarak bilinir. Gurme yemekler sunan restoranlar\u0131, kafe ve f\u0131r\u0131nlar\u0131yla \u00fcnl\u00fcd\u00fcr. \u015eehir, San Francisco K\u00f6rfezi&amp;#39;nin muhte\u015fem manzaras\u0131, tarihi ve k\u00fclt\u00fcrel miras\u0131, do\u011fal g\u00fczellikleri ve zengin gastronomisi ile ziyaret\u00e7ilere e\u015fsiz bir deneyim sunmaktad\u0131r.<\/p>\n<p><strong>Tarihi:<\/strong> 1776&#8217;da \u0130spanyol ke\u015fif gezisi taraf\u0131ndan ke\u015ffedilen \u015fehir, 1850&#8217;de Kaliforniya eyaleti olarak ABD&#8217;ye kat\u0131ld\u0131.<\/p>\n<p>Berkeley, 1866&#8217;da, Kaliforniya \u00dcniversitesi&#8217;ni bir d\u0131\u015f mek\u00e2n kamp\u00fcs\u00fc kurmak amac\u0131yla se\u00e7ildi. \u00dcniversitenin kurulmas\u0131, Berkeley&#8217;nin h\u0131zl\u0131 bir \u015fekilde b\u00fcy\u00fcmesine ve n\u00fcfusun artmas\u0131na sebebiyet verdi. 20. y\u00fczy\u0131l\u0131n ba\u015flar\u0131nda, San Francisco&#8217;nun b\u00fcy\u00fck depreminin ard\u0131ndan, \u015fehirden ka\u00e7an insanlar i\u00e7in Berkeley \u015fehri bir s\u0131\u011f\u0131nak haline geldi.<\/p>\n<p>Berkeley, siyasi aktivizm ve \u00f6zg\u00fcrl\u00fck hareketleriyle de tan\u0131nmaktad\u0131r. 1960&#8217;lar\u0131n \u00f6\u011frenci hareketi, bar\u0131\u015f hareketi ve \u00f6zg\u00fcrl\u00fck hareketi gibi bir\u00e7ok hareket burada ba\u015flad\u0131. \u015eehir, ayr\u0131ca alternatif k\u00fclt\u00fcr\u00fcn bir merkezi olarak da kabul edilir ve \u00e7e\u015fitli politik ve sosyal fikirleri yans\u0131tan say\u0131s\u0131z k\u00fclt\u00fcrel etkinliklere ev sahipli\u011fi yapar. \u015eehrin kendine has bir hiper-yerel kimli\u011fi ve yurtta\u015fl\u0131k bilincini korunurken, uluslararas\u0131 yap\u0131s\u0131 da korunmaktad\u0131r.<\/p>\n<p><strong>N\u00fcfusu:<\/strong> 117.145 (2021 y\u0131l\u0131 verilerine g\u00f6re tahmini)<br \/>\n<strong>Y\u00fcz \u00d6l\u00e7\u00fcm\u00fc:<\/strong> 45.74\u00a0km\u00b2<\/p>\n<p><strong>\u0130klimi:<\/strong> Kaliforniya&#8217;n\u0131n genel iklim \u00f6zelliklerine sahiptir. \u015eehir, Akdeniz iklimi b\u00f6lgesinde yer al\u0131r ve \u0131l\u0131man bir iklime sahiptir. Yazlar s\u0131cak ve kuru, k\u0131\u015flar ise \u0131l\u0131k ve ya\u011f\u0131\u015fl\u0131 ge\u00e7er. G\u00fcnl\u00fck s\u0131cakl\u0131klar, y\u0131l boyunca sabit kalma e\u011filimindedir, ancak s\u0131cakl\u0131klar mevsimlere g\u00f6re de\u011fi\u015febilir. Genellikle en y\u00fcksek s\u0131cakl\u0131klar Temmuz ve A\u011fustos aylar\u0131nda g\u00f6r\u00fcl\u00fcr ve s\u0131cakl\u0131k 30\u00b0C&#8217;nin \u00fczerine \u00e7\u0131kabilir. K\u0131\u015f aylar\u0131nda ise s\u0131cakl\u0131k genellikle 15-20\u00b0C aras\u0131ndad\u0131r. Ya\u011f\u0131\u015flar ise Kas\u0131m ay\u0131ndan Nisan ay\u0131na kadar devam eder ve en y\u00fcksek ya\u011f\u0131\u015f miktar\u0131 Aral\u0131k ve \u015eubat aylar\u0131nda g\u00f6r\u00fcl\u00fcr. Berkeley&#8217;de hava genellikle g\u00fcne\u015fli ve a\u00e7\u0131kt\u0131r.<\/p>\n<p><img loading=\"lazy\" decoding=\"async\" class=\"alignnone size-full wp-image-603\" src=\"https:\/\/amerikadil.com\/wp-content\/uploads\/2023\/02\/Berkeley-iklim.png\" alt=\"\" width=\"900\" height=\"300\" srcset=\"https:\/\/amerikadil.com\/wp-content\/uploads\/2023\/02\/Berkeley-iklim.png 900w, https:\/\/amerikadil.com\/wp-content\/uploads\/2023\/02\/Berkeley-iklim-300x100.png 300w, https:\/\/amerikadil.com\/wp-content\/uploads\/2023\/02\/Berkeley-iklim-768x256.png 768w\" sizes=\"auto, (max-width: 900px) 100vw, 900px\" \/><\/p>\n<p><strong>Ula\u015f\u0131m:<\/strong> \u015eehir, bisiklet, otob\u00fcs, tren, tramvay, taksi ve ara\u00e7 kiralama gibi ula\u015f\u0131m se\u00e7eneklerine sahiptir. Berkeley ve \u00e7evresinde bir\u00e7ok bisiklet yolu ve bisiklet park alanlar\u0131 bulunmaktad\u0131r. \u015eehirde toplu ta\u015f\u0131ma, AC Transit ad\u0131 verilen bir otob\u00fcs \u015firketi taraf\u0131ndan sa\u011flanmaktad\u0131r. AC Transit, Berkeley ile San Francisco ve Oakland gibi di\u011fer \u015fehirler aras\u0131nda da hizmet vermektedir. BART (Bay Area Rapid Transit) ad\u0131 verilen bir tren a\u011f\u0131, Berkeley&#8217;den ge\u00e7er ve San Francisco ve di\u011fer k\u00f6rfez b\u00f6lgesi \u015fehirlerine ba\u011flant\u0131 sa\u011flar. Berkeley&#8217;de ayr\u0131ca, yerel tramvay sistemi olan Berkeley Tramvay\u0131 (Berkeley Electric Light Company) bulunmaktad\u0131r. Taksi, Uber ve Lyft gibi \u00f6zel ula\u015f\u0131m hizmetleri de Berkeley&#8217;de mevcuttur.<\/p>\n<p><strong>Yemek K\u00fclt\u00fcr\u00fc:<\/strong> Berkeley, organik ve vegan beslenme tarzlar\u0131n\u0131n pop\u00fcler oldu\u011fu bir \u015fehirdir. B\u00f6lgedeki organik \u00fcr\u00fcn \u00e7iftlikleri, restoranlarda kullan\u0131lan taze ve lezzetli sebze ve meyveler sunmaktad\u0131r. Gather gibi pop\u00fcler vegan restoranlar\u0131 bulunmaktad\u0131r.<\/p>\n<p>Berkeley&#8217;deki Gourmet Ghetto ad\u0131 verilen b\u00f6lge, \u015fehirdeki en \u00fcnl\u00fc yemek merkezlerinden biridir. B\u00f6lgede bir\u00e7ok restoran ve kafe bulunmaktad\u0131r. Alice Waters taraf\u0131ndan 1971 y\u0131l\u0131nda a\u00e7\u0131lan Chez Panisse gibi \u00f6d\u00fcll\u00fc restoranlar, yemekleri i\u00e7in sadece organik ve yerel malzemeler kullanmaktad\u0131r.<\/p>\n<p>B\u00f6lgedeki di\u011fer restoranlar aras\u0131nda Thai Temple, Angeline&#8217;s Louisiana Kitchen, The Cheese Board Collective, La Mediterranee ve Saul&#8217;s Deli gibi mekanlar yer almaktad\u0131r. Berkeley ayr\u0131ca, d\u00fcnya mutfa\u011f\u0131ndan lezzetler sunan bir\u00e7ok restoran ve kafeye de ev sahipli\u011fi yapmaktad\u0131r. \u015eehirde Meksika, Japon, \u0130talyan, Frans\u0131z, Hint, \u00c7in, Kore ve Orta Do\u011fu mutfaklar\u0131ndan yemekler sunan restoranlar bulunmaktad\u0131r. \u015eehirde ayr\u0131ca bir\u00e7ok farkl\u0131 sokak yeme\u011fi se\u00e7ene\u011fi de mevcuttur. Vik&#8217;s Chaat Cafe bir Hint restoran\u0131d\u0131r ve sokak yemeklerine benzer yemekler sunmaktad\u0131r, sebzelerle dolu chaat tabaklar\u0131, samosalar, masala dossa ve daha bir\u00e7ok se\u00e7enek sunar.<\/p>\n<p><strong>Turistik Mekanlar:<\/strong> University of California\u2019n\u0131n ana kamp\u00fcs\u00fc olan Berkeley kamp\u00fcs\u00fcnde \u00f6\u011frenciler i\u00e7in ilham verici \u2018Doe Library\u2019 bulunmaktad\u0131r. Kamp\u00fcs ba\u015fl\u0131 ba\u015f\u0131na b\u00fcy\u00fck bir yap\u0131d\u0131r ve tarihi yap\u0131lar\u0131, m\u00fczeleri, spor tesisleri, yemek mekanlar\u0131, k\u00fct\u00fcphaneleri ve laboratuvarlar\u0131 da \u00f6\u011frenciler ve ziyaret\u00e7iler taraf\u0131ndan ke\u015ffedilebilir.<\/p>\n<p>Gourmet Ghetto adl\u0131 restoranlar b\u00f6lgesinde gezilebilecek, yemek yiyip bir \u015feyler i\u00e7ebilecek \u00e7e\u015fitli mekanlar bulunmaktad\u0131r. Lezzet zevkinize g\u00f6re herhangi bir restorana oturup yemek yiyebilirsiniz.<\/p>\n<p>Berkeley Marina\u2019da bir\u00e7ok su sporu aktivitesi i\u00e7in m\u00fckemmel bir yerdir. Ayr\u0131ca y\u00fcr\u00fcy\u00fc\u015f ve bisiklet yollar\u0131 da vard\u0131r. Telegraph Avenue isimli caddede bir\u00e7ok ilgin\u00e7 ma\u011faza, kitap\u00e7\u0131 ve restoran bulunmaktad\u0131r. Cadde \u00fczerinde bulunan Moe&#8217;s Books gibi birka\u00e7 ba\u011f\u0131ms\u0131z kitap\u00e7\u0131 da bulunmaktad\u0131r. Buras\u0131 ayr\u0131ca 1960&#8217;larda bir\u00e7ok sosyal hareketin merkezi olmas\u0131 sebebiyle turistler i\u00e7in daha dikkat \u00e7ekici bir konum olmu\u015ftur. Daha sakin ve yerel bir deneyim tercih etmek isteyen turistler i\u00e7in Elmwood b\u00f6lgesi \u00f6nerilir. UC Berkeley Kamp\u00fcs\u00fc&#8217;n\u00fcn g\u00fcneyinde yer almaktad\u0131r ve kafeler, restoranlar, kitap\u00e7\u0131lar ve butik ma\u011fazalarla doludur. Elmwood, sakin ve tarihi bir atmosfere sahiptir. Bu b\u00f6lge, 1900&#8217;lerin ba\u015f\u0131nda in\u015fa edilmi\u015f bir\u00e7ok tarihi evi bar\u0131nd\u0131r\u0131r ve y\u00fcr\u00fcy\u00fc\u015f yaparak bu evleri ve sokaklar\u0131 ke\u015ffetmek olduk\u00e7a keyiflidir. \u00d6zellikle film tutkunlar\u0131 i\u00e7in ilgi \u00e7ekici bir yerdir.<\/p>\n<p>B\u00f6lgede bulunan Rialto Sinemas\u0131, 1917 y\u0131l\u0131ndan bu yana faaliyet g\u00f6steren ve halen film g\u00f6sterimleri yapan bir tarihi sinemad\u0131r. Elmwood&#8217;da yemek yemek i\u00e7in bir\u00e7ok se\u00e7enek de mevcuttur. Ici Ice Cream, tamamen do\u011fal malzemeler kullanarak el yap\u0131m\u0131 dondurmalar yapmaktad\u0131r. The Elmwood Cafe, organik ve yerel malzemeler kullanarak kahve, \u00e7ay ve at\u0131\u015ft\u0131rmal\u0131klar sunmaktad\u0131r.<\/p>\n<\/div>\n\t\t\t\t<\/div>\n\t\t\t\t<\/div>\n\t\t\t\t\t<\/div>\n\t\t<\/div>\n\t\t\t\t\t\t\t<\/div>\n\t\t<\/section>\n\t\t\t\t\t\t\t<\/div>\n\t\t","protected":false},"excerpt":{"rendered":"<p>Berkeley<\/p>\n","protected":false},"author":1,"featured_media":0,"parent":0,"menu_order":0,"comment_status":"closed","ping_status":"closed","template":"","meta":{"footnotes":""},"class_list":["post-601","page","type-page","status-publish","hentry"],"_links":{"self":[{"href":"https:\/\/amerikadil.com\/index.php?rest_route=\/wp\/v2\/pages\/601","targetHints":{"allow":["GET"]}}],"collection":[{"href":"https:\/\/amerikadil.com\/index.php?rest_route=\/wp\/v2\/pages"}],"about":[{"href":"https:\/\/amerikadil.com\/index.php?rest_route=\/wp\/v2\/types\/page"}],"author":[{"embeddable":true,"href":"https:\/\/amerikadil.com\/index.php?rest_route=\/wp\/v2\/users\/1"}],"replies":[{"embeddable":true,"href":"https:\/\/amerikadil.com\/index.php?rest_route=%2Fwp%2Fv2%2Fcomments&post=601"}],"version-history":[{"count":3,"href":"https:\/\/amerikadil.com\/index.php?rest_route=\/wp\/v2\/pages\/601\/revisions"}],"predecessor-version":[{"id":606,"href":"https:\/\/amerikadil.com\/index.php?rest_route=\/wp\/v2\/pages\/601\/revisions\/606"}],"wp:attachment":[{"href":"https:\/\/amerikadil.com\/index.php?rest_route=%2Fwp%2Fv2%2Fmedia&parent=601"}],"curies":[{"name":"wp","href":"https:\/\/api.w.org\/{rel}","templated":true}]}}