{"id":578,"date":"2023-02-22T17:22:36","date_gmt":"2023-02-22T14:22:36","guid":{"rendered":"https:\/\/amerikadil.com\/?page_id=578"},"modified":"2023-02-22T17:24:38","modified_gmt":"2023-02-22T14:24:38","slug":"philadelphia-amerika-sehir-rehberi","status":"publish","type":"page","link":"https:\/\/amerikadil.com\/?page_id=578","title":{"rendered":"Philadelphia &#8211; Amerika \u2013 \u015eehir Rehberi"},"content":{"rendered":"\t\t<div data-elementor-type=\"wp-page\" data-elementor-id=\"578\" class=\"elementor elementor-578\">\n\t\t\t\t\t\t\t\t\t<section class=\"elementor-section elementor-top-section elementor-element elementor-element-4182af1 elementor-section-boxed elementor-section-height-default elementor-section-height-default\" data-id=\"4182af1\" data-element_type=\"section\">\n\t\t\t\t\t\t<div class=\"elementor-container elementor-column-gap-default\">\n\t\t\t\t\t<div class=\"elementor-column elementor-col-100 elementor-top-column elementor-element elementor-element-f046172\" data-id=\"f046172\" data-element_type=\"column\">\n\t\t\t<div class=\"elementor-widget-wrap elementor-element-populated\">\n\t\t\t\t\t\t\t\t<div class=\"elementor-element elementor-element-0c12b43 elementor-widget elementor-widget-image\" data-id=\"0c12b43\" data-element_type=\"widget\" data-widget_type=\"image.default\">\n\t\t\t\t<div class=\"elementor-widget-container\">\n\t\t\t<style>\/*! elementor - v3.11.1 - 15-02-2023 *\/\n.elementor-widget-image{text-align:center}.elementor-widget-image a{display:inline-block}.elementor-widget-image a img[src$=\".svg\"]{width:48px}.elementor-widget-image img{vertical-align:middle;display:inline-block}<\/style>\t\t\t\t\t\t\t\t\t\t\t\t<img loading=\"lazy\" decoding=\"async\" width=\"400\" height=\"300\" src=\"https:\/\/amerikadil.com\/wp-content\/uploads\/2023\/02\/Philadelphia-1.png\" class=\"attachment-medium_large size-medium_large wp-image-579\" alt=\"\" srcset=\"https:\/\/amerikadil.com\/wp-content\/uploads\/2023\/02\/Philadelphia-1.png 400w, https:\/\/amerikadil.com\/wp-content\/uploads\/2023\/02\/Philadelphia-1-300x225.png 300w\" sizes=\"auto, (max-width: 400px) 100vw, 400px\" \/>\t\t\t\t\t\t\t\t\t\t\t\t\t\t\t<\/div>\n\t\t\t\t<\/div>\n\t\t\t\t<div class=\"elementor-element elementor-element-6926257 elementor-widget elementor-widget-heading\" data-id=\"6926257\" data-element_type=\"widget\" data-widget_type=\"heading.default\">\n\t\t\t\t<div class=\"elementor-widget-container\">\n\t\t\t<style>\/*! elementor - v3.11.1 - 15-02-2023 *\/\n.elementor-heading-title{padding:0;margin:0;line-height:1}.elementor-widget-heading .elementor-heading-title[class*=elementor-size-]>a{color:inherit;font-size:inherit;line-height:inherit}.elementor-widget-heading .elementor-heading-title.elementor-size-small{font-size:15px}.elementor-widget-heading .elementor-heading-title.elementor-size-medium{font-size:19px}.elementor-widget-heading .elementor-heading-title.elementor-size-large{font-size:29px}.elementor-widget-heading .elementor-heading-title.elementor-size-xl{font-size:39px}.elementor-widget-heading .elementor-heading-title.elementor-size-xxl{font-size:59px}<\/style><h2 class=\"elementor-heading-title elementor-size-default\">Philadelphia<\/h2>\t\t<\/div>\n\t\t\t\t<\/div>\n\t\t\t\t\t<\/div>\n\t\t<\/div>\n\t\t\t\t\t\t\t<\/div>\n\t\t<\/section>\n\t\t\t\t<section class=\"elementor-section elementor-top-section elementor-element elementor-element-0a53d3a elementor-section-boxed elementor-section-height-default elementor-section-height-default\" data-id=\"0a53d3a\" data-element_type=\"section\">\n\t\t\t\t\t\t<div class=\"elementor-container elementor-column-gap-default\">\n\t\t\t\t\t<div class=\"elementor-column elementor-col-100 elementor-top-column elementor-element elementor-element-97b987e\" data-id=\"97b987e\" data-element_type=\"column\">\n\t\t\t<div class=\"elementor-widget-wrap elementor-element-populated\">\n\t\t\t\t\t\t\t\t<div class=\"elementor-element elementor-element-3933ec7 elementor-widget elementor-widget-wp-widget-text\" data-id=\"3933ec7\" data-element_type=\"widget\" data-widget_type=\"wp-widget-text.default\">\n\t\t\t\t<div class=\"elementor-widget-container\">\n\t\t\t\t\t\t<div class=\"textwidget\"><p>Philadelphia, Amerika Birle\u015fik Devletleri&#8217;nin do\u011fu k\u0131y\u0131s\u0131nda, Pennsylvania eyaletinde yer almaktad\u0131r. Ayn\u0131 zamanda &#8220;Brotherly Love&#8221; olarak da bilinmektedir \u00e7\u00fcnk\u00fc Philadelphia\u2019n\u0131n kurulu\u015funda s\u00f6z verilen bar\u0131\u015f, \u00f6zg\u00fcrl\u00fck ve karde\u015flik idealleriyle ili\u015fkilendirilmektedir. ABD&#8217;deki en kalabal\u0131k be\u015finci \u015fehir ve Pennsylvania eyaletinin en kalabal\u0131k \u015fehridir. Ayr\u0131ca, ABD&#8217;nin kuzeydo\u011fusundaki en kalabal\u0131k \u015fehirlerinden biri olarak bilinir.<\/p>\n<p>ABD tarihinin \u00f6nemli bir par\u00e7as\u0131 olan \u015fehir, Ba\u011f\u0131ms\u0131zl\u0131k Sava\u015f\u0131&#8217;ndaki rol\u00fc nedeniyle &#8220;\u00d6zg\u00fcrl\u00fck \u015eehri&#8221; olarak da an\u0131l\u0131r. 1776&#8217;da \u0130kinci K\u0131ta Kongresi&#8217;nin, Amerika Birle\u015fik Devletleri&#8217;nin ba\u011f\u0131ms\u0131zl\u0131k bildirisini burada imzalamas\u0131, \u015fehir i\u00e7in b\u00fcy\u00fck bir anlam ifade eder.<\/p>\n<p>\u015eehrin tarihi dokusu, Independence National Historical Park, Liberty Bell, Independence Hall ve Constitution Center gibi \u00f6nemli turistik yerleriyle canl\u0131 bir \u015fekilde korunmaktad\u0131r. Ayr\u0131ca, \u015fehirdeki bir\u00e7ok m\u00fcze, galeri ve sanat etkinlikleri, k\u00fclt\u00fcrel anlamda da ziyaret\u00e7ileri cezbetmektedir.<\/p>\n<p>Philadelphia&#8217;n\u0131n yemekleri de olduk\u00e7a me\u015fhurdur. Philly cheesesteak; yumu\u015fak sandvi\u00e7 ekme\u011fi i\u00e7inde dilimlenmi\u015f biftek, so\u011fan ve peynirle yap\u0131lan pop\u00fcler bir fast food yeme\u011fidir. Ayr\u0131ca, \u015fehirde yap\u0131lan pretzel, hoagie ve scrapple da lezzetli ve benzersiz lezzetler aras\u0131ndad\u0131r.<\/p>\n<p>Philadelphia, spor hayat\u0131 i\u00e7in de \u00f6nemli bir \u015fehirdir. NBA tak\u0131m\u0131 Philadelphia 76ers, NFL tak\u0131m\u0131 Philadelphia Eagles ve NHL tak\u0131m\u0131 Philadelphia Flyers, \u015fehirdeki tak\u0131mlardan sadece birka\u00e7\u0131d\u0131r. Ayr\u0131ca, her y\u0131l Nisan ay\u0131nda d\u00fczenlenen maraton, ko\u015fucular i\u00e7in \u00f6nemli bir etkinliktir.<\/p>\n<p><strong>Tarihi:<\/strong> \u015eehrin k\u00f6kleri 17. y\u00fczy\u0131la kadar uzan\u0131r ve Amerika Birle\u015fik Devletleri&#8217;nin ba\u011f\u0131ms\u0131zl\u0131k hareketine ev sahipli\u011fi yapt\u0131\u011f\u0131 d\u00f6nemde \u00f6nemli bir rol oynam\u0131\u015ft\u0131r.<\/p>\n<p>\u015eehrin kurulu\u015fu 1682&#8217;de \u0130ngiliz Kral\u0131 II. Charles taraf\u0131ndan Pennsylvania Kolonisi&#8217;ne ba\u015fkent olarak se\u00e7ilmesiyle ger\u00e7ekle\u015fmi\u015ftir. Pennsylvania Kolonisi, \u0130ngiliz \u0130mparatorlu\u011fu&#8217;nun kontrol\u00fc alt\u0131nda yer alan bir b\u00f6lgeydi. Kurulu\u015fundan sonra, Philadelphia hem koloninin merkezi hem de \u00f6nemli bir ticaret merkezi haline geldi.<\/p>\n<p>Philadelphia&#8217;n\u0131n tarihi, \u00f6zellikle ABD\u2019nin ba\u011f\u0131ms\u0131zl\u0131k m\u00fccadelesi s\u0131ras\u0131nda \u00f6nemli bir rol oynamas\u0131 sebebiyle dikkate de\u011ferdir. 1776&#8217;da, \u0130kinci K\u0131ta Kongresi, Amerika Birle\u015fik Devletleri&#8217;nin ba\u011f\u0131ms\u0131zl\u0131k bildirisini burada imzalad\u0131. 1787&#8217;de, Philadelphia Anayasas\u0131&#8217;n\u0131n kabul edildi\u011fi yerdi ve bu nedenle ABD&#8217;nin kurucu \u015fehirleri aras\u0131nda yer ald\u0131.<\/p>\n<p>19.y\u00fczy\u0131lda Philadelphia, end\u00fcstriyel bir merkez haline geldi. \u015eehir, demiryollar\u0131, tekstil fabrikalar\u0131, metal i\u015fleme tesisleri ve di\u011fer bir\u00e7ok end\u00fcstriyel tesislerle b\u00fcy\u00fcd\u00fc. Ayr\u0131ca, Amerikan \u0130\u00e7 Sava\u015f\u0131 s\u0131ras\u0131nda \u015fehir, Kuzey&#8217;in ekonomik ve askeri g\u00fcc\u00fcn\u00fc art\u0131ran bir \u00fcretim merkezi oldu.<\/p>\n<p>20.y\u00fczy\u0131l\u0131n ba\u015flar\u0131nda, k\u00fclt\u00fcr, sanat ve bilim alanlar\u0131nda da \u00f6ne \u00e7\u0131kt\u0131. \u015eehirde bir\u00e7ok \u00fcniversite, m\u00fcze, k\u00fct\u00fcphane ve bilimsel enstit\u00fc bulunmaktad\u0131r. Ayr\u0131ca, k\u00fclt\u00fcrel \u00e7e\u015fitlili\u011fi ve gastronomik lezzetleri nedeniyle de \u00fcnl\u00fcd\u00fcr.<\/p>\n<p>G\u00fcn\u00fcm\u00fczde, Philadelphia, ABD&#8217;nin en b\u00fcy\u00fck \u015fehirlerinden biridir ve \u00f6nemli bir ekonomik, k\u00fclt\u00fcrel ve turistik merkezdir. \u015eehir, tarihi dokusu, turistik mekanlar\u0131, \u00fcniversiteleri, m\u00fczeleri ve di\u011fer pek \u00e7ok cazibe merkezi ile ziyaret\u00e7iler i\u00e7in dikkat \u00e7ekici bir destinasyon olmaya devam etmektedir.<\/p>\n<p><strong>N\u00fcfusu<\/strong>: 1.578.487 (2020 y\u0131l\u0131 verilerine g\u00f6re)<\/p>\n<p><strong>Y\u00fcz \u00d6l\u00e7\u00fcm\u00fc:<\/strong> 369,4 km\u00b2<\/p>\n<p><strong>\u0130klimi:<\/strong> Philadelphia&#8217;n\u0131n iklimi, nemli subtropikal iklimdir ve d\u00f6rt mevsimi bulundurmaktad\u0131r. Yazlar s\u0131cak ve nemli, k\u0131\u015flar so\u011fuk ve kar ya\u011f\u0131\u015fl\u0131d\u0131r. Yaz aylar\u0131, Haziran&#8217;dan Eyl\u00fcl&#8217;e kadar s\u0131cak ve nemlidir. Ortalama s\u0131cakl\u0131k 27\u00b0C civar\u0131ndad\u0131r ve nem oran\u0131 y\u00fcksektir. Bu nedenle, \u015fehirde s\u0131cak havalarda nem hissi daha y\u00fcksek olabilir. Bu aylarda ya\u011f\u0131\u015flar da s\u0131k\u00e7a g\u00f6r\u00fcl\u00fcr. K\u0131\u015f aylar\u0131 so\u011fuk ve kar ya\u011f\u0131\u015fl\u0131d\u0131r. Aral\u0131k ve Ocak aylar\u0131nda ortalama s\u0131cakl\u0131k -2\u00b0C ila 5\u00b0C aras\u0131ndad\u0131r. Kar ya\u011f\u0131\u015f\u0131, genellikle Ocak ve \u015eubat aylar\u0131nda yo\u011fun bir \u015fekilde g\u00f6r\u00fcl\u00fcr. \u0130lkbahar ve sonbahar mevsimleri \u0131l\u0131k ge\u00e7er. Mart ay\u0131 so\u011fuk ge\u00e7ebilir, ancak Nisan ve May\u0131s aylar\u0131 daha \u0131l\u0131k ve ya\u011f\u0131\u015fl\u0131d\u0131r. Sonbahar, genellikle Eyl\u00fcl ve Ekim aylar\u0131nda, s\u0131cakl\u0131klar\u0131n yava\u015f yava\u015f d\u00fc\u015fmeye ba\u015flad\u0131\u011f\u0131 ve ya\u011f\u0131\u015flar\u0131n artt\u0131\u011f\u0131 bir d\u00f6nemdir.<\/p>\n<p>\u015eehirde hava durumu, h\u0131zl\u0131 bir \u015fekilde de\u011fi\u015febilir. \u00d6zellikle bahar ve sonbahar aylar\u0131nda, s\u0131cakl\u0131k farkl\u0131l\u0131klar\u0131 ve ani hava de\u011fi\u015fiklikleri ya\u015fanabilir. Her mevsim farkl\u0131 hava ko\u015fullar\u0131na sahiptir. Ziyaret edeceklerin hava durumunu takip etmeleri ve mevsime uygun giyinmeleri \u00f6nerilir.<\/p>\n<p><strong>Ula\u015f\u0131m:<\/strong> Philadelphia&#8217;da toplu ta\u015f\u0131ma ara\u00e7lar\u0131 kullan\u0131m\u0131 olduk\u00e7a yayg\u0131nd\u0131r ve ula\u015f\u0131m a\u011f\u0131 olduk\u00e7a kapsaml\u0131d\u0131r. Ayr\u0131ca, bisiklet yollar\u0131 ve payla\u015f\u0131ml\u0131 bisiklet sistemi gibi alternatif ula\u015f\u0131m se\u00e7enekleri de mevcuttur. Metro sistemi, Market-Frankford Hatt\u0131 ve Broad Street Hatt\u0131 olarak iki ana hatta sahiptir. Market-Frankford Hatt\u0131, \u015fehir merkezinden bat\u0131ya ve do\u011fuya uzan\u0131r. Broad Street Hatt\u0131 ise kuzeyden g\u00fcneye \u015fehir merkezinden ge\u00e7er. Metro ara\u00e7lar\u0131, hafta i\u00e7i ve hafta sonlar\u0131 erken saatlerden gece yar\u0131s\u0131na kadar hizmet verir.<\/p>\n<p>Otob\u00fcsler, \u015fehir merkezi ve banliy\u00f6lerde bir\u00e7ok g\u00fczerg\u00e2hta \u00e7al\u0131\u015f\u0131r. \u015eehir i\u00e7i otob\u00fcs hatlar\u0131, \u015fehir merkezi d\u0131\u015f\u0131ndaki b\u00f6lgelere de ula\u015fabilir. Baz\u0131 otob\u00fcs hatlar\u0131 gece boyunca hizmet verir.<\/p>\n<p>Trolley (tramvay), \u015fehir merkezi ve bat\u0131 kesimde hizmet verir. \u015eehir merkezinde bir\u00e7ok trolley hatt\u0131 kesi\u015fir ve transferler sa\u011flanabilir. Banliy\u00f6 trenleri, Philadelphia&#8217;;n\u0131n \u00e7evresindeki banliy\u00f6leri birbirine ba\u011flar ve i\u015fe gidip gelmek i\u00e7in s\u0131k\u00e7a kullan\u0131l\u0131r. Banliy\u00f6 trenleri, \u015fehir merkezindeki 30th Street \u0130stasyonu&#8217;nda durur ve bu istasyon ayn\u0131 zamanda otob\u00fcs ve metro ba\u011flant\u0131lar\u0131 i\u00e7in de merkezi bir konumdad\u0131r.<\/p>\n<p><strong>Yemek K\u00fclt\u00fcr\u00fc:<\/strong> Philly Cheesesteak, \u015fehrin sembolik yemeklerinden biridir. Dilimlenmi\u015f biftek, k\u0131zarm\u0131\u015f so\u011fan ve eritilmi\u015f peynirin bir arada bulundu\u011fu bu sandvi\u00e7, \u015fehirdeki bir\u00e7ok restoranda bulunabilir. Pat&#8217;s King of Steaks ve Geno&#8217;s Steaks, Philly Cheesesteak deneyimlemek isteyenler i\u00e7in pop\u00fcler yerlerdir. Philly Pretzel Factory, \u015fehirde bulunan bir di\u011fer pop\u00fcler yiyecek yeridir. Bu at\u0131\u015ft\u0131rmal\u0131k, s\u0131cak tuzlu bir hamurdan yap\u0131l\u0131r ve genellikle hardal veya peynir sosuyla servis edilir.<\/p>\n<p><img loading=\"lazy\" decoding=\"async\" class=\"alignnone size-full wp-image-580\" src=\"https:\/\/amerikadil.com\/wp-content\/uploads\/2023\/02\/Philadelphia-Yemek.png\" alt=\"\" width=\"900\" height=\"450\" srcset=\"https:\/\/amerikadil.com\/wp-content\/uploads\/2023\/02\/Philadelphia-Yemek.png 900w, https:\/\/amerikadil.com\/wp-content\/uploads\/2023\/02\/Philadelphia-Yemek-300x150.png 300w, https:\/\/amerikadil.com\/wp-content\/uploads\/2023\/02\/Philadelphia-Yemek-768x384.png 768w\" sizes=\"auto, (max-width: 900px) 100vw, 900px\" \/><\/p>\n<p>\u015eehir ayr\u0131ca taze deniz \u00fcr\u00fcnleri sunan bir\u00e7ok restorana sahiptir. Clam chowder (kalamar \u00e7orbas\u0131), lobster roll (havyarl\u0131 \u0131zgara somon sandvi\u00e7i) ve crab cakes (yenge\u00e7 k\u00f6ftesi) gibi lezzetli deniz \u00fcr\u00fcnleri yemekleri bulunabilir.<\/p>\n<p>\u0130talyan restoranlar\u0131, pizza ve pasta gibi \u0130talyan yemeklerini sunar. \u015eehirde ayr\u0131ca \u00c7in, Japon, Kore ve Vietnam mutfa\u011f\u0131 gibi di\u011fer Asya \u00fclkelerine ait restoranlar da bulunmaktad\u0131r. \u015eehirdeki Reading Terminal Market, geni\u015f bir yelpazede yemek se\u00e7enekleri sunan \u00fcnl\u00fc bir kapal\u0131 pazar alan\u0131d\u0131r. Philly Cheesesteak, taze deniz \u00fcr\u00fcnleri, \u0130talyan yemekleri, sandvi\u00e7ler, kekler ve daha bir\u00e7ok lezzetli yemekleri deneyimlemek i\u00e7in \u015fehirdeki bir\u00e7ok restoran ve pazar yerini ke\u015ffedebilirsiniz.<\/p>\n<p><strong>Turistik Mekanlar:<\/strong> Amerikan Ba\u011f\u0131ms\u0131zl\u0131k Bildirisi&#8217;ni duyuran simgele\u015fmi\u015f bir zil olan Liberty Bell, Philadelphia&#8217;daki Independence National Historical Park&#8217;ta bulunmaktad\u0131r. 1776&#8217;da Amerika Birle\u015fik Devletleri Ba\u011f\u0131ms\u0131zl\u0131k Bildirisi&#8217;nin yaz\u0131ld\u0131\u011f\u0131 ve imzaland\u0131\u011f\u0131 yer olan Independence Hall, Liberty Bell&#8217;in hemen yan\u0131nda yer al\u0131r.<\/p>\n<p>Rocky filmindeki efsanevi merdiven sahnesiyle \u00fcnl\u00fc olan Philadelphia Museum of Art m\u00fczesi, d\u00fcnya \u00e7ap\u0131nda sanat eserleri koleksiyonuna ev sahipli\u011fi yapmaktad\u0131r. Philadelphia&#8217;n\u0131n sembolik LOVE heykelinin bulundu\u011fu Love Park, turistlerin foto\u011fraf \u00e7ekilmek i\u00e7in u\u011frak noktas\u0131d\u0131r.<\/p>\n<p><img loading=\"lazy\" decoding=\"async\" class=\"alignnone size-full wp-image-581\" src=\"https:\/\/amerikadil.com\/wp-content\/uploads\/2023\/02\/Independence-National-Historical-Park.png\" alt=\"\" width=\"900\" height=\"300\" srcset=\"https:\/\/amerikadil.com\/wp-content\/uploads\/2023\/02\/Independence-National-Historical-Park.png 900w, https:\/\/amerikadil.com\/wp-content\/uploads\/2023\/02\/Independence-National-Historical-Park-300x100.png 300w, https:\/\/amerikadil.com\/wp-content\/uploads\/2023\/02\/Independence-National-Historical-Park-768x256.png 768w\" sizes=\"auto, (max-width: 900px) 100vw, 900px\" \/><\/p>\n<p>42 hektarl\u0131k bir alanda yer alan hayvanat bah\u00e7esi Philadelphia Zoo, 1.300&#8217;den fazla hayvan t\u00fcr\u00fcne ev sahipli\u011fi yapmaktad\u0131r. E\u011flenceli ve merakl\u0131 \u00e7ocuklar i\u00e7in alternatif bir konum olarak g\u00f6z\u00fckmektedir. Ayr\u0131ca, bilim, teknoloji ve m\u00fchendislik \u00fczerine interaktif sergiler sunan Franklin Institute m\u00fczesi, \u00f6zellikle merakl\u0131s\u0131na keyifli bir konum olabilir.<\/p>\n<p>Rittenhouse Square ise \u015f\u0131k restoranlar, kafeler ve butik ma\u011fazalar\u0131n yan\u0131 s\u0131ra \u00fccretsiz a\u00e7\u0131k hava konserleri, sergiler ve di\u011fer etkinliklerin d\u00fczenlendi\u011fi pop\u00fcler bir meydand\u0131r.<\/p>\n<\/div>\n\t\t\t\t<\/div>\n\t\t\t\t<\/div>\n\t\t\t\t\t<\/div>\n\t\t<\/div>\n\t\t\t\t\t\t\t<\/div>\n\t\t<\/section>\n\t\t\t\t\t\t\t<\/div>\n\t\t","protected":false},"excerpt":{"rendered":"<p>Philadelphia<\/p>\n","protected":false},"author":1,"featured_media":0,"parent":0,"menu_order":0,"comment_status":"closed","ping_status":"closed","template":"","meta":{"footnotes":""},"class_list":["post-578","page","type-page","status-publish","hentry"],"_links":{"self":[{"href":"https:\/\/amerikadil.com\/index.php?rest_route=\/wp\/v2\/pages\/578","targetHints":{"allow":["GET"]}}],"collection":[{"href":"https:\/\/amerikadil.com\/index.php?rest_route=\/wp\/v2\/pages"}],"about":[{"href":"https:\/\/amerikadil.com\/index.php?rest_route=\/wp\/v2\/types\/page"}],"author":[{"embeddable":true,"href":"https:\/\/amerikadil.com\/index.php?rest_route=\/wp\/v2\/users\/1"}],"replies":[{"embeddable":true,"href":"https:\/\/amerikadil.com\/index.php?rest_route=%2Fwp%2Fv2%2Fcomments&post=578"}],"version-history":[{"count":3,"href":"https:\/\/amerikadil.com\/index.php?rest_route=\/wp\/v2\/pages\/578\/revisions"}],"predecessor-version":[{"id":584,"href":"https:\/\/amerikadil.com\/index.php?rest_route=\/wp\/v2\/pages\/578\/revisions\/584"}],"wp:attachment":[{"href":"https:\/\/amerikadil.com\/index.php?rest_route=%2Fwp%2Fv2%2Fmedia&parent=578"}],"curies":[{"name":"wp","href":"https:\/\/api.w.org\/{rel}","templated":true}]}}