{"id":555,"date":"2023-02-21T16:02:31","date_gmt":"2023-02-21T13:02:31","guid":{"rendered":"https:\/\/amerikadil.com\/?page_id=555"},"modified":"2023-02-21T16:07:54","modified_gmt":"2023-02-21T13:07:54","slug":"atlanta-amerika-sehir-rehberi","status":"publish","type":"page","link":"https:\/\/amerikadil.com\/?page_id=555","title":{"rendered":"Atlanta \u2013 Amerika \u2013 \u015eehir Rehberi"},"content":{"rendered":"\t\t<div data-elementor-type=\"wp-page\" data-elementor-id=\"555\" class=\"elementor elementor-555\">\n\t\t\t\t\t\t\t\t\t<section class=\"elementor-section elementor-top-section elementor-element elementor-element-b4b8172 elementor-section-boxed elementor-section-height-default elementor-section-height-default\" data-id=\"b4b8172\" data-element_type=\"section\">\n\t\t\t\t\t\t<div class=\"elementor-container elementor-column-gap-default\">\n\t\t\t\t\t<div class=\"elementor-column elementor-col-100 elementor-top-column elementor-element elementor-element-b047ccf\" data-id=\"b047ccf\" data-element_type=\"column\">\n\t\t\t<div class=\"elementor-widget-wrap elementor-element-populated\">\n\t\t\t\t\t\t\t\t<div class=\"elementor-element elementor-element-1e3a487 elementor-widget elementor-widget-image\" data-id=\"1e3a487\" data-element_type=\"widget\" data-widget_type=\"image.default\">\n\t\t\t\t<div class=\"elementor-widget-container\">\n\t\t\t<style>\/*! elementor - v3.11.1 - 15-02-2023 *\/\n.elementor-widget-image{text-align:center}.elementor-widget-image a{display:inline-block}.elementor-widget-image a img[src$=\".svg\"]{width:48px}.elementor-widget-image img{vertical-align:middle;display:inline-block}<\/style>\t\t\t\t\t\t\t\t\t\t\t\t<img loading=\"lazy\" decoding=\"async\" width=\"400\" height=\"300\" src=\"https:\/\/amerikadil.com\/wp-content\/uploads\/2023\/02\/atlanta.png\" class=\"attachment-medium_large size-medium_large wp-image-556\" alt=\"\" srcset=\"https:\/\/amerikadil.com\/wp-content\/uploads\/2023\/02\/atlanta.png 400w, https:\/\/amerikadil.com\/wp-content\/uploads\/2023\/02\/atlanta-300x225.png 300w\" sizes=\"auto, (max-width: 400px) 100vw, 400px\" \/>\t\t\t\t\t\t\t\t\t\t\t\t\t\t\t<\/div>\n\t\t\t\t<\/div>\n\t\t\t\t<div class=\"elementor-element elementor-element-ceb73ea elementor-widget elementor-widget-heading\" data-id=\"ceb73ea\" data-element_type=\"widget\" data-widget_type=\"heading.default\">\n\t\t\t\t<div class=\"elementor-widget-container\">\n\t\t\t<style>\/*! elementor - v3.11.1 - 15-02-2023 *\/\n.elementor-heading-title{padding:0;margin:0;line-height:1}.elementor-widget-heading .elementor-heading-title[class*=elementor-size-]>a{color:inherit;font-size:inherit;line-height:inherit}.elementor-widget-heading .elementor-heading-title.elementor-size-small{font-size:15px}.elementor-widget-heading .elementor-heading-title.elementor-size-medium{font-size:19px}.elementor-widget-heading .elementor-heading-title.elementor-size-large{font-size:29px}.elementor-widget-heading .elementor-heading-title.elementor-size-xl{font-size:39px}.elementor-widget-heading .elementor-heading-title.elementor-size-xxl{font-size:59px}<\/style><h2 class=\"elementor-heading-title elementor-size-default\">ATLANTA<\/h2>\t\t<\/div>\n\t\t\t\t<\/div>\n\t\t\t\t\t<\/div>\n\t\t<\/div>\n\t\t\t\t\t\t\t<\/div>\n\t\t<\/section>\n\t\t\t\t<section class=\"elementor-section elementor-top-section elementor-element elementor-element-f1d103a elementor-section-boxed elementor-section-height-default elementor-section-height-default\" data-id=\"f1d103a\" data-element_type=\"section\">\n\t\t\t\t\t\t<div class=\"elementor-container elementor-column-gap-default\">\n\t\t\t\t\t<div class=\"elementor-column elementor-col-100 elementor-top-column elementor-element elementor-element-809e337\" data-id=\"809e337\" data-element_type=\"column\">\n\t\t\t<div class=\"elementor-widget-wrap elementor-element-populated\">\n\t\t\t\t\t\t\t\t<div class=\"elementor-element elementor-element-b5441fa elementor-widget elementor-widget-wp-widget-text\" data-id=\"b5441fa\" data-element_type=\"widget\" data-widget_type=\"wp-widget-text.default\">\n\t\t\t\t<div class=\"elementor-widget-container\">\n\t\t\t\t\t\t<div class=\"textwidget\"><p>G\u00fcneydo\u011fu ABD&#8217;de Georgia eyaletinin ba\u015fkenti ve en b\u00fcy\u00fck \u015fehridir. Ayn\u0131 zamanda, G\u00fcney ABD&#8217;nin en \u00f6nemli ticaret, k\u00fclt\u00fcr ve ula\u015f\u0131m merkezlerinden biridir. \u015eehir, Hartsfield-Jackson Atlanta Uluslararas\u0131 Havaliman\u0131&#8217;n\u0131n da yer ald\u0131\u011f\u0131 Fulton County&#8217;de yer almaktad\u0131r.<\/p>\n<p>Atlanta, zengin bir tarihe ve \u00e7e\u015fitli turistik yerlere sahiptir. \u015eehrin en ikonik simgelerinden biri, Martin Luther King Jr. Milli Tarih Sitesi&#8217;dir. Martin Luther King Jr.&#8217;\u0131n hayat\u0131, \u00e7al\u0131\u015fmalar\u0131 ve miras\u0131 hakk\u0131nda ziyaret\u00e7ilere bilgi vermektedir.<\/p>\n<p>Atlanta ayr\u0131ca, e\u011flence, al\u0131\u015fveri\u015f ve yemek se\u00e7enekleri a\u00e7\u0131s\u0131ndan da olduk\u00e7a geli\u015fmi\u015ftir. Georgia Akvaryumu, d\u00fcnyan\u0131n en b\u00fcy\u00fck i\u00e7 mekan akvaryumudur ve bir\u00e7ok deniz canl\u0131s\u0131 t\u00fcr\u00fcn\u00fc bar\u0131nd\u0131rmaktad\u0131r. Lenox Meydan\u0131 ve Phipps Plaza, l\u00fcks markalar\u0131n yan\u0131 s\u0131ra \u00fcnl\u00fc restoranlar\u0131n ve barlar\u0131n da yer ald\u0131\u011f\u0131 bir al\u0131\u015fveri\u015f b\u00f6lgesidir.<\/p>\n<p>Ayr\u0131ca, Atlanta&#8217;da Southern yemekleri, \u00f6zellikle de barbek\u00fc, tavuk ve waffle gibi lezzetler, yerel mutfa\u011f\u0131n en \u00f6nemli \u00f6zelliklerindendir. \u00d6nemli yemek duraklar\u0131 aras\u0131nda, Ponce City Market, Krog Sokak Pazar\u0131 ve The Varsity gibi yerler yer al\u0131r.<\/p>\n<p>Tarihi: Atlanta&#8217;n\u0131n tarihi, Amerikan \u0130\u00e7 Sava\u015f\u0131&#8217;na kadar uzanmaktad\u0131r. \u015eehir, 1847&#8217;de &#8220;Marthasville&#8221; ad\u0131yla kuruldu ve daha sonra 1848&#8217;de &#8220;Atlanta&#8221; olarak adland\u0131r\u0131ld\u0131. 1864 y\u0131l\u0131nda, General William Tecumseh Sherman&#8217;\u0131n ordusu, Atlanta&#8217;y\u0131 ele ge\u00e7irmek amac\u0131yla \u015fehre sald\u0131rd\u0131. \u0130ki ay s\u00fcren \u015fiddetli \u00e7at\u0131\u015fmalar\u0131n ard\u0131ndan, Sherman&#8217;\u0131n ordusu \u015fehri ele ge\u00e7irdi ve b\u00fcy\u00fck bir b\u00f6l\u00fcm\u00fc yak\u0131ld\u0131. Sava\u015f\u0131n sonunda, Atlanta&#8217;n\u0131n \u00f6nemi artmaya devam etti ve yeniden in\u015fa edilerek b\u00fcy\u00fcd\u00fc.<\/p>\n<p>20.y\u00fczy\u0131l\u0131n ba\u015flar\u0131nda, Atlanta G\u00fcney&#8217;in en h\u0131zl\u0131 b\u00fcy\u00fcyen \u015fehirlerinden biri haline geldi. \u00d6zellikle 1960&#8217;larda, \u015fehir b\u00fcy\u00fck \u00f6l\u00e7\u00fcde sivil haklar hareketinin merkezi haline geldi. Martin Luther King Jr.&#8217;\u0131n evi ve kilisesi, Atlanta&#8217;da hala ziyaret edilebilen tarihi yerler aras\u0131ndad\u0131r. 1970&#8217;lerde, Atlanta\u2019n\u0131n geli\u015fme h\u0131z\u0131yla birlikte \u015fehir, modern bir metropol haline geldi. \u0130\u015f d\u00fcnyas\u0131nda da \u00f6nemli bir konum kazand\u0131. Coca-Cola, CNN ve Home Depot gibi b\u00fcy\u00fck \u015firketlerin merkezleri Atlanta&#8217;da yer almaktad\u0131r. Ayr\u0131ca, 1996 Yaz Olimpiyatlar\u0131 da Atlanta&#8217;da d\u00fczenlendi.<\/p>\n<p><strong>N\u00fcfusu:<\/strong> 496,461 (2021 y\u0131l\u0131 verilerine g\u00f6re)<br \/>\n<strong>Y\u00fcz \u00d6l\u00e7\u00fcm\u00fc:<\/strong> 348 km\u00b2<\/p>\n<p><strong>\u0130klimi:\u00a0<\/strong>Il\u0131man, nemli bir subtropikal iklime sahiptir. Yazlar\u0131 s\u0131cak ve nemli, k\u0131\u015flar\u0131 ise \u0131l\u0131k ve ya\u011f\u0131\u015fl\u0131 ge\u00e7er. Mevsimler aras\u0131ndaki farklar olduk\u00e7a belirgindir ve hava \u015fartlar\u0131 genellikle de\u011fi\u015fkendir. Yaz aylar\u0131, s\u0131cak ve nemlidir. G\u00fcnd\u00fcz s\u0131cakl\u0131klar\u0131 30 dereceyi a\u015fabilir ve nem oran\u0131 y\u00fcksektir. Atlanta&#8217;da hava durumu, genellikle h\u0131zl\u0131 bir \u015fekilde de\u011fi\u015febilir. \u00d6zellikle yaz aylar\u0131nda, k\u0131sa s\u00fcreli f\u0131rt\u0131nalar ve \u015fiddetli ya\u011f\u0131\u015flar g\u00f6r\u00fclebilir. K\u0131\u015f aylar\u0131, Aral\u0131k&#8217;tan \u015eubat&#8217;a kadar \u0131l\u0131k ve ya\u011f\u0131\u015fl\u0131 ge\u00e7er. S\u0131cakl\u0131k genellikle ortalama 10-15 derece aras\u0131ndad\u0131r. Kar ya\u011f\u0131\u015f\u0131 \u00e7ok nadir g\u00f6r\u00fclmektedir.<\/p>\n<p>\u0130lkbahar ve sonbahar aylar\u0131 ise, genellikle \u0131l\u0131k ve ya\u011f\u0131\u015fl\u0131d\u0131r. Hava s\u0131cakl\u0131klar\u0131 ortalama 20-25 derece aras\u0131nda de\u011fi\u015fir. Bu d\u00f6nemlerde ya\u011f\u0131\u015flar daha azd\u0131r ve hava genellikle daha dengelidir.<\/p>\n<p><strong>Ula\u015f\u0131m:<\/strong> Metroya MARTA (Metropolitan Atlanta Rapid Transit Authority) ad\u0131 verilir ve \u015fehrin kuzey- g\u00fcney ve do\u011fu-bat\u0131 y\u00f6nleri boyunca uzan\u0131r. \u0130ki hat \u00fczerinde hizmet veren MARTA, Hartsfield-Jackson Atlanta Uluslararas\u0131 Havaalan\u0131&#8217;na da ba\u011flan\u0131r.<\/p>\n<p>Otob\u00fcsler, \u015fehir merkezi ve metro istasyonlar\u0131na ek olarak, \u015fehir genelinde\u00a0 bir\u00e7ok g\u00fczerg\u00e2hta hizmet verir. Marta otob\u00fcsleri, gece otob\u00fcsleri ve Xpress otob\u00fcsleri, \u015fehir i\u00e7i ve \u015fehirleraras\u0131 ula\u015f\u0131m i\u00e7in kullan\u0131labilir.<\/p>\n<p>Taksi, Uber ve Lyft gibi \u00f6zel ara\u00e7 hizmetleri de Atlanta&#8217;da mevcuttur. Ayr\u0131ca, bir\u00e7ok ara\u00e7 kiralama \u015firketi de havaalan\u0131nda ve \u015fehir merkezinde hizmet vermektedir.<\/p>\n<p>Bisikletle ula\u015f\u0131m, son y\u0131llarda Atlanta&#8217;da pop\u00fcler hale gelmi\u015ftir. \u015eehirdeki bir\u00e7ok park ve ye\u015fil alan, bisiklet yollar\u0131 ve bisiklet kiralamak i\u00e7in kiosklarla donat\u0131lm\u0131\u015ft\u0131r. Ayr\u0131ca, Atlanta BeltLine ad\u0131 verilen bir proje, y\u00fcr\u00fcy\u00fc\u015f, ko\u015fu ve bisiklet i\u00e7in kullan\u0131lan 35 kilometrelik bir yolu i\u00e7erir.<\/p>\n<p><img loading=\"lazy\" decoding=\"async\" class=\"alignnone size-full wp-image-557\" src=\"https:\/\/amerikadil.com\/wp-content\/uploads\/2023\/02\/Atlanta-Ulasim.png\" alt=\"\" width=\"900\" height=\"450\" srcset=\"https:\/\/amerikadil.com\/wp-content\/uploads\/2023\/02\/Atlanta-Ulasim.png 900w, https:\/\/amerikadil.com\/wp-content\/uploads\/2023\/02\/Atlanta-Ulasim-300x150.png 300w, https:\/\/amerikadil.com\/wp-content\/uploads\/2023\/02\/Atlanta-Ulasim-768x384.png 768w\" sizes=\"auto, (max-width: 900px) 100vw, 900px\" \/><\/p>\n<p><strong>Yemek K\u00fclt\u00fcr\u00fc:<\/strong> Atlanta, g\u00fcney eyaletleri mutfa\u011f\u0131ndan etkilenen ve ayn\u0131 zamanda d\u00fcnya mutfaklar\u0131ndan esinlenen bir yemek k\u00fclt\u00fcr\u00fcne sahiptir. \u015eehir, pek \u00e7ok yerel restoran\u0131, kafe ve bar\u0131 ile lezzetli yemekler sunar. Atlanta, d\u00fcnya mutfa\u011f\u0131ndan da bir\u00e7ok se\u00e7enek sunar. \u015eehirdeki restoranlar aras\u0131nda \u0130talyan, \u00c7in, Japon, Kore, Meksika, Tay ve Hint mutfa\u011f\u0131 gibi farkl\u0131 se\u00e7enekler yer al\u0131r. G\u00fcney mutfa\u011f\u0131, Atlanta&#8217;da \u00f6zellikle pop\u00fclerdir. Bisk\u00fcvi, gravy, k\u0131zarm\u0131\u015f tavuk, k\u0131zarm\u0131\u015f ye\u015fil domates ve collard ye\u015fillikleri gibi tipik g\u00fcney yemekleri, \u015fehrin bir\u00e7ok restoran\u0131nda bulunabilir. Bunun yan\u0131 s\u0131ra, deniz \u00fcr\u00fcnleri de Atlanta mutfa\u011f\u0131nda \u00f6nemli bir yer tutar. G\u00fcney eyaletlerine \u00f6zg\u00fc, barbek\u00fc ve jambalaya gibi di\u011fer pop\u00fcler yemekler de Atlanta&#8217;da kolayca bulunabilir.<\/p>\n<p>Her b\u00fct\u00e7eye uygun bir\u00e7ok se\u00e7enek ile y\u00fcksek kaliteli yemekler sunan fine dining restoranlar\u0131 yan\u0131 s\u0131ra, daha rahat atmosferde yemek yiyebilece\u011finiz yerel restoranlar, food truck&#8217;lar ve fast food zincirleri de mevcuttur.<\/p>\n<p>Bunun yan\u0131 s\u0131ra, \u015fehirdeki bir\u00e7ok semt, benzersiz bir yemek k\u00fclt\u00fcr\u00fcne sahiptir. Midtown&#8217;da \u00f6zellikle pop\u00fcler olan restoranlar aras\u0131nda G\u00fcney yemekleri sunan Mary Mac&#8217;s Tea Room ve g\u00fczel manzaras\u0131yla dikkat \u00e7eken Park Tavern gibi yerler yer al\u0131r. Buckhead&#8217;deki restoranlar daha l\u00fcks, Downtown&#8217;da ise hem turistik hem yerli ziyaret\u00e7ilere hitap eden geni\u015f bir mutfak se\u00e7ene\u011fi bulunmaktad\u0131r.<\/p>\n<p>Atlanta, yemeklerin yan\u0131 s\u0131ra bir\u00e7ok pop\u00fcler bar\u0131, kafe ve gece hayat\u0131 mekan\u0131yla da \u00fcnl\u00fcd\u00fcr. E\u011flenceli bir ak\u015fam yeme\u011fi i\u00e7in Downtown veya Midtown&#8217;da bir\u00e7ok se\u00e7enek bulabilirsiniz.<\/p>\n<p><strong>Turistik Mekanlar:<\/strong> D\u00fcnyan\u0131n en b\u00fcy\u00fck akvaryumlar\u0131ndan biri olan Georgia Aquarium, 100.000&#8217;den fazla deniz canl\u0131s\u0131na ev sahipli\u011fi yapmaktad\u0131r. Merakl\u0131s\u0131 i\u00e7in akvaryumun giri\u015f \u00fccretleri 43-47 Dolar aras\u0131nda de\u011fi\u015fmektedir.<\/p>\n<p>World of Coca-Cola m\u00fczesinde, d\u00fcnyaca \u00fcnl\u00fc i\u00e7ece\u011fin tarihini ve \u00fcretim s\u00fcrecini ve pop\u00fclaritesinin nas\u0131l bu zamana kadar geldi\u011fini ke\u015ffedebilirsiniz. Martin Luther King Jr. Ulusal Tarihi Park\u0131, insan haklar\u0131 hareketinin \u00f6nc\u00fcs\u00fc Martin Luther King Jr.&#8217;\u0131n do\u011fum yeri ve mezar\u0131n\u0131 i\u00e7ermektedir. Atlanta History Center\u2019da ise \u015fehrin tarihini, k\u00fclt\u00fcr\u00fcn\u00fc ve mimarisini sergileyen m\u00fcze, 19. y\u00fczy\u0131l\u0131n sonundan 20. y\u00fczy\u0131l\u0131n ba\u015flar\u0131na kadar olan d\u00f6nemi kapsamaktad\u0131r.<\/p>\n<p><img loading=\"lazy\" decoding=\"async\" class=\"alignnone size-full wp-image-558\" src=\"https:\/\/amerikadil.com\/wp-content\/uploads\/2023\/02\/Atlanta-Gezilecek-Yerler.png\" alt=\"\" width=\"900\" height=\"450\" srcset=\"https:\/\/amerikadil.com\/wp-content\/uploads\/2023\/02\/Atlanta-Gezilecek-Yerler.png 900w, https:\/\/amerikadil.com\/wp-content\/uploads\/2023\/02\/Atlanta-Gezilecek-Yerler-300x150.png 300w, https:\/\/amerikadil.com\/wp-content\/uploads\/2023\/02\/Atlanta-Gezilecek-Yerler-768x384.png 768w\" sizes=\"auto, (max-width: 900px) 100vw, 900px\" \/><\/p>\n<p>High Museum of Art, \u00e7e\u015fitli k\u00fclt\u00fcrlerden gelen eserleri bar\u0131nd\u0131ran bir m\u00fczedir ve modern ve \u00e7a\u011fda\u015f sanata odaklanmaktad\u0131r. 1920&#8217;lerden kalma Fox tiyatrosunda, \u015fehrin k\u00fclt\u00fcrel miras\u0131n\u0131n \u00f6nemli bir par\u00e7as\u0131d\u0131r ve hala konserler, m\u00fczikaller ve di\u011fer performanslar i\u00e7in kullan\u0131lmaktad\u0131r.<\/p>\n<p>Ayr\u0131ca, Fernbank Science Center, Children\u2019s Museum of Atlanta gibi bir\u00e7ok pop\u00fcler<br \/>\nkonumu gezebilirsiniz. Son olarak National Center for Civil and Human Rights, Amerikan Sivil Haklar hareketine odaklanmaktad\u0131r. Buras\u0131 uluslararas\u0131 insan haklar\u0131 ve Amerika\u2019n\u0131n d\u00f6n\u00fc\u015f\u00fcm\u00fc hakk\u0131nda bilgi sahibi olabilece\u011finiz bir merkezdir.<\/p>\n<\/div>\n\t\t\t\t<\/div>\n\t\t\t\t<\/div>\n\t\t\t\t\t<\/div>\n\t\t<\/div>\n\t\t\t\t\t\t\t<\/div>\n\t\t<\/section>\n\t\t\t\t\t\t\t<\/div>\n\t\t","protected":false},"excerpt":{"rendered":"<p>ATLANTA<\/p>\n","protected":false},"author":1,"featured_media":0,"parent":0,"menu_order":0,"comment_status":"closed","ping_status":"closed","template":"","meta":{"footnotes":""},"class_list":["post-555","page","type-page","status-publish","hentry"],"_links":{"self":[{"href":"https:\/\/amerikadil.com\/index.php?rest_route=\/wp\/v2\/pages\/555","targetHints":{"allow":["GET"]}}],"collection":[{"href":"https:\/\/amerikadil.com\/index.php?rest_route=\/wp\/v2\/pages"}],"about":[{"href":"https:\/\/amerikadil.com\/index.php?rest_route=\/wp\/v2\/types\/page"}],"author":[{"embeddable":true,"href":"https:\/\/amerikadil.com\/index.php?rest_route=\/wp\/v2\/users\/1"}],"replies":[{"embeddable":true,"href":"https:\/\/amerikadil.com\/index.php?rest_route=%2Fwp%2Fv2%2Fcomments&post=555"}],"version-history":[{"count":3,"href":"https:\/\/amerikadil.com\/index.php?rest_route=\/wp\/v2\/pages\/555\/revisions"}],"predecessor-version":[{"id":561,"href":"https:\/\/amerikadil.com\/index.php?rest_route=\/wp\/v2\/pages\/555\/revisions\/561"}],"wp:attachment":[{"href":"https:\/\/amerikadil.com\/index.php?rest_route=%2Fwp%2Fv2%2Fmedia&parent=555"}],"curies":[{"name":"wp","href":"https:\/\/api.w.org\/{rel}","templated":true}]}}