{"id":377,"date":"2023-02-20T13:29:37","date_gmt":"2023-02-20T10:29:37","guid":{"rendered":"https:\/\/amerikadil.com\/?page_id=377"},"modified":"2023-02-20T13:34:15","modified_gmt":"2023-02-20T10:34:15","slug":"san-fransico-amerika-sehir-rehberi","status":"publish","type":"page","link":"https:\/\/amerikadil.com\/?page_id=377","title":{"rendered":"San Francisco \u2013 Amerika \u2013 \u015eehir Rehberi"},"content":{"rendered":"\t\t<div data-elementor-type=\"wp-page\" data-elementor-id=\"377\" class=\"elementor elementor-377\">\n\t\t\t\t\t\t\t\t\t<section class=\"elementor-section elementor-top-section elementor-element elementor-element-dad3724 elementor-section-boxed elementor-section-height-default elementor-section-height-default\" data-id=\"dad3724\" data-element_type=\"section\">\n\t\t\t\t\t\t<div class=\"elementor-container elementor-column-gap-default\">\n\t\t\t\t\t<div class=\"elementor-column elementor-col-100 elementor-top-column elementor-element elementor-element-59122f7\" data-id=\"59122f7\" data-element_type=\"column\">\n\t\t\t<div class=\"elementor-widget-wrap elementor-element-populated\">\n\t\t\t\t\t\t\t\t<div class=\"elementor-element elementor-element-2585899 elementor-widget elementor-widget-image\" data-id=\"2585899\" data-element_type=\"widget\" data-widget_type=\"image.default\">\n\t\t\t\t<div class=\"elementor-widget-container\">\n\t\t\t<style>\/*! elementor - v3.11.1 - 15-02-2023 *\/\n.elementor-widget-image{text-align:center}.elementor-widget-image a{display:inline-block}.elementor-widget-image a img[src$=\".svg\"]{width:48px}.elementor-widget-image img{vertical-align:middle;display:inline-block}<\/style>\t\t\t\t\t\t\t\t\t\t\t\t<img loading=\"lazy\" decoding=\"async\" width=\"400\" height=\"300\" src=\"https:\/\/amerikadil.com\/wp-content\/uploads\/2023\/02\/San-Francisco-1.png\" class=\"attachment-medium_large size-medium_large wp-image-378\" alt=\"\" srcset=\"https:\/\/amerikadil.com\/wp-content\/uploads\/2023\/02\/San-Francisco-1.png 400w, https:\/\/amerikadil.com\/wp-content\/uploads\/2023\/02\/San-Francisco-1-300x225.png 300w\" sizes=\"auto, (max-width: 400px) 100vw, 400px\" \/>\t\t\t\t\t\t\t\t\t\t\t\t\t\t\t<\/div>\n\t\t\t\t<\/div>\n\t\t\t\t<div class=\"elementor-element elementor-element-053d9a3 elementor-widget elementor-widget-heading\" data-id=\"053d9a3\" data-element_type=\"widget\" data-widget_type=\"heading.default\">\n\t\t\t\t<div class=\"elementor-widget-container\">\n\t\t\t<style>\/*! elementor - v3.11.1 - 15-02-2023 *\/\n.elementor-heading-title{padding:0;margin:0;line-height:1}.elementor-widget-heading .elementor-heading-title[class*=elementor-size-]>a{color:inherit;font-size:inherit;line-height:inherit}.elementor-widget-heading .elementor-heading-title.elementor-size-small{font-size:15px}.elementor-widget-heading .elementor-heading-title.elementor-size-medium{font-size:19px}.elementor-widget-heading .elementor-heading-title.elementor-size-large{font-size:29px}.elementor-widget-heading .elementor-heading-title.elementor-size-xl{font-size:39px}.elementor-widget-heading .elementor-heading-title.elementor-size-xxl{font-size:59px}<\/style><h2 class=\"elementor-heading-title elementor-size-default\">SAN FRANCISCO<\/h2>\t\t<\/div>\n\t\t\t\t<\/div>\n\t\t\t\t\t<\/div>\n\t\t<\/div>\n\t\t\t\t\t\t\t<\/div>\n\t\t<\/section>\n\t\t\t\t<section class=\"elementor-section elementor-top-section elementor-element elementor-element-5660c5e elementor-section-boxed elementor-section-height-default elementor-section-height-default\" data-id=\"5660c5e\" data-element_type=\"section\">\n\t\t\t\t\t\t<div class=\"elementor-container elementor-column-gap-default\">\n\t\t\t\t\t<div class=\"elementor-column elementor-col-100 elementor-top-column elementor-element elementor-element-69eb9d3\" data-id=\"69eb9d3\" data-element_type=\"column\">\n\t\t\t<div class=\"elementor-widget-wrap elementor-element-populated\">\n\t\t\t\t\t\t\t\t<div class=\"elementor-element elementor-element-d9472eb elementor-widget elementor-widget-wp-widget-text\" data-id=\"d9472eb\" data-element_type=\"widget\" data-widget_type=\"wp-widget-text.default\">\n\t\t\t\t<div class=\"elementor-widget-container\">\n\t\t\t\t\t\t<div class=\"textwidget\"><p>San Francisco, Amerika Birle\u015fik Devletleri&#8217;nin Kaliforniya eyaletinde bulunan bir \u015fehirdir. California&#8217;n\u0131n kuzey sahilinde yer alan San Francisco, Pasifik Okyanusu&#8217;na k\u0131y\u0131s\u0131 olan bir \u015fehirdir. Kendine \u00f6zg\u00fc mimarisi, \u00fcnl\u00fc turistik yerleri, k\u00fclt\u00fcrel etkinlikleri ve g\u00f6z al\u0131c\u0131 manzaralar\u0131yla ziyaret\u00e7ileri kendine \u00e7ekmektedir. Nispeten k\u00fc\u00e7\u00fck bir y\u00fcz\u00f6l\u00e7\u00fcm\u00fcne sahiptir ve \u015fehir Kaliforniya eyaletinin d\u00f6rd\u00fcnc\u00fc b\u00fcy\u00fck \u015fehri olarak bilinir. San Francisco, Golden Gate K\u00f6pr\u00fcs\u00fc, Alcatraz Adas\u0131 ve kentsel park\u0131 Golden Gate Park gibi ikonik yap\u0131lar\u0131 ve do\u011fal g\u00fczellikleriyle tan\u0131nmaktad\u0131r. San Francisco, Golden Gate K\u00f6pr\u00fcs\u00fc, Alcatraz Adas\u0131, Fisherman&#8217;s Wharf, Chinatown, Haight-Ashbury, Union Meydan\u0131 ve Lombard Street gibi bir\u00e7ok turistik yere ev sahipli\u011fi yapar. Ayr\u0131ca San Francisco, say\u0131s\u0131z m\u00fczesi, sanat galerileri, tiyatrolar\u0131, parklar\u0131 ve bah\u00e7eleri ile de zengin bir k\u00fclt\u00fcr miras\u0131na sahiptir.<\/p>\n<p>San Francisco&#8217;nun kendine \u00f6zg\u00fc atmosferi, mahalleleri ve yemekleri de \u00fcnl\u00fcd\u00fcr. \u015eehir, \u0130talyan, \u00c7in ve Latin k\u00fclt\u00fcrlerinin etkisi alt\u0131ndad\u0131r ve bu farkl\u0131 k\u00fclt\u00fcrlerin birle\u015fimi, ziyaret\u00e7ilere lezzetli bir yemek se\u00e7ene\u011fi sunar.<\/p>\n<p>San Francisco ayr\u0131ca, y\u0131l boyunca bir\u00e7ok festival, konser ve etkinli\u011fe ev sahipli\u011fi yapar. San Francisco Uluslararas\u0131 Film Festivali, San Francisco Caz Festivali gibi etkinlikler, ziyaret\u00e7ilere e\u015fsiz bir deneyim sunar. D\u00fcnya \u00e7ap\u0131nda bir turistik ve k\u00fclt\u00fcrel merkezdir. Ziyaret\u00e7iler, \u015fehrin benzersiz atmosferi, \u00fcnl\u00fc turistik yerleri, k\u00fclt\u00fcrel etkinlikleri ve lezzetli yemekleriyle b\u00fcy\u00fcleneceklerdir.<\/p>\n<p><strong>Tarihi:<\/strong> 1849&#8217;da California Alt\u0131na H\u00fccumu olarak bilinen alt\u0131n ke\u015ffi, San Francisco&#8217;yu d\u00fcnyan\u0131n en h\u0131zl\u0131 b\u00fcy\u00fcyen kentlerinden biri haline getirdi. Alt\u0131n madencili\u011fi, \u015fehrin h\u0131zl\u0131 bir \u015fekilde b\u00fcy\u00fcmesini sa\u011flad\u0131 ve k\u0131sa s\u00fcrede bir\u00e7ok g\u00f6steri\u015fli bina, otel, opera evi ve tiyatro in\u015fa edildi. 1906 San Francisco depremi ve yang\u0131n\u0131, \u015fehirde b\u00fcy\u00fck y\u0131k\u0131ma neden oldu. \u015eehir, depremin ard\u0131ndan yeniden yap\u0131land\u0131r\u0131ld\u0131 ve yeniden in\u015fa edildi.<\/p>\n<p>San Francisco, Amerikan Bat\u0131&#8217;s\u0131n\u0131n h\u0131zl\u0131 geli\u015fimine \u015fahit olmu\u015f, 19. y\u00fczy\u0131l\u0131n ortalar\u0131ndan itibaren \u00f6nemli bir ticaret, k\u00fclt\u00fcr ve sanayi merkezi haline gelmi\u015ftir. 1960&#8217;lar\u0131n k\u00fclt\u00fcrel devriminde \u00f6nde gelen bir yerle\u015fim yeriydi ve Beat Ku\u015fa\u011f\u0131 olarak bilinen yazarlar, \u015fairler ve sanat\u00e7\u0131lar burada ortak paydada toplanm\u0131\u015flard\u0131. Ayr\u0131ca, 1967&#8217;de &#8220;Yaz A\u015fk\u0131&#8221;olarak bilinen hippi k\u00fclt\u00fcr\u00fcn\u00fcn do\u011fum yeri olarak da \u00fcn kazand\u0131.<\/p>\n<p>Bug\u00fcn, San Francisco, turizm, finans, teknoloji ve sanat sekt\u00f6rlerinde \u00f6nde gelen bir<br \/>\nmerkezdir. \u015eehir, bir\u00e7ok \u00fcnl\u00fc turistik yerlere ev sahipli\u011fi yapar, muhte\u015fem manzaralar sunar ve \u00e7e\u015fitli k\u00fclt\u00fcrel etkinliklere ev sahipli\u011fi yapar. Silikon Vadisi&#8217;nin merkezine olduk\u00e7a yak\u0131n bir konumda yer al\u0131r ve bir\u00e7ok teknoloji \u015firketi burada ofis a\u00e7m\u0131\u015ft\u0131r. G\u00fcn\u00fcm\u00fczde, ileri teknoloji sekt\u00f6r\u00fc ve giri\u015fimcilik k\u00fclt\u00fcr\u00fcyle bilinir.<\/p>\n<p><strong>N\u00fcfusu:<\/strong> 883,000 (2020 y\u0131l\u0131 verilerine g\u00f6re)<br \/>\n<strong>Y\u00fcz \u00d6l\u00e7\u00fcm\u00fc:<\/strong> 121,4 km\u00b2<\/p>\n<p><strong>\u0130klimi:<\/strong> San Francisco&#8217;nun iklimi \u0131l\u0131man bir deniz iklimidir. Yazlar\u0131 genellikle serin ve kuru, k\u0131\u015flar\u0131 ise \u0131l\u0131k ve ya\u011f\u0131\u015fl\u0131d\u0131r. San Francisco&#8217;da s\u0131k s\u0131k sis g\u00f6r\u00fcl\u00fcr ve r\u00fczgarl\u0131 bir \u015fehirdir. Y\u0131l boyunca s\u0131cakl\u0131k genellikle 10-20 \u00b0C aras\u0131nda de\u011fi\u015fir. Yaz aylar\u0131nda s\u0131cakl\u0131klar ortalama olarak 12-21\u00b0C aras\u0131nda de\u011fi\u015firken, k\u0131\u015f aylar\u0131nda ortalama s\u0131cakl\u0131klar 8-15\u00b0C aras\u0131ndad\u0131r. San Francisco&#8217;da ya\u011f\u0131\u015f genellikle Kas\u0131m-Nisan aylar\u0131 aras\u0131nda yo\u011funla\u015f\u0131r ve y\u0131l boyunca ortalama olarak 500-600 mm ya\u011f\u0131\u015f d\u00fc\u015fer.<\/p>\n<p><strong>Ula\u015f\u0131m:\u00a0<\/strong>San Francisco&#8217;da ula\u015f\u0131m olduk\u00e7a \u00e7e\u015fitlidir ve trafik genellikle yo\u011fundur. Ancak, \u015fehirde toplu ta\u015f\u0131ma se\u00e7enekleri olduk\u00e7a geli\u015fmi\u015ftir ve ula\u015f\u0131m i\u00e7in farkl\u0131 alternatifler bulunmaktad\u0131r.<\/p>\n<p>MUNI ad\u0131 verilen toplu ta\u015f\u0131ma sistemi, otob\u00fcsler, metro trenleri ve tramvaylar gibi \u00e7e\u015fitli ara\u00e7lar\u0131 i\u00e7erir. \u015eehir i\u00e7i ula\u015f\u0131m i\u00e7in olduk\u00e7a uygun fiyatl\u0131 bir se\u00e7enektir. Bunun yan\u0131 s\u0131ra, San Francisco&#8217;da bisiklet kullan\u0131m\u0131 olduk\u00e7a yayg\u0131nd\u0131r. \u015eehirde bir\u00e7ok bisiklet yolu ve kiral\u0131k bisiklet istasyonu bulunmaktad\u0131r. Elektrikli scooterlar, bisikletler de son zamanlarda pop\u00fcler hale gelmi\u015ftir. Ayr\u0131ca, Uber, Lyft ve di\u011fer \u015firketlerin sundu\u011fu payla\u015f\u0131ml\u0131 ara\u00e7 kiralama hizmetleri de mevcuttur. San Francisco&#8217;da tarihi tramvaylar\u0131yla da \u00fcnl\u00fc olan Cable Car ad\u0131 verilen turistik bir ula\u015f\u0131m sistemi de bulunmaktad\u0131r. Bu sistemi kullanarak, turistik yerleri ke\u015ffetmek olduk\u00e7a keyifli bir deneyim olabilir.<\/p>\n<p><img loading=\"lazy\" decoding=\"async\" class=\"alignnone size-full wp-image-379\" src=\"https:\/\/amerikadil.com\/wp-content\/uploads\/2023\/02\/San-Francisco-ulasim.png\" alt=\"\" width=\"900\" height=\"450\" srcset=\"https:\/\/amerikadil.com\/wp-content\/uploads\/2023\/02\/San-Francisco-ulasim.png 900w, https:\/\/amerikadil.com\/wp-content\/uploads\/2023\/02\/San-Francisco-ulasim-300x150.png 300w, https:\/\/amerikadil.com\/wp-content\/uploads\/2023\/02\/San-Francisco-ulasim-768x384.png 768w\" sizes=\"auto, (max-width: 900px) 100vw, 900px\" \/><\/p>\n<p><strong>Yemek K\u00fclt\u00fcr\u00fc:<\/strong> San Francisco, farkl\u0131 k\u00fclt\u00fcrlerden etkilenen zengin bir yemek k\u00fclt\u00fcr\u00fcne sahiptir. \u015eehirde d\u00fcnya mutfaklar\u0131ndan bir\u00e7ok lezzetli se\u00e7enek bulabilirsiniz. San Francisco, deniz \u00fcr\u00fcnleri konusunda olduk\u00e7a \u00fcnl\u00fcd\u00fcr. \u015eehirdeki bir\u00e7ok restoran taze deniz \u00fcr\u00fcnleri sunar.<\/p>\n<p>\u00d6zellikle Fisherman&#8217;s Wharf ve Pier 39 gibi turistik b\u00f6lgelerde, deniz \u00fcr\u00fcnleri restoranlar\u0131na s\u0131k\u00e7a rastlayabilirsiniz. San Francisco&#8217;da Chinatown ad\u0131 verilen \u00c7in mahallesi bulunur ve burada bir\u00e7ok \u00c7in restoran\u0131 mevcuttur. \u00d6zellikle dim sum, noodle ve k\u0131zarm\u0131\u015f pirin\u00e7 yemekleri gibi geleneksel \u00c7in yemeklerini burada tad\u0131lmas\u0131 \u00f6nerilen lezzetlerdendir. North Beach ad\u0131 verilen \u0130talyan mahallesinde, \u0130talyan restoranlar\u0131 ve kafeleri s\u0131k\u00e7a g\u00f6r\u00fcl\u00fcr. Burada pizza, makarna, tiramisu gibi \u0130talyan lezzetlerini tadabilirsiniz. &#8220;sourdough bread&#8221; ad\u0131 verilen<br \/>\nek\u015fi mayal\u0131 ekmek, cioppino adl\u0131 deniz \u00fcr\u00fcnleri \u00e7orbas\u0131, Mission Burrito adl\u0131 b\u00fcy\u00fck ve lezzetli Meksika sandvi\u00e7leri gibi \u015fehre \u00f6zg\u00fc yemekler be\u011fenilen favori yemeklerdendir. Ayr\u0131ca, sa\u011fl\u0131kl\u0131 ve organik yemekler sunan bir\u00e7ok restoran mevcuttur. Yerel \u00fcreticilerden elde edilen taze sebzeler ve meyveler, organik et ve s\u00fct \u00fcr\u00fcnleri, vegan ve vejetaryen se\u00e7enekleri ile kaliteli yemekler sunan restoranlarda \u00f6zellikle kahvalt\u0131 ve brunch keyfi yapabilirsiniz. En pop\u00fcler b\u00f6lgeler aras\u0131nda, Fisherman&#8217;s Wharf, Chinatown, North Beach, Mission District, Castro ve Hayes Valley gibi bilindik restoranlar bulunmaktad\u0131r.<\/p>\n<p><img loading=\"lazy\" decoding=\"async\" class=\"alignnone size-full wp-image-380\" src=\"https:\/\/amerikadil.com\/wp-content\/uploads\/2023\/02\/San-Francisco-Yemek.png\" alt=\"\" width=\"900\" height=\"450\" srcset=\"https:\/\/amerikadil.com\/wp-content\/uploads\/2023\/02\/San-Francisco-Yemek.png 900w, https:\/\/amerikadil.com\/wp-content\/uploads\/2023\/02\/San-Francisco-Yemek-300x150.png 300w, https:\/\/amerikadil.com\/wp-content\/uploads\/2023\/02\/San-Francisco-Yemek-768x384.png 768w\" sizes=\"auto, (max-width: 900px) 100vw, 900px\" \/><\/p>\n<p><strong>Turistik Mekanlar:<\/strong> San Francisco denince akla gelen Golden Gate K\u00f6pr\u00fcs\u00fc, \u015fehrin en \u00fcnl\u00fc turistik yerlerinden biridir. K\u00f6pr\u00fcy\u00fc y\u00fcr\u00fcyerek veya bisiklet kiralayarak gezmenizi \u00f6neririm. Ayr\u0131ca, k\u00f6pr\u00fcy\u00fc kar\u015f\u0131dan g\u00f6rebilece\u011finiz Golden Gate Park&#8217;a da u\u011frayabilirsiniz. San Francisco K\u00f6rfezi&#8217;nde yer alan Alcatraz Adas\u0131, tarihi bir hapishane ve turistik bir mekan olarak ziyaret edilebilir. Adada d\u00fczenlenen turlarda, eski hapishane binalar\u0131n\u0131 gezebilir ve tarihi bilgiler edinebilirsiniz.<\/p>\n<p><img loading=\"lazy\" decoding=\"async\" class=\"alignnone size-full wp-image-381\" src=\"https:\/\/amerikadil.com\/wp-content\/uploads\/2023\/02\/Alcatraz-Adasi.png\" alt=\"\" width=\"900\" height=\"300\" srcset=\"https:\/\/amerikadil.com\/wp-content\/uploads\/2023\/02\/Alcatraz-Adasi.png 900w, https:\/\/amerikadil.com\/wp-content\/uploads\/2023\/02\/Alcatraz-Adasi-300x100.png 300w, https:\/\/amerikadil.com\/wp-content\/uploads\/2023\/02\/Alcatraz-Adasi-768x256.png 768w\" sizes=\"auto, (max-width: 900px) 100vw, 900px\" \/><\/p>\n<p>Tarihi Victorian evleri olarak bilinen Painted Ladies, Alamo Square Park&#8217;ta yer al\u0131r. Bu renkli evler, \u015fehrin sembolik ve ikonik yap\u0131lar\u0131ndan biridir. Bir\u00e7ok turistin foto\u011fraf \u00e7ektirmek i\u00e7in gitmek istedi\u011fi u\u011frak mekanlardan biridir. Ayr\u0131ca, San Francisco\u2019da d\u00fcnyan\u0131n en dik ve virajl\u0131 soka\u011f\u0131 olan Lombard Soka\u011f\u0131na denk gelmeniz m\u00fcmk\u00fcn. California Bilim Merkezi, San Francisco&#8217;daki en pop\u00fcler m\u00fczelerden biridir. M\u00fczede, insan v\u00fccudu, uzay, do\u011fal tarih, teknoloji ve di\u011fer bilim alanlar\u0131n\u0131 ke\u015ffetmek i\u00e7in interaktif sergiler yer almaktad\u0131r. California Palace of the Legion of Honor m\u00fczesinde, Antik Roma ve Yunan heykelleri, Avrupai tarzda ve di\u011fer modern eserler sergilenmektedir. San Francisco&#8217;daki tarihi sinemalar, film tutkunlar\u0131 i\u00e7in harika bir yer olarak bilinir: Castro Theatre, Balboa Theatre ve Roxie Cinema gibi yerlerde eski filmler izleyebilirsiniz.<\/p>\n<p>&nbsp;<\/p>\n<\/div>\n\t\t\t\t<\/div>\n\t\t\t\t<\/div>\n\t\t\t\t\t<\/div>\n\t\t<\/div>\n\t\t\t\t\t\t\t<\/div>\n\t\t<\/section>\n\t\t\t\t\t\t\t<\/div>\n\t\t","protected":false},"excerpt":{"rendered":"<p>SAN FRANCISCO<\/p>\n","protected":false},"author":1,"featured_media":0,"parent":0,"menu_order":0,"comment_status":"closed","ping_status":"closed","template":"","meta":{"footnotes":""},"class_list":["post-377","page","type-page","status-publish","hentry"],"_links":{"self":[{"href":"https:\/\/amerikadil.com\/index.php?rest_route=\/wp\/v2\/pages\/377","targetHints":{"allow":["GET"]}}],"collection":[{"href":"https:\/\/amerikadil.com\/index.php?rest_route=\/wp\/v2\/pages"}],"about":[{"href":"https:\/\/amerikadil.com\/index.php?rest_route=\/wp\/v2\/types\/page"}],"author":[{"embeddable":true,"href":"https:\/\/amerikadil.com\/index.php?rest_route=\/wp\/v2\/users\/1"}],"replies":[{"embeddable":true,"href":"https:\/\/amerikadil.com\/index.php?rest_route=%2Fwp%2Fv2%2Fcomments&post=377"}],"version-history":[{"count":4,"href":"https:\/\/amerikadil.com\/index.php?rest_route=\/wp\/v2\/pages\/377\/revisions"}],"predecessor-version":[{"id":385,"href":"https:\/\/amerikadil.com\/index.php?rest_route=\/wp\/v2\/pages\/377\/revisions\/385"}],"wp:attachment":[{"href":"https:\/\/amerikadil.com\/index.php?rest_route=%2Fwp%2Fv2%2Fmedia&parent=377"}],"curies":[{"name":"wp","href":"https:\/\/api.w.org\/{rel}","templated":true}]}}