{"id":351,"date":"2023-02-20T11:43:13","date_gmt":"2023-02-20T08:43:13","guid":{"rendered":"https:\/\/amerikadil.com\/?page_id=351"},"modified":"2023-02-20T11:49:00","modified_gmt":"2023-02-20T08:49:00","slug":"boston-amerika-sehir-rehberi","status":"publish","type":"page","link":"https:\/\/amerikadil.com\/?page_id=351","title":{"rendered":"Boston \u2013 Amerika \u2013 \u015eehir Rehberi"},"content":{"rendered":"\t\t<div data-elementor-type=\"wp-page\" data-elementor-id=\"351\" class=\"elementor elementor-351\">\n\t\t\t\t\t\t\t\t\t<section class=\"elementor-section elementor-top-section elementor-element elementor-element-0aa586c elementor-section-boxed elementor-section-height-default elementor-section-height-default\" data-id=\"0aa586c\" data-element_type=\"section\">\n\t\t\t\t\t\t<div class=\"elementor-container elementor-column-gap-default\">\n\t\t\t\t\t<div class=\"elementor-column elementor-col-100 elementor-top-column elementor-element elementor-element-139056a\" data-id=\"139056a\" data-element_type=\"column\">\n\t\t\t<div class=\"elementor-widget-wrap elementor-element-populated\">\n\t\t\t\t\t\t\t\t<div class=\"elementor-element elementor-element-8e173c2 elementor-widget elementor-widget-image\" data-id=\"8e173c2\" data-element_type=\"widget\" data-widget_type=\"image.default\">\n\t\t\t\t<div class=\"elementor-widget-container\">\n\t\t\t<style>\/*! elementor - v3.11.1 - 15-02-2023 *\/\n.elementor-widget-image{text-align:center}.elementor-widget-image a{display:inline-block}.elementor-widget-image a img[src$=\".svg\"]{width:48px}.elementor-widget-image img{vertical-align:middle;display:inline-block}<\/style>\t\t\t\t\t\t\t\t\t\t\t\t<img loading=\"lazy\" decoding=\"async\" width=\"400\" height=\"300\" src=\"https:\/\/amerikadil.com\/wp-content\/uploads\/2023\/02\/Boston...png\" class=\"attachment-medium_large size-medium_large wp-image-352\" alt=\"\" srcset=\"https:\/\/amerikadil.com\/wp-content\/uploads\/2023\/02\/Boston...png 400w, https:\/\/amerikadil.com\/wp-content\/uploads\/2023\/02\/Boston..-300x225.png 300w\" sizes=\"auto, (max-width: 400px) 100vw, 400px\" \/>\t\t\t\t\t\t\t\t\t\t\t\t\t\t\t<\/div>\n\t\t\t\t<\/div>\n\t\t\t\t\t<\/div>\n\t\t<\/div>\n\t\t\t\t\t\t\t<\/div>\n\t\t<\/section>\n\t\t\t\t<section class=\"elementor-section elementor-top-section elementor-element elementor-element-5dfedbe elementor-section-boxed elementor-section-height-default elementor-section-height-default\" data-id=\"5dfedbe\" data-element_type=\"section\">\n\t\t\t\t\t\t<div class=\"elementor-container elementor-column-gap-default\">\n\t\t\t\t\t<div class=\"elementor-column elementor-col-100 elementor-top-column elementor-element elementor-element-6334b24\" data-id=\"6334b24\" data-element_type=\"column\">\n\t\t\t<div class=\"elementor-widget-wrap elementor-element-populated\">\n\t\t\t\t\t\t\t\t<div class=\"elementor-element elementor-element-486d619 elementor-widget elementor-widget-heading\" data-id=\"486d619\" data-element_type=\"widget\" data-widget_type=\"heading.default\">\n\t\t\t\t<div class=\"elementor-widget-container\">\n\t\t\t<style>\/*! elementor - v3.11.1 - 15-02-2023 *\/\n.elementor-heading-title{padding:0;margin:0;line-height:1}.elementor-widget-heading .elementor-heading-title[class*=elementor-size-]>a{color:inherit;font-size:inherit;line-height:inherit}.elementor-widget-heading .elementor-heading-title.elementor-size-small{font-size:15px}.elementor-widget-heading .elementor-heading-title.elementor-size-medium{font-size:19px}.elementor-widget-heading .elementor-heading-title.elementor-size-large{font-size:29px}.elementor-widget-heading .elementor-heading-title.elementor-size-xl{font-size:39px}.elementor-widget-heading .elementor-heading-title.elementor-size-xxl{font-size:59px}<\/style><h2 class=\"elementor-heading-title elementor-size-default\">BOSTON<\/h2>\t\t<\/div>\n\t\t\t\t<\/div>\n\t\t\t\t\t<\/div>\n\t\t<\/div>\n\t\t\t\t\t\t\t<\/div>\n\t\t<\/section>\n\t\t\t\t<section class=\"elementor-section elementor-top-section elementor-element elementor-element-54d9789 elementor-section-boxed elementor-section-height-default elementor-section-height-default\" data-id=\"54d9789\" data-element_type=\"section\">\n\t\t\t\t\t\t<div class=\"elementor-container elementor-column-gap-default\">\n\t\t\t\t\t<div class=\"elementor-column elementor-col-100 elementor-top-column elementor-element elementor-element-9803e90\" data-id=\"9803e90\" data-element_type=\"column\">\n\t\t\t<div class=\"elementor-widget-wrap elementor-element-populated\">\n\t\t\t\t\t\t\t\t<div class=\"elementor-element elementor-element-e895f10 elementor-widget elementor-widget-wp-widget-text\" data-id=\"e895f10\" data-element_type=\"widget\" data-widget_type=\"wp-widget-text.default\">\n\t\t\t\t<div class=\"elementor-widget-container\">\n\t\t\t\t\t\t<div class=\"textwidget\"><p>Amerika Birle\u015fik Devletleri&#8217;nin kuzeydo\u011fu eyaleti Massachusetts&#8217;in ba\u015fkenti ve en b\u00fcy\u00fck \u015fehridir. ABD&#8217;nin en eski \u015fehirlerinden biri olan Boston, 1630 y\u0131l\u0131nda kurulmu\u015ftur. \u015eehirdeki bir\u00e7ok tarihi bina, park ve m\u00fcze, ziyaret\u00e7ilere ge\u00e7mi\u015fin izlerini takip etme\u00a0 imkan\u0131 sunar. Boston, Harvard \u00dcniversitesi, Massachusetts Institute of Technology (MIT), Boston College ve Boston \u00dcniversitesi gibi d\u00fcnya \u00e7ap\u0131nda tan\u0131nan bir\u00e7ok \u00fcniversiteye ev sahipli\u011fi yapar. Bu nedenle, Boston, gen\u00e7 ve dinamik bir n\u00fcfusa sahiptir ve akademik a\u00e7\u0131dan y\u00fcksek bir \u00f6neme sahiptir. \u00d6zellikle tarih ve k\u00fclt\u00fcr merakl\u0131lar\u0131, \u00f6\u011frenciler ve turistler i\u00e7in ke\u015ffedilecek bir\u00e7ok yer bar\u0131nd\u0131r\u0131r.<\/p>\n<p>Boston \u015fehri, kendine \u00f6zg\u00fc semtleriyle \u00fcnl\u00fcd\u00fcr. \u015eehir, toplam 23 semte ayr\u0131lm\u0131\u015ft\u0131r. Bunlar, Allston, Back Bay, Bay Village, Beacon Hill, Brighton, Charlestown, Chinatown\/Leather District, Dorchester, Downtown\/Financial District, East Boston, Fenway\/Kenmore, Hyde Park, Jamaica Plain, Mattapan, Mission Hill, North End, Roslindale, Roxbury, South Boston, South End, West End, West Roxbury ve Longwood semtidir. Her semtin kendine has bir tarihi ve karakteri vard\u0131r. \u00d6rne\u011fin, Beacon Hill, tarihi<br \/>\nevleri ve dar sokaklar\u0131 ile \u00fcnl\u00fcd\u00fcr. North End, \u0130talyan n\u00fcfusu, restoranlar\u0131 ve pastaneleriyle bilinirken, Back Bay, \u00fcnl\u00fc al\u0131\u015fveri\u015f caddesi Newbury Street ve mimarisiyle \u00fcnl\u00fcd\u00fcr. Her semtin kendine \u00f6zg\u00fc \u00f6zellikleri vard\u0131r ve her biri ayr\u0131 bir deneyim ve ke\u015ffetme heyecan\u0131 sunar.<\/p>\n<p><strong>Tarihi:<\/strong> 17. y\u00fczy\u0131l\u0131n ba\u015flar\u0131nda \u0130ngiliz kolonistler taraf\u0131ndan kurulmu\u015ftur ve ABD&#8217;nin en eski \u015fehirlerinden biridir. \u015eehrin ad\u0131, \u0130ngiliz \u015fehri Boston&#8217;dan gelmektedir. Boston, 1630 y\u0131l\u0131nda Massachusetts K\u00f6rfezi&#8217;nde kurulan Massachusetts K\u00f6rfezi Kolonisi&#8217;nin merkezi haline geldi. \u015eehir, Amerikan Ba\u011f\u0131ms\u0131zl\u0131k Sava\u015f\u0131 s\u0131ras\u0131nda \u00f6nemli bir rol oynad\u0131. Boston \u00c7ay Partisi gibi \u00f6nemli olaylara ev sahipli\u011fi yapt\u0131 ve Ba\u011f\u0131ms\u0131zl\u0131k Bildirisi&#8217;nin okundu\u011fu yerlerden biriydi. 19.y\u00fczy\u0131lda Boston, sanayi devrimi ve liman ticareti sayesinde h\u0131zla b\u00fcy\u00fcd\u00fc. \u015eehir, tekstil \u00fcr\u00fcnleri, ayakkab\u0131, ka\u011f\u0131t ve di\u011fer mallar\u0131n \u00fcretimi ile \u00fcnl\u00fcyd\u00fc. Ayn\u0131 zamanda, Harvard \u00dcniversitesi, Massachusetts Institute of Technology (MIT) ve Boston College gibi d\u00fcnya \u00e7ap\u0131nda tan\u0131nm\u0131\u015f \u00fcniversitelere ev sahipli\u011fi yapmas\u0131yla da \u00fcn kazand\u0131. 20. y\u00fczy\u0131lda Boston, \u00f6nemli bir ekonomik merkez haline geldi. Finans, sa\u011fl\u0131k hizmetleri, turizm ve e\u011fitim sekt\u00f6rleri geli\u015fti. \u0130stihdam olanaklar\u0131n\u0131n geni\u015flemesiyle de \u015fehirde i\u015f olanaklar\u0131n\u0131n \u00e7e\u015fitleni\u015fi artt\u0131 ve n\u00fcfusta h\u0131zl\u0131 bir art\u0131\u015f ya\u015fand\u0131. Bu 710.000\u2019lik n\u00fcfus, sadece Boston \u015fehir s\u0131n\u0131rlar\u0131 i\u00e7inde ya\u015fayan insanlar\u0131 i\u00e7erir ve yak\u0131n banliy\u00f6ler de dahil edildi\u011finde, b\u00fcy\u00fck Boston b\u00f6lgesinin toplam n\u00fcfusu yakla\u015f\u0131k 4,9 milyondur.<\/p>\n<p><strong>N\u00fcfus:<\/strong> 710.000 (merkez)<br \/>\n<strong>Y\u00fcz\u00f6l\u00e7\u00fcm\u00fc:<\/strong> 232.1 km2<\/p>\n<p><strong>\u0130klim:<\/strong> Boston, k\u0131\u015flar\u0131 so\u011fuk ve kar ya\u011f\u0131\u015fl\u0131, yazlar\u0131 ise \u0131l\u0131k ve nemli bir deniz iklimine sahiptir. K\u0131\u015f aylar\u0131 Aral\u0131k ile Mart aras\u0131ndad\u0131r ve ortalama s\u0131cakl\u0131klar 0-5 \u00b0C aras\u0131ndad\u0131r. Yaz aylar\u0131 haziran ile eyl\u00fcl aras\u0131ndad\u0131r ve ortalama s\u0131cakl\u0131klar 18-28 \u00b0C aras\u0131ndad\u0131r. Sonbahar ve ilkbahar aylar\u0131 \u0131l\u0131k ve ya\u011f\u0131\u015fl\u0131d\u0131r. B\u00f6lge ayr\u0131ca zaman zaman tropik f\u0131rt\u0131nalar\u0131n etkisi alt\u0131na girer ve yo\u011fun ya\u011f\u0131\u015f al\u0131r.<\/p>\n<p><img loading=\"lazy\" decoding=\"async\" class=\"alignnone size-full wp-image-353\" src=\"https:\/\/amerikadil.com\/wp-content\/uploads\/2023\/02\/Boston-Iklim.png\" alt=\"\" width=\"900\" height=\"450\" srcset=\"https:\/\/amerikadil.com\/wp-content\/uploads\/2023\/02\/Boston-Iklim.png 900w, https:\/\/amerikadil.com\/wp-content\/uploads\/2023\/02\/Boston-Iklim-300x150.png 300w, https:\/\/amerikadil.com\/wp-content\/uploads\/2023\/02\/Boston-Iklim-768x384.png 768w\" sizes=\"auto, (max-width: 900px) 100vw, 900px\" \/><\/p>\n<p><strong>Ula\u015f\u0131m:<\/strong> Boston\u2019da ula\u015f\u0131m, NY, LA gibi \u00e7ok fazla trafik sorunu i\u00e7ermez. \u015eehirde ula\u015f\u0131m genel olarak sorun te\u015fkil etmez. Fakat \u2018rush hour\u2019 diye bilinen saatlerde trafik s\u0131kl\u0131kla yo\u011fun olabildi\u011finden, araba kullanmak bu saatlerde zor olabilir.<\/p>\n<ul>\n<li><strong>Metroya binmek:<\/strong> Boston&#8217;da &#8220;T&#8221; olarak bilinen bir metro sistemi bulunmaktad\u0131r. Ye\u015fil, k\u0131rm\u0131z\u0131, mavi, turuncu ve g\u00fcm\u00fc\u015f hatlar\u0131, \u015fehirdeki bir\u00e7ok semte ula\u015f\u0131m imkan\u0131 sa\u011flar.<\/li>\n<li><strong>Otob\u00fcs:<\/strong> Boston&#8217;da bir\u00e7ok otob\u00fcs hatt\u0131 mevcuttur. Metro hatlar\u0131n\u0131n kapsamad\u0131\u011f\u0131 baz\u0131 yerlere otob\u00fcsle ula\u015fmak m\u00fcmk\u00fcnd\u00fcr.<\/li>\n<li><strong>Tramvay:<\/strong> Baz\u0131 semtlerde tramvay hatlar\u0131 da mevcuttur.<\/li>\n<li><strong>Bisiklet:<\/strong> Boston, bisiklet dostu bir \u015fehir olarak bilinmektedir. B\u00f6lgede bisiklet yollar\u0131 ve payla\u015f\u0131ml\u0131 bisiklet istasyonlar\u0131 mevcuttur.<\/li>\n<li><strong>Y\u00fcr\u00fcme:<\/strong> Boston, y\u00fcr\u00fcyerek ke\u015ffedilebilecek bir \u015fehirdir. \u00d6zellikle tarihi dokusuyla \u00fcnl\u00fc b\u00f6lgelerde y\u00fcr\u00fcy\u00fc\u015f yapmak olduk\u00e7a keyifli olabilir.<\/li>\n<\/ul>\n<p><strong>Yemek ve K\u00fclt\u00fcr:<\/strong> Boston yemek k\u00fclt\u00fcr\u00fc zengin ve \u00e7e\u015fitlidir. Ayr\u0131ca, Boston&#8217;da bir\u00e7ok \u00fcnl\u00fc \u00fcniversitenin var olmas\u0131 sebebiyle, b\u00f6lgede \u00f6\u011frencilere uygun fiyatl\u0131 yemek se\u00e7enekleri de mevcuttur. Ayr\u0131ca, \u0130ngiliz, \u0130rlandal\u0131 ve \u0130talyan k\u00f6kenli n\u00fcfusun etkisiyle multi-k\u00fclt\u00fcrel bir mutfak mevcuttur. Deniz \u00fcr\u00fcnleri Boston&#8217;un mutfa\u011f\u0131nda \u00f6nemli bir yere sahiptir ve lobstera dayal\u0131 yemekler pop\u00fclerdir. Ayr\u0131ca, kahvalt\u0131da kabuklu yemi\u015fler ve \u00e7\u0131t\u0131r ekme\u011fiyle birlikte servis edilen &#8220;Boston baked beans&#8221; adl\u0131 bir fasulye yeme\u011fi de yayg\u0131nd\u0131r. \u0130rlanda k\u00f6kenli yemekler de \u015fehirde pop\u00fclerdir, \u00f6zellikle de &#8220;corned beef and cabbage&#8221;; (tuzlu et ve lahana) ve &#8220;shepherd&#8217;s pie&#8221; (kuzu etiyle yap\u0131lan bir t\u00fcr kepekli tart). \u0130talyan mutfa\u011f\u0131 da Boston&#8217;da yayg\u0131nd\u0131r ve pizza, makarna, deniz \u00fcr\u00fcnleri ve antipasti gibi geleneksel yemekler sunulmaktad\u0131r. Boston ayr\u0131ca, d\u00fcnyan\u0131n her yerinden farkl\u0131 k\u00fclt\u00fcrlerin yemeklerini sunan bir\u00e7ok uluslararas\u0131 restoran\u0131yla da \u00fcnl\u00fcd\u00fcr. Yemek yenecek bir\u00e7ok pop\u00fcler mekan bulunmaktad\u0131r:<\/p>\n<p>Quincy Market, b\u00f6lgenin en \u00fcnl\u00fc yerlerinden farkl\u0131 lezzetleri bir arada sunan bir aland\u0131r. Bal\u0131k\u00e7\u0131lar, sandvi\u00e7\u00e7iler ve tatl\u0131c\u0131lar\u0131n yan\u0131 s\u0131ra, d\u00fcnya mutfa\u011f\u0131ndan lezzetler sunan restoranlar da mevcuttur. North End ise Boston&#8217;un \u0130talyan mahallesi olarak bilinir, \u0130talyan yemeklerinin en iyi \u00f6rneklerini sunan bir b\u00f6lgedir. Makarna, pizza, deniz \u00fcr\u00fcnleri ve \u0130talyan tatl\u0131lar\u0131 gibi pek \u00e7ok se\u00e7enek bulabilirsiniz. Boston&#8217;un Chinatown b\u00f6lgesi, Asya mutfa\u011f\u0131 sevenler i\u00e7in ideal bir yerdir. \u00c7in, Japon, Kore ve Tayland mutfa\u011f\u0131ndan lezzetler sunan restoranlar mevcuttur. Legal Sea Foods ve Island Creek Oyster Bar gibi yerler, b\u00f6lgenin en iyi deniz \u00fcr\u00fcnleri restoranlar\u0131 aras\u0131nda yer almaktad\u0131r. 1826&#8217;da a\u00e7\u0131lan Union Oyster House, ABD&#8217;deki en eski restoranlardan biridir. \u00d6zellikle istiridye yemek isteyenlerin u\u011frak noktas\u0131d\u0131r.<\/p>\n<p><img loading=\"lazy\" decoding=\"async\" class=\"alignnone size-full wp-image-354\" src=\"https:\/\/amerikadil.com\/wp-content\/uploads\/2023\/02\/boston-yemek.png\" alt=\"\" width=\"900\" height=\"450\" srcset=\"https:\/\/amerikadil.com\/wp-content\/uploads\/2023\/02\/boston-yemek.png 900w, https:\/\/amerikadil.com\/wp-content\/uploads\/2023\/02\/boston-yemek-300x150.png 300w, https:\/\/amerikadil.com\/wp-content\/uploads\/2023\/02\/boston-yemek-768x384.png 768w\" sizes=\"auto, (max-width: 900px) 100vw, 900px\" \/><\/p>\n<p><strong>Turistik Mekanlar:<\/strong> Boston, Amerika Birle\u015fik Devletleri&#8217;nin en tarihi ve en sevilen \u015fehirlerinden biridir. Hem turistik a\u00e7\u0131dan zengin hem de \u00f6\u011frenci dostu bir \u015fehir olan Boston, tarih, k\u00fclt\u00fcr ve e\u011flence dolu bir\u00e7ok aktivite sunar. Ziyaret edilmesi gereken en \u00f6nemli turistik mekanlar:<\/p>\n<p>Freedom Trail, Amerikan ba\u011f\u0131ms\u0131zl\u0131k hareketinin \u00f6nemli yerlerini ke\u015ffetmek isteyenlerin mutlaka ziyaret etmesi gereken bir parkurdur, Trail&#8217;da, Ba\u011f\u0131ms\u0131zl\u0131k Sava\u015f\u0131&#8217;ndaki tarihi mekanlardan, Boston Tea Party M\u00fczesi&#8217;ne kadar bir\u00e7ok yer hakk\u0131nda bilgi sahibi olabilirsiniz.<\/p>\n<p>Harvard \u00dcniversitesi; d\u00fcnyan\u0131n en sayg\u0131n \u00fcniversitelerinden biridir. \u00d6\u011frencilerin okulun tarihini, \u00fcnl\u00fc mezunlar\u0131n\u0131 ve efsanevi kamp\u00fcs\u00fcn\u00fc ziyaret etmeleri gerekir. Boston Public Library, Amerika Birle\u015fik Devletleri&#8217;nin ilk halka a\u00e7\u0131k k\u00fct\u00fcphanesi ve d\u00fcnyan\u0131n en \u00f6nemli k\u00fct\u00fcphanelerinden biridir. \u00d6\u011frencilerin burada ders \u00e7al\u0131\u015fmay\u0131 deneyimlemelerini \u00f6neririz. Ayr\u0131ca, bir al\u0131\u015fveri\u015f ve e\u011flence merkezi olan Prudential Center, zengin ve \u00e7e\u015fitlili\u011fi bol olan her b\u00fct\u00e7eye uygun bir al\u0131\u015fveri\u015f deneyimi sunar.<\/p>\n<p><img loading=\"lazy\" decoding=\"async\" class=\"alignnone size-full wp-image-355\" src=\"https:\/\/amerikadil.com\/wp-content\/uploads\/2023\/02\/Harvard-Universitesi.png\" alt=\"\" width=\"900\" height=\"300\" srcset=\"https:\/\/amerikadil.com\/wp-content\/uploads\/2023\/02\/Harvard-Universitesi.png 900w, https:\/\/amerikadil.com\/wp-content\/uploads\/2023\/02\/Harvard-Universitesi-300x100.png 300w, https:\/\/amerikadil.com\/wp-content\/uploads\/2023\/02\/Harvard-Universitesi-768x256.png 768w\" sizes=\"auto, (max-width: 900px) 100vw, 900px\" \/><\/p>\n<p>USS Constitution M\u00fczesi, Amerika Birle\u015fik Devletleri Donanmas\u0131&#8217;n\u0131n en eski gemisi olan USS Constitution&#8217;\u0131 sergiler. Ayr\u0131ca, sanatseverler, Museum of Fine Arts&#8217;ta yirminci y\u00fczy\u0131ldan \u00f6nceki bir\u00e7ok sanat eserinin sergisine denk gelebilir.<\/p>\n<p>Boston Common, Amerika Birle\u015fik Devletleri&#8217;nin en eski halka a\u00e7\u0131k parklar\u0131ndan biridir. Y\u00fcr\u00fcy\u00fc\u015f yapmak, piknik yapmak, buz pateni yapmak ve s\u0131cak havalarda ferahlamak i\u00e7in ideal bir yerdir.<\/p>\n<p>Fenway Park, Boston Red Sox&#8217;un ev sahibi oldu\u011fu efsanevi bir beyzbol stadyumudur. Me\u015fhur Green Monster&#8217;\u0131 ve di\u011fer stadyum \u00f6zelliklerini g\u00f6rebilme \u015fans\u0131 sunar.<\/p>\n<p>Copley Meydan\u0131, Boston&#8217;un merkezi bir noktas\u0131d\u0131r. Burada, Trinity Kilisesi, Boston Halk K\u00fct\u00fcphanesi ve John Hancock Kulesi gibi \u00f6nemli ve ikonik yap\u0131lar\u0131 g\u00f6rebilirsiniz.<\/p>\n<p>New England Akvaryumu, 20.000&#8217;den fazla deniz canl\u0131s\u0131n\u0131n sergilendi\u011fi bir akvaryumdur. Kuzey Atlantik&#8217;in \u00e7e\u015fitli deniz canl\u0131lar\u0131na ev sahipli\u011fi yapar.<\/p>\n<p>&nbsp;<\/p>\n<\/div>\n\t\t\t\t<\/div>\n\t\t\t\t<\/div>\n\t\t\t\t\t<\/div>\n\t\t<\/div>\n\t\t\t\t\t\t\t<\/div>\n\t\t<\/section>\n\t\t\t\t\t\t\t<\/div>\n\t\t","protected":false},"excerpt":{"rendered":"<p>BOSTON<\/p>\n","protected":false},"author":1,"featured_media":0,"parent":0,"menu_order":0,"comment_status":"closed","ping_status":"closed","template":"","meta":{"footnotes":""},"class_list":["post-351","page","type-page","status-publish","hentry"],"_links":{"self":[{"href":"https:\/\/amerikadil.com\/index.php?rest_route=\/wp\/v2\/pages\/351","targetHints":{"allow":["GET"]}}],"collection":[{"href":"https:\/\/amerikadil.com\/index.php?rest_route=\/wp\/v2\/pages"}],"about":[{"href":"https:\/\/amerikadil.com\/index.php?rest_route=\/wp\/v2\/types\/page"}],"author":[{"embeddable":true,"href":"https:\/\/amerikadil.com\/index.php?rest_route=\/wp\/v2\/users\/1"}],"replies":[{"embeddable":true,"href":"https:\/\/amerikadil.com\/index.php?rest_route=%2Fwp%2Fv2%2Fcomments&post=351"}],"version-history":[{"count":6,"href":"https:\/\/amerikadil.com\/index.php?rest_route=\/wp\/v2\/pages\/351\/revisions"}],"predecessor-version":[{"id":364,"href":"https:\/\/amerikadil.com\/index.php?rest_route=\/wp\/v2\/pages\/351\/revisions\/364"}],"wp:attachment":[{"href":"https:\/\/amerikadil.com\/index.php?rest_route=%2Fwp%2Fv2%2Fmedia&parent=351"}],"curies":[{"name":"wp","href":"https:\/\/api.w.org\/{rel}","templated":true}]}}