{"id":337,"date":"2023-02-20T10:34:56","date_gmt":"2023-02-20T07:34:56","guid":{"rendered":"https:\/\/amerikadil.com\/?page_id=337"},"modified":"2023-02-20T10:38:55","modified_gmt":"2023-02-20T07:38:55","slug":"elementor-337","status":"publish","type":"page","link":"https:\/\/amerikadil.com\/?page_id=337","title":{"rendered":"Los Angeles \u2013 Amerika \u2013 \u015eehir Rehberi"},"content":{"rendered":"\t\t<div data-elementor-type=\"wp-page\" data-elementor-id=\"337\" class=\"elementor elementor-337\">\n\t\t\t\t\t\t\t\t\t<section class=\"elementor-section elementor-top-section elementor-element elementor-element-9709b8c elementor-section-boxed elementor-section-height-default elementor-section-height-default\" data-id=\"9709b8c\" data-element_type=\"section\">\n\t\t\t\t\t\t<div class=\"elementor-container elementor-column-gap-default\">\n\t\t\t\t\t<div class=\"elementor-column elementor-col-100 elementor-top-column elementor-element elementor-element-b8ebbd9\" data-id=\"b8ebbd9\" data-element_type=\"column\">\n\t\t\t<div class=\"elementor-widget-wrap elementor-element-populated\">\n\t\t\t\t\t\t\t\t<div class=\"elementor-element elementor-element-54c837d elementor-widget elementor-widget-image\" data-id=\"54c837d\" data-element_type=\"widget\" data-widget_type=\"image.default\">\n\t\t\t\t<div class=\"elementor-widget-container\">\n\t\t\t<style>\/*! elementor - v3.11.1 - 15-02-2023 *\/\n.elementor-widget-image{text-align:center}.elementor-widget-image a{display:inline-block}.elementor-widget-image a img[src$=\".svg\"]{width:48px}.elementor-widget-image img{vertical-align:middle;display:inline-block}<\/style>\t\t\t\t\t\t\t\t\t\t\t\t<img loading=\"lazy\" decoding=\"async\" width=\"400\" height=\"300\" src=\"https:\/\/amerikadil.com\/wp-content\/uploads\/2023\/02\/Amerikadil.com-SEHIR-REHBERI-1.-FOTOGRAFLAR.png\" class=\"attachment-medium_large size-medium_large wp-image-338\" alt=\"\" srcset=\"https:\/\/amerikadil.com\/wp-content\/uploads\/2023\/02\/Amerikadil.com-SEHIR-REHBERI-1.-FOTOGRAFLAR.png 400w, https:\/\/amerikadil.com\/wp-content\/uploads\/2023\/02\/Amerikadil.com-SEHIR-REHBERI-1.-FOTOGRAFLAR-300x225.png 300w\" sizes=\"auto, (max-width: 400px) 100vw, 400px\" \/>\t\t\t\t\t\t\t\t\t\t\t\t\t\t\t<\/div>\n\t\t\t\t<\/div>\n\t\t\t\t\t<\/div>\n\t\t<\/div>\n\t\t\t\t\t\t\t<\/div>\n\t\t<\/section>\n\t\t\t\t<section class=\"elementor-section elementor-top-section elementor-element elementor-element-3584854 elementor-section-boxed elementor-section-height-default elementor-section-height-default\" data-id=\"3584854\" data-element_type=\"section\">\n\t\t\t\t\t\t<div class=\"elementor-container elementor-column-gap-default\">\n\t\t\t\t\t<div class=\"elementor-column elementor-col-100 elementor-top-column elementor-element elementor-element-9fe945d\" data-id=\"9fe945d\" data-element_type=\"column\">\n\t\t\t<div class=\"elementor-widget-wrap elementor-element-populated\">\n\t\t\t\t\t\t\t\t<div class=\"elementor-element elementor-element-bbdd7c9 elementor-widget elementor-widget-heading\" data-id=\"bbdd7c9\" data-element_type=\"widget\" data-widget_type=\"heading.default\">\n\t\t\t\t<div class=\"elementor-widget-container\">\n\t\t\t<style>\/*! elementor - v3.11.1 - 15-02-2023 *\/\n.elementor-heading-title{padding:0;margin:0;line-height:1}.elementor-widget-heading .elementor-heading-title[class*=elementor-size-]>a{color:inherit;font-size:inherit;line-height:inherit}.elementor-widget-heading .elementor-heading-title.elementor-size-small{font-size:15px}.elementor-widget-heading .elementor-heading-title.elementor-size-medium{font-size:19px}.elementor-widget-heading .elementor-heading-title.elementor-size-large{font-size:29px}.elementor-widget-heading .elementor-heading-title.elementor-size-xl{font-size:39px}.elementor-widget-heading .elementor-heading-title.elementor-size-xxl{font-size:59px}<\/style><h2 class=\"elementor-heading-title elementor-size-default\">LOS ANGELES<\/h2>\t\t<\/div>\n\t\t\t\t<\/div>\n\t\t\t\t\t<\/div>\n\t\t<\/div>\n\t\t\t\t\t\t\t<\/div>\n\t\t<\/section>\n\t\t\t\t<section class=\"elementor-section elementor-top-section elementor-element elementor-element-29990fa elementor-section-boxed elementor-section-height-default elementor-section-height-default\" data-id=\"29990fa\" data-element_type=\"section\">\n\t\t\t\t\t\t<div class=\"elementor-container elementor-column-gap-default\">\n\t\t\t\t\t<div class=\"elementor-column elementor-col-100 elementor-top-column elementor-element elementor-element-fe3cb2d\" data-id=\"fe3cb2d\" data-element_type=\"column\">\n\t\t\t<div class=\"elementor-widget-wrap elementor-element-populated\">\n\t\t\t\t\t\t\t\t<div class=\"elementor-element elementor-element-8fb351b elementor-widget elementor-widget-wp-widget-text\" data-id=\"8fb351b\" data-element_type=\"widget\" data-widget_type=\"wp-widget-text.default\">\n\t\t\t\t<div class=\"elementor-widget-container\">\n\t\t\t\t\t\t<div class=\"textwidget\"><p><span style=\"font-weight: 400\">Los Angeles, Amerika Birle\u015fik Devletleri&#8217;nin Kaliforniya eyaletinde bir \u015fehirdir. G\u00fcney Kaliforniya&#8217;da bulunur ve Pasifik Okyanusu&#8217;na k\u0131y\u0131s\u0131 vard\u0131r. Los Angeles, k\u00fclt\u00fcr, e\u011flence, ticaret, turizm ve di\u011fer bir\u00e7ok end\u00fcstriye ev sahipli\u011fi yapar ve d\u00fcnya genelinde tan\u0131nan bir \u015fehirdir. ABD\u2019nin en \u00e7ok n\u00fcfusa sahip olan ikinci \u015fehridir. D\u00fcnyan\u0131n en kalabal\u0131k on \u015fehrinden biri olan Los Angeles, ABD\u2019nin n\u00fcfusunun en y\u00fcksek oldu\u011fu New York\u2019tan sonra en dikkat \u00e7eken \u015fehirlerinden biridir.<\/span><\/p>\n<p><span style=\"font-weight: 400\">1781&#8217;de \u0130spanyol vali Felipe de Neve taraf\u0131ndan kuruldu. Ba\u015flang\u0131\u00e7ta k\u00fc\u00e7\u00fck bir k\u00f6yd\u00fc ve 19. y\u00fczy\u0131l\u0131n sonlar\u0131nda petrol\u00fcn ke\u015ffi ve demiryolunun geli\u015fimiyle h\u0131zla b\u00fcy\u00fcd\u00fc. \u015eehir, 20. y\u00fczy\u0131l\u0131n ba\u015flar\u0131nda bir n\u00fcfus patlamas\u0131 ya\u015fad\u0131 ve 1930&#8217;da Amerika Birle\u015fik Devletleri&#8217;nin en b\u00fcy\u00fck ikinci \u015fehri oldu. Los Angeles \u015fu anda \u00f6nemli k\u00fclt\u00fcrel, finansal ve ticari bir merkezdir ve bir\u00e7ok ikonik yap\u0131ya ev sahipli\u011fi yapmaktad\u0131r. \u015eehir merkezinde bulunan 1932 y\u0131l\u0131nda in\u015fa edilen Sixth Street K\u00f6pr\u00fcs\u00fc \u00fcnl\u00fcd\u00fcr.<\/span> <span style=\"font-weight: 400\">Pasadena&#8217;da Colorado K\u00f6pr\u00fcs\u00fc, Long Beach&#8217;te Gerald Desmond K\u00f6pr\u00fcs\u00fc ve Santa Monica&#8217;da Santa Monica K\u00f6pr\u00fcs\u00fc bulunmaktad\u0131r. Ayr\u0131ca, bir\u00e7ok filmde de yer alan 4th Street K\u00f6pr\u00fcs\u00fc de Los Angeles&#8217;ta bulunmaktad\u0131r.<\/span><\/p>\n<p><span style=\"font-weight: 400\">Ek olarak, Los Angeles \u015fehrin kimli\u011fini \u015fekillendirmeye yard\u0131mc\u0131 olan farkl\u0131 ge\u00e7mi\u015flere ve deneyimlere sahip \u00e7e\u015fitli bir n\u00fcfusa ev sahipli\u011fi yap\u0131yor. Los Angeles, \u00e7ok say\u0131da semtten olu\u015fan b\u00fcy\u00fck bir \u015fehirdir. Bu semtler genellikle farkl\u0131 k\u00fclt\u00fcrlere, co\u011frafi konumlara veya etnik k\u00f6klere g\u00f6re s\u0131n\u0131fland\u0131r\u0131l\u0131r. \u00d6rne\u011fin, Koreatown, Chinatown, Little Tokyo ve Little Armenia gibi semtler, belirli bir etnik grubun yo\u011fun oldu\u011fu semtlerdir. Santa Monica, Venice ve Malibu gibi sahil semtleri, plajlar\u0131 ve okyanus manzaralar\u0131 nedeniyle pop\u00fclerdir. Beverly Hills, Bel Air ve Holmby Hills gibi semtler, l\u00fcks evler, butikler ve restoranlar\u0131 \u00fcnl\u00fcd\u00fcr. West Hollywood, Hollywood, Downtown ve Culver City gibi semtler, e\u011flence, sanat ve gece hayat\u0131 a\u00e7\u0131s\u0131ndan \u00f6ne \u00e7\u0131kar. Bu semtler aras\u0131nda gezip ke\u015ffetmek, Los Angeles&#8217;\u0131n \u00e7e\u015fitli y\u00f6nlerini ke\u015ffetmenin harika bir yoludur.<\/span><\/p>\n<p><b>Tarihi: <\/b><span style=\"font-weight: 400\">Los Angeles&#8217;\u0131n tarihi, 1542&#8217;de \u0130spanyol k\u00e2\u015fif Juan Rodr\u00edguez Cabrillo&#8217;nun b\u00f6lgeye gelmesiyle ba\u015flar. Daha sonra \u0130spanyol s\u00f6m\u00fcrgeciler, 1769&#8217;da California Misyonlar\u0131&#8217;n\u0131 kurarak b\u00f6lgeyi kontrol etmeye ba\u015flad\u0131lar.<\/span><\/p>\n<p><span style=\"font-weight: 400\">19.y\u00fczy\u0131l\u0131n ortalar\u0131nda, California alt\u0131n\u0131n ke\u015ffine tan\u0131k oldu ve bu durum h\u0131zl\u0131 bir n\u00fcfus art\u0131\u015f\u0131 ve \u015fehirle\u015fme dalgas\u0131na yol a\u00e7t\u0131. Los Angeles, bu d\u00f6nemden pozitif olarak etkilendi ve \u00f6nemli bir \u015fehir haline geldi. Los Angeles, ayn\u0131 zamanda \u00f6nemli bir ticaret merkezi haline geldi ve b\u00fcy\u00fck limanlar\u0131 sayesinde uluslararas\u0131 ticaret yayg\u0131nla\u015ft\u0131.\u00a0 20.y\u00fczy\u0131lda Los Angeles, \u00f6zellikle film end\u00fcstrisi sayesinde k\u00fclt\u00fcrel bir merkez haline gelerek film sekt\u00f6r\u00fcn\u00fcn \u00f6nc\u00fcs\u00fc oldu. 1920&#8217;lerde ve 1930&#8217;larda, Hollywood&#8217;da film st\u00fcdyolar\u0131 a\u00e7\u0131ld\u0131 ve d\u00fcnya \u00e7ap\u0131nda \u00fcnl\u00fc filmler yarat\u0131ld\u0131. Bu d\u00f6nemde Los Angeles, bir\u00e7ok \u00fcnl\u00fc ki\u015fi ve sanat\u00e7\u0131 i\u00e7in yarat\u0131c\u0131 bir merkez haline geldi. G\u00fcn\u00fcm\u00fczde, Los Angeles, d\u00fcnya genelinde bir\u00e7ok end\u00fcstrinin yan\u0131 s\u0131ra turizm ve e\u011flence end\u00fcstrilerine de ev sahipli\u011fi yapmaktad\u0131r.\u00a0<\/span><\/p>\n<p><b>N\u00fcfus: <\/b><span style=\"font-weight: 400\">Yakla\u015f\u0131k<\/span> <span style=\"font-weight: 400\">3,898,747 (2020 y\u0131l\u0131 verilerine g\u00f6re)<\/span><\/p>\n<p><b>Y\u00fcz\u00f6l\u00e7\u00fcm\u00fc: <\/b><span style=\"font-weight: 400\">1,302 km2 (2021 y\u0131l\u0131 verilerine g\u00f6re)<\/span><\/p>\n<p><b>\u0130klim: <\/b><span style=\"font-weight: 400\">Los Angeles&#8217;\u0131n iklimi Akdeniz iklimidir. Bu iklim, \u0131l\u0131man ve nemli k\u0131\u015flarla birlikte s\u0131cak ve kurak yazlarla karakterizedir. Los Angeles&#8217;ta y\u0131ll\u0131k ortalama s\u0131cakl\u0131k 19-22 derece aras\u0131ndad\u0131r. En s\u0131cak aylar Temmuz ve A\u011fustos aylar\u0131d\u0131r ve s\u0131cakl\u0131klar genellikle 27-33 <\/span><span style=\"font-weight: 400\">derece aras\u0131nda seyreder. En so\u011fuk aylar Aral\u0131k ve Ocak aylar\u0131d\u0131r ve s\u0131cakl\u0131klar genellikle 9-18 derece aras\u0131nda de\u011fi\u015fir. Los Angeles&#8217;ta r\u00fczgarlar da iklimi etkileyen \u00f6nemli do\u011fa olaylar\u0131d\u0131r. K\u0131\u015f aylar\u0131nda Santa Ana r\u00fczgarlar\u0131 \u015fehri etkileyebilir ve genellikle s\u0131cak, kuru ve r\u00fczgarl\u0131 hava getirir.<\/span><\/p>\n<p><img loading=\"lazy\" decoding=\"async\" class=\"alignnone size-full wp-image-339\" src=\"https:\/\/amerikadil.com\/wp-content\/uploads\/2023\/02\/Amerikadil.com-Sehir-Rehberi-Ara-Fotograflar.png\" alt=\"\" width=\"900\" height=\"450\" srcset=\"https:\/\/amerikadil.com\/wp-content\/uploads\/2023\/02\/Amerikadil.com-Sehir-Rehberi-Ara-Fotograflar.png 900w, https:\/\/amerikadil.com\/wp-content\/uploads\/2023\/02\/Amerikadil.com-Sehir-Rehberi-Ara-Fotograflar-300x150.png 300w, https:\/\/amerikadil.com\/wp-content\/uploads\/2023\/02\/Amerikadil.com-Sehir-Rehberi-Ara-Fotograflar-768x384.png 768w\" sizes=\"auto, (max-width: 900px) 100vw, 900px\" \/><\/p>\n<p><b>Ula\u015f\u0131m: <\/b><span style=\"font-weight: 400\">Los Angeles, d\u00fcnya genelindeki en b\u00fcy\u00fck ve yo\u011fun trafikli \u015fehirlerden biridir. \u015eehir, geni\u015f bir alana yay\u0131ld\u0131\u011f\u0131ndan, toplu ta\u015f\u0131ma se\u00e7enekleri s\u0131n\u0131rl\u0131d\u0131r ve \u00f6zellikle y\u00fcksek n\u00fcfuslu alanlarda s\u0131k\u0131\u015f\u0131kl\u0131k ya\u015fanabilir.<\/span><\/p>\n<p><span style=\"font-weight: 400\">Ancak, Los Angeles&#8217;ta ula\u015f\u0131m i\u00e7in bir\u00e7ok se\u00e7enek bulunmaktad\u0131r. Bu se\u00e7enekler aras\u0131nda metro, otob\u00fcs, taksi, bisiklet ve araba kiralama hizmetleri yer almaktad\u0131r. Los Angeles metro sistemi, \u015fehir merkezi ve \u00e7evresindeki banliy\u00f6 b\u00f6lgelerini kapsayan bir a\u011fd\u0131r. Ayr\u0131ca, bir\u00e7ok farkl\u0131 otob\u00fcs hatt\u0131 da bulunmaktad\u0131r.<\/span><\/p>\n<p><span style=\"font-weight: 400\">Los Angeles&#8217;ta araba kullanmak, \u00e7o\u011fu zaman en h\u0131zl\u0131 ve en uygun se\u00e7enek gibi g\u00f6r\u00fcnse bile trafik s\u0131k\u0131\u015f\u0131kl\u0131\u011f\u0131 nedeniyle zaman zaman zorlu bir deneyim olabilir. Bu nedenle, toplu ta\u015f\u0131ma se\u00e7eneklerinin kullan\u0131m\u0131, trafikte zaman kazanmak ve daha az stresli bir yolculuk yapmak i\u00e7in iyi bir alternatif olabilir.<\/span><\/p>\n<p><b>Yemek ve K\u00fclt\u00fcr: <\/b><span style=\"font-weight: 400\">Los Angeles, d\u00fcnya mutfaklar\u0131ndan bir\u00e7ok farkl\u0131 lezzeti sunan bir \u015fehirdir. \u015eehirde her b\u00fct\u00e7eye uygun yemek se\u00e7enekleri bulmak m\u00fcmk\u00fcnd\u00fcr.<\/span> <span style=\"font-weight: 400\">\u015eehirdeki yemek k\u00fclt\u00fcr\u00fc, <\/span><span style=\"font-weight: 400\">Meksika, Asya, Orta Do\u011fu ve Amerikan<\/span><span style=\"font-weight: 400\"> gibi bir\u00e7ok farkl\u0131 mutfaktan etkilenir.<\/span><\/p>\n<p><span style=\"font-weight: 400\">Meksika mutfa\u011f\u0131, Los Angeles&#8217;ta olduk\u00e7a yayg\u0131nd\u0131r ve burada bir\u00e7ok farkl\u0131 Meksika yeme\u011fi bulunmaktad\u0131r. Burada bulunan Meksika restoranlar\u0131, taco, enchilada, burrito, guacamole ve di\u011fer Meksika yemeklerini sunmaktad\u0131r.<\/span><\/p>\n<p><span style=\"font-weight: 400\">Asya mutfa\u011f\u0131, Los Angeles&#8217;ta olduk\u00e7a pop\u00fclerdir. \u015eehirdeki Koreatown, Japantown ve Chinatown, Asya mutfa\u011f\u0131ndan etkilenen lezzetleri sunan bir\u00e7ok restoran ve kafe bar\u0131nd\u0131r\u0131r. Burada ramen, sushi, pho, pad thai ve di\u011fer Asya yemekleri gibi bir\u00e7ok farkl\u0131 se\u00e7enek bulmak m\u00fcmk\u00fcnd\u00fcr.<\/span><\/p>\n<p><span style=\"font-weight: 400\">Orta Do\u011fu mutfa\u011f\u0131 da Los Angeles&#8217;ta olduk\u00e7a tercih edilen mutfaklardand\u0131r. Burada bulunan restoranlar, humus, falafel, kebap ve di\u011fer Orta Do\u011fu yemeklerini sunar.<\/span><\/p>\n<p><span style=\"font-weight: 400\">Ayr\u0131ca, Los Angeles&#8217;ta <\/span><span style=\"font-weight: 400\">vegan ve vejetaryen<\/span><span style=\"font-weight: 400\"> yemekler de olduk\u00e7a pop\u00fclerdir. \u015eehirde bir\u00e7ok vegan ve vejetaryen restoran\u0131 bulunmaktad\u0131r.<\/span><\/p>\n<p><span style=\"font-weight: 400\">Los Angeles&#8217;ta yemek yemek i\u00e7in \u00f6nerilen baz\u0131 yerler \u015funlard\u0131r: <\/span><b>Grand Central Market, The Original Farmers Market<\/b><span style=\"font-weight: 400\"> gibi a\u00e7\u0131k ve kapal\u0131 pazarlarda d\u00fcnya mutfaklar\u0131ndan bir\u00e7ok farkl\u0131 lezzet bulmak m\u00fcmk\u00fcnd\u00fcr.<\/span> <span style=\"font-weight: 400\">Los Angeles&#8217;ta bulunan <\/span><b>Koreatown<\/b><span style=\"font-weight: 400\">, Kore yemekleri sevenler i\u00e7in harika bir yerdir. Burada bulunan Kore restoranlar\u0131, bulgogi, kimchi, k\u0131zarm\u0131\u015f tavuk ve di\u011fer Kore yemeklerinin yan\u0131 s\u0131ra su\u015fi ve di\u011fer Asya yemeklerini de sunmaktad\u0131r. <\/span><b>Little Tokyo<\/b><span style=\"font-weight: 400\">, Japon yemekleri sevenler veya denemek isteyenler i\u00e7in ideal bir yerdir. Burada bulunan restoranlar, ramen, sushi, udon ve di\u011fer Japon yemekleri sunmaktad\u0131r. <\/span><b>Venice Beach<\/b><span style=\"font-weight: 400\">\u2019<\/span><span style=\"font-weight: 400\">de deniz \u00fcr\u00fcnleri t\u00fcketimi i\u00e7in pop\u00fcler bir se\u00e7enektir. Burada bulunan restoranlar taze bal\u0131k, karides, istiridye gibi deniz \u00fcr\u00fcnleri sunmaktad\u0131r.<\/span><\/p>\n<p><img loading=\"lazy\" decoding=\"async\" class=\"alignnone size-full wp-image-340\" src=\"https:\/\/amerikadil.com\/wp-content\/uploads\/2023\/02\/Los-Angeles-Yemek.png\" alt=\"\" width=\"900\" height=\"450\" srcset=\"https:\/\/amerikadil.com\/wp-content\/uploads\/2023\/02\/Los-Angeles-Yemek.png 900w, https:\/\/amerikadil.com\/wp-content\/uploads\/2023\/02\/Los-Angeles-Yemek-300x150.png 300w, https:\/\/amerikadil.com\/wp-content\/uploads\/2023\/02\/Los-Angeles-Yemek-768x384.png 768w\" sizes=\"auto, (max-width: 900px) 100vw, 900px\" \/><\/p>\n<p><b>Turistik Mekanlar: <\/b><span style=\"font-weight: 400\">Los Angeles, zengin bir tarih, k\u00fclt\u00fcr, e\u011flence ve do\u011fal g\u00fczellikler sunan bir \u015fehirdir. Burada gezilebilecek pek \u00e7ok turistik mekan ve aktivite bulunmaktad\u0131r. Pop\u00fcler duraklar\u0131, merkezi konumlar\u0131 e\u011flence, bilim, k\u00fclt\u00fcr ve sanat olarak s\u0131n\u0131fland\u0131rabiliriz. Los Angeles\u2019da e\u011flenmek, gezerek \u00f6\u011frenmek ve al\u0131\u015fveri\u015f yaparak gezinizin tad\u0131n\u0131 \u00e7\u0131karmak i\u00e7in bir\u00e7ok u\u011frak konum bulunmaktad\u0131r.\u00a0<\/span><\/p>\n<p><span style=\"font-weight: 400\">Hollywood Walk of Fame<\/span><span style=\"font-weight: 400\">\u2019de \u00fcnl\u00fclerin y\u0131ld\u0131zl\u0131 kald\u0131r\u0131mlar\u0131n\u0131 g\u00f6rebilir ve Hollywood&#8217;un tarihini ke\u015ffedebilirsiniz.\u00a0 <\/span><span style=\"font-weight: 400\">Universal Studios Hollywood<\/span><span style=\"font-weight: 400\">, bir tema park\u0131, st\u00fcdyo turu ve e\u011flence kompleksi olarak e\u011flenmek isteyenlere hizmet vermektedir. <\/span><span style=\"font-weight: 400\">Disneyland<\/span><span style=\"font-weight: 400\"> tema park\u0131 genellikle \u00e7ocuklar\u0131n ilgisini \u00e7ekti\u011fi san\u0131lsa da yeti\u015fkin bireylere ve \u00f6\u011frencilere; k\u0131saca heyecan seven bireylere gezerek e\u011flenecekleri bir deneyim sunar.<\/span><\/p>\n<p><span style=\"font-weight: 400\">Griffith G\u00f6zlemevi ve Griffith Park<\/span><span style=\"font-weight: 400\"> ise, merakl\u0131s\u0131na manzaralar sunan ve ayn\u0131 zamanda \u00fccretsiz olan bir m\u00fcze ve g\u00f6zlemevidir. <\/span><span style=\"font-weight: 400\">Los Angeles County Sanat M\u00fczesi<\/span><span style=\"font-weight: 400\">\u2019nde, turistlerin sanat eserlerini ve sergileri ke\u015ffetmeleri i\u00e7in u\u011frak konumlardan biridir. Fosil koleksiyonlar\u0131 ve di\u011fer do\u011fal tarih eserleriyle \u00fcnl\u00fcd\u00fcr. <\/span><span style=\"font-weight: 400\">La Brea G\u00f6leti ve Page M\u00fczesi<\/span><span style=\"font-weight: 400\"> ise fosiller ve dinozorlar hakk\u0131nda merakl\u0131lar\u0131n ufkunu a\u00e7abilecek bir mekand\u0131r. Geni\u015f bir merkez olan <\/span><span style=\"font-weight: 400\">Getty Center<\/span><span style=\"font-weight: 400\">, sanat, mimari ve bah\u00e7elerle dolu bir m\u00fczedir.<\/span><\/p>\n<p><span style=\"font-weight: 400\">Venice Plaj\u0131<\/span><span style=\"font-weight: 400\">\u2019nda g\u00fcne\u015f, kum ve denize doyabilirsiniz. <\/span><span style=\"font-weight: 400\">Santa Monica \u0130skelesi<\/span><span style=\"font-weight: 400\">\u2019nde, e\u011flence, yemek ve aktiviteler i\u00e7in bir merkezdir ve ayn\u0131 zamanda g\u00fczel bir plaj ve okyanus manzaras\u0131 sunar. G\u00fcn\u00fcn stresini atmak isteyen gezginlere <\/span><span style=\"font-weight: 400\">Sunset Bulvar\u0131<\/span><span style=\"font-weight: 400\">, restoranlar, al\u0131\u015fveri\u015f merkezleri ve gece hayat\u0131 gibi e\u011flenceli konularda bir\u00e7ok se\u00e7enek sunar. Dizilerde ve filmlerde s\u0131kl\u0131kla g\u00f6rmeye al\u0131\u015fk\u0131n oldu\u011fumuz <\/span><span style=\"font-weight: 400\">Beverly Hills<\/span><span style=\"font-weight: 400\">\u2019de<\/span> <span style=\"font-weight: 400\">y\u00fcksek kalitede<\/span><span style=\"font-weight: 400\"> moda ma\u011fazalar\u0131, l\u00fcks oteller ve restoranlar bulunmaktad\u0131r.<\/span><\/p>\n<p><img loading=\"lazy\" decoding=\"async\" class=\"alignnone size-full wp-image-341\" src=\"https:\/\/amerikadil.com\/wp-content\/uploads\/2023\/02\/Hollywood.png\" alt=\"\" width=\"900\" height=\"300\" srcset=\"https:\/\/amerikadil.com\/wp-content\/uploads\/2023\/02\/Hollywood.png 900w, https:\/\/amerikadil.com\/wp-content\/uploads\/2023\/02\/Hollywood-300x100.png 300w, https:\/\/amerikadil.com\/wp-content\/uploads\/2023\/02\/Hollywood-768x256.png 768w\" sizes=\"auto, (max-width: 900px) 100vw, 900px\" \/><\/p>\n<p>&nbsp;<\/p>\n<\/div>\n\t\t\t\t<\/div>\n\t\t\t\t<\/div>\n\t\t\t\t\t<\/div>\n\t\t<\/div>\n\t\t\t\t\t\t\t<\/div>\n\t\t<\/section>\n\t\t\t\t\t\t\t<\/div>\n\t\t","protected":false},"excerpt":{"rendered":"<p>LOS ANGELES<\/p>\n","protected":false},"author":1,"featured_media":0,"parent":0,"menu_order":0,"comment_status":"closed","ping_status":"closed","template":"","meta":{"footnotes":""},"class_list":["post-337","page","type-page","status-publish","hentry"],"_links":{"self":[{"href":"https:\/\/amerikadil.com\/index.php?rest_route=\/wp\/v2\/pages\/337","targetHints":{"allow":["GET"]}}],"collection":[{"href":"https:\/\/amerikadil.com\/index.php?rest_route=\/wp\/v2\/pages"}],"about":[{"href":"https:\/\/amerikadil.com\/index.php?rest_route=\/wp\/v2\/types\/page"}],"author":[{"embeddable":true,"href":"https:\/\/amerikadil.com\/index.php?rest_route=\/wp\/v2\/users\/1"}],"replies":[{"embeddable":true,"href":"https:\/\/amerikadil.com\/index.php?rest_route=%2Fwp%2Fv2%2Fcomments&post=337"}],"version-history":[{"count":5,"href":"https:\/\/amerikadil.com\/index.php?rest_route=\/wp\/v2\/pages\/337\/revisions"}],"predecessor-version":[{"id":347,"href":"https:\/\/amerikadil.com\/index.php?rest_route=\/wp\/v2\/pages\/337\/revisions\/347"}],"wp:attachment":[{"href":"https:\/\/amerikadil.com\/index.php?rest_route=%2Fwp%2Fv2%2Fmedia&parent=337"}],"curies":[{"name":"wp","href":"https:\/\/api.w.org\/{rel}","templated":true}]}}