{"id":32,"date":"2022-12-14T17:25:51","date_gmt":"2022-12-14T14:25:51","guid":{"rendered":"https:\/\/amerikadil.com\/?page_id=32"},"modified":"2023-05-06T16:57:05","modified_gmt":"2023-05-06T13:57:05","slug":"gunluk-yasam-2","status":"publish","type":"page","link":"https:\/\/amerikadil.com\/?page_id=32","title":{"rendered":"G\u00fcnl\u00fck Ya\u015fam"},"content":{"rendered":"\t\t<div data-elementor-type=\"wp-page\" data-elementor-id=\"32\" class=\"elementor elementor-32\">\n\t\t\t\t\t\t\t\t\t<section class=\"elementor-section elementor-top-section elementor-element elementor-element-3f837549 elementor-section-boxed elementor-section-height-default elementor-section-height-default\" data-id=\"3f837549\" data-element_type=\"section\">\n\t\t\t\t\t\t<div class=\"elementor-container elementor-column-gap-default\">\n\t\t\t\t\t<div class=\"elementor-column elementor-col-100 elementor-top-column elementor-element elementor-element-64be005\" data-id=\"64be005\" data-element_type=\"column\">\n\t\t\t<div class=\"elementor-widget-wrap elementor-element-populated\">\n\t\t\t\t\t\t\t\t<div class=\"elementor-element elementor-element-d6e0026 elementor-widget elementor-widget-image\" data-id=\"d6e0026\" data-element_type=\"widget\" data-widget_type=\"image.default\">\n\t\t\t\t<div class=\"elementor-widget-container\">\n\t\t\t<style>\/*! elementor - v3.11.1 - 15-02-2023 *\/\n.elementor-widget-image{text-align:center}.elementor-widget-image a{display:inline-block}.elementor-widget-image a img[src$=\".svg\"]{width:48px}.elementor-widget-image img{vertical-align:middle;display:inline-block}<\/style>\t\t\t\t\t\t\t\t\t\t\t\t<img loading=\"lazy\" decoding=\"async\" width=\"696\" height=\"416\" src=\"https:\/\/amerikadil.com\/wp-content\/uploads\/2023\/05\/ABD-GUNLUK-YASAM.png\" class=\"attachment-large size-large wp-image-747\" alt=\"\" srcset=\"https:\/\/amerikadil.com\/wp-content\/uploads\/2023\/05\/ABD-GUNLUK-YASAM.png 900w, https:\/\/amerikadil.com\/wp-content\/uploads\/2023\/05\/ABD-GUNLUK-YASAM-300x179.png 300w, https:\/\/amerikadil.com\/wp-content\/uploads\/2023\/05\/ABD-GUNLUK-YASAM-768x459.png 768w\" sizes=\"auto, (max-width: 696px) 100vw, 696px\" \/>\t\t\t\t\t\t\t\t\t\t\t\t\t\t\t<\/div>\n\t\t\t\t<\/div>\n\t\t\t\t\t<\/div>\n\t\t<\/div>\n\t\t\t\t\t\t\t<\/div>\n\t\t<\/section>\n\t\t\t\t<section class=\"elementor-section elementor-top-section elementor-element elementor-element-9fa461b elementor-section-boxed elementor-section-height-default elementor-section-height-default\" data-id=\"9fa461b\" data-element_type=\"section\">\n\t\t\t\t\t\t<div class=\"elementor-container elementor-column-gap-default\">\n\t\t\t\t\t<div class=\"elementor-column elementor-col-100 elementor-top-column elementor-element elementor-element-3bcbabe\" data-id=\"3bcbabe\" data-element_type=\"column\">\n\t\t\t<div class=\"elementor-widget-wrap elementor-element-populated\">\n\t\t\t\t\t\t\t\t<div class=\"elementor-element elementor-element-ed7e476 elementor-widget elementor-widget-heading\" data-id=\"ed7e476\" data-element_type=\"widget\" data-widget_type=\"heading.default\">\n\t\t\t\t<div class=\"elementor-widget-container\">\n\t\t\t<style>\/*! elementor - v3.11.1 - 15-02-2023 *\/\n.elementor-heading-title{padding:0;margin:0;line-height:1}.elementor-widget-heading .elementor-heading-title[class*=elementor-size-]>a{color:inherit;font-size:inherit;line-height:inherit}.elementor-widget-heading .elementor-heading-title.elementor-size-small{font-size:15px}.elementor-widget-heading .elementor-heading-title.elementor-size-medium{font-size:19px}.elementor-widget-heading .elementor-heading-title.elementor-size-large{font-size:29px}.elementor-widget-heading .elementor-heading-title.elementor-size-xl{font-size:39px}.elementor-widget-heading .elementor-heading-title.elementor-size-xxl{font-size:59px}<\/style><h2 class=\"elementor-heading-title elementor-size-default\">AMER\u0130KA'DA G\u00dcNL\u00dcK YA\u015eAM<\/h2>\t\t<\/div>\n\t\t\t\t<\/div>\n\t\t\t\t\t<\/div>\n\t\t<\/div>\n\t\t\t\t\t\t\t<\/div>\n\t\t<\/section>\n\t\t\t\t<section class=\"elementor-section elementor-top-section elementor-element elementor-element-297283b elementor-section-boxed elementor-section-height-default elementor-section-height-default\" data-id=\"297283b\" data-element_type=\"section\">\n\t\t\t\t\t\t<div class=\"elementor-container elementor-column-gap-default\">\n\t\t\t\t\t<div class=\"elementor-column elementor-col-100 elementor-top-column elementor-element elementor-element-ad27cee\" data-id=\"ad27cee\" data-element_type=\"column\">\n\t\t\t<div class=\"elementor-widget-wrap elementor-element-populated\">\n\t\t\t\t\t\t\t\t<div class=\"elementor-element elementor-element-905e68f elementor-widget elementor-widget-wp-widget-text\" data-id=\"905e68f\" data-element_type=\"widget\" data-widget_type=\"wp-widget-text.default\">\n\t\t\t\t<div class=\"elementor-widget-container\">\n\t\t\t\t\t\t<div class=\"textwidget\"><p>Amerika Birle\u015fik Devletleri, 50 eyaletten olu\u015fan ve d\u00fcnyan\u0131n en b\u00fcy\u00fck ekonomisine sahip olan bir<br \/>\n\u00fclkedir. Amerika&#8217;da ya\u015famak, pek \u00e7ok ki\u015fi i\u00e7in bir hayaldir. Ancak Amerika\u2019da ya\u015famak i\u00e7in neler gerekti\u011fini, nas\u0131l bir k\u00fclt\u00fcrle kar\u015f\u0131la\u015faca\u011f\u0131n\u0131z\u0131 ve hangi zorluklarla ba\u015f etmeniz gerekti\u011fini bilmek<br \/>\n\u00f6nemlidir. Amerika\u2019da ya\u015fam maliyetleri, eyaletten eyalete de\u011fi\u015fmektedir. Genel olarak b\u00fcy\u00fck<br \/>\n\u015fehirlerde ya\u015fam maliyetleri daha y\u00fcksektir. Amerika&#8217;da ortalama bir ev kiras\u0131 1.200 dolar<br \/>\ncivar\u0131ndad\u0131r. Ula\u015f\u0131m, sa\u011fl\u0131k, e\u011fitim, yiyecek ve giyim gibi di\u011fer harcamalar da eklenince ayl\u0131k ortalama 3.000 dolar civar\u0131nda bir b\u00fct\u00e7eye ihtiyac\u0131n\u0131z olabilir.<\/p>\n<p>Amerika\u2019da ya\u015fam tarz\u0131 da \u00e7ok \u00e7e\u015fitlidir. Amerikal\u0131lar genellikle \u00e7al\u0131\u015fkan, giri\u015fimci, ba\u011f\u0131ms\u0131z ve \u00f6zg\u00fcrl\u00fck\u00e7\u00fc insanlard\u0131r. Farkl\u0131 k\u00fclt\u00fcrlerden gelen insanlar\u0131n bir arada ya\u015fad\u0131\u011f\u0131 bir \u00fclkedir. Amerikal\u0131lar sporu, e\u011flenceyi, sanat\u0131 ve do\u011fay\u0131 severler. Amerika\u2019da g\u00fcnl\u00fck ya\u015fam\u0131n \u00f6nemli bir par\u00e7as\u0131 \u00e7al\u0131\u015fmakt\u0131r. Amerikal\u0131lar genellikle haftada 40 saat veya daha fazla \u00e7al\u0131\u015f\u0131r ve y\u0131ll\u0131k izin s\u00fcreleri di\u011fer \u00fclkelere g\u00f6re daha k\u0131sad\u0131r. \u00c7al\u0131\u015fma saatleri ve ko\u015fullar\u0131 i\u015fe, sekt\u00f6re ve b\u00f6lgeye g\u00f6re de\u011fi\u015fir. Baz\u0131 insanlar evden \u00e7al\u0131\u015f\u0131rken, baz\u0131lar\u0131 ofislerde, fabrikalarda, ma\u011fazalarda veya okullarda \u00e7al\u0131\u015f\u0131r. Amerikan vatanda\u015flar\u0131 protestan ahlak\u0131 ile i\u015flerini ciddiye al\u0131r ve ba\u015far\u0131l\u0131 olmak i\u00e7in \u00e7ok \u00e7al\u0131\u015f\u0131r.<\/p>\n<p><img loading=\"lazy\" decoding=\"async\" class=\"alignnone size-full wp-image-748\" src=\"https:\/\/amerikadil.com\/wp-content\/uploads\/2023\/05\/amerika-is.png\" alt=\"\" width=\"900\" height=\"538\" srcset=\"https:\/\/amerikadil.com\/wp-content\/uploads\/2023\/05\/amerika-is.png 900w, https:\/\/amerikadil.com\/wp-content\/uploads\/2023\/05\/amerika-is-300x179.png 300w, https:\/\/amerikadil.com\/wp-content\/uploads\/2023\/05\/amerika-is-768x459.png 768w\" sizes=\"auto, (max-width: 900px) 100vw, 900px\" \/><\/p>\n<\/div>\n\t\t\t\t<\/div>\n\t\t\t\t<\/div>\n\t\t\t\t\t<\/div>\n\t\t<\/div>\n\t\t\t\t\t\t\t<\/div>\n\t\t<\/section>\n\t\t\t\t<section class=\"elementor-section elementor-top-section elementor-element elementor-element-6a50ea9 elementor-section-boxed elementor-section-height-default elementor-section-height-default\" data-id=\"6a50ea9\" data-element_type=\"section\">\n\t\t\t\t\t\t<div class=\"elementor-container elementor-column-gap-default\">\n\t\t\t\t\t<div class=\"elementor-column elementor-col-100 elementor-top-column elementor-element elementor-element-c26e052\" data-id=\"c26e052\" data-element_type=\"column\">\n\t\t\t<div class=\"elementor-widget-wrap elementor-element-populated\">\n\t\t\t\t\t\t\t\t<div class=\"elementor-element elementor-element-cd540ac elementor-widget elementor-widget-wp-widget-text\" data-id=\"cd540ac\" data-element_type=\"widget\" data-widget_type=\"wp-widget-text.default\">\n\t\t\t\t<div class=\"elementor-widget-container\">\n\t\t\t\t\t\t<div class=\"textwidget\"><p>Amerika\u2019da g\u00fcnl\u00fck ya\u015fam\u0131n bir di\u011fer \u00f6nemli par\u00e7as\u0131 da e\u011flencedir. Amerikal\u0131lar bo\u015f zamanlar\u0131nda \u00e7e\u015fitli aktivitelere kat\u0131l\u0131r. Bunlar aras\u0131nda spor yapmak, film izlemek, kitap okumak, m\u00fczik dinlemek, oyun oynamak, al\u0131\u015fveri\u015f yapmak, yemek pi\u015firmek veya d\u0131\u015far\u0131da yemek yemek say\u0131labilir. Amerikal\u0131lar ayr\u0131ca arkada\u015flar\u0131yla veya aileleriyle vakit ge\u00e7irmeyi sever. Cad\u0131lar Bayram\u0131, \u015e\u00fckran G\u00fcn\u00fc, Noel, ve Ba\u011f\u0131ms\u0131zl\u0131k G\u00fcn\u00fc gibi baz\u0131 pop\u00fcler kutlamalar ve bayramlarda toplu e\u011flenceler ve etkinlikler d\u00fczenlenir.<\/p>\n<p>Amerika\u2019da g\u00fcnl\u00fck ya\u015fam\u0131n de\u011finilmesi gereken bir y\u00f6n\u00fc de ula\u015f\u0131md\u0131r. Amerika \u00e7ok b\u00fcy\u00fck bir \u00fclke oldu\u011fu i\u00e7in, insanlar bir yerden ba\u015fka bir yere gitmek i\u00e7in \u00e7e\u015fitli ara\u00e7lara ihtiya\u00e7 duyar. En yayg\u0131n ula\u015f\u0131m arac\u0131 otomobildir. Amerikal\u0131lar\u0131n \u00e7o\u011fu kendi arabalar\u0131na sahiptir ve i\u015fe veya okula gitmek i\u00e7in<br \/>\narabalar\u0131n\u0131 kullan\u0131r. Otob\u00fcs, metro, tren veya u\u00e7ak gibi toplu ta\u015f\u0131ma ara\u00e7lar\u0131 da kullan\u0131l\u0131r, ancak<br \/>\nbunlar\u0131n yayg\u0131nl\u0131\u011f\u0131 ve kalitesi \u015fehirden \u015fehire de\u011fi\u015fir. \u00d6rne\u011fin New York City \u00fclkenin en geli\u015fmi\u015f<br \/>\nmetro a\u011flar\u0131ndan birisine sahiptir. Baz\u0131 insanlar ise bisiklet s\u00fcrer veya y\u00fcr\u00fcr, ancak bu daha az s\u0131kl\u0131kla g\u00f6r\u00fcl\u00fcr.<\/p>\n<p><img loading=\"lazy\" decoding=\"async\" class=\"alignnone size-full wp-image-749\" src=\"https:\/\/amerikadil.com\/wp-content\/uploads\/2023\/05\/nyc-metro.png\" alt=\"\" width=\"900\" height=\"538\" srcset=\"https:\/\/amerikadil.com\/wp-content\/uploads\/2023\/05\/nyc-metro.png 900w, https:\/\/amerikadil.com\/wp-content\/uploads\/2023\/05\/nyc-metro-300x179.png 300w, https:\/\/amerikadil.com\/wp-content\/uploads\/2023\/05\/nyc-metro-768x459.png 768w\" sizes=\"auto, (max-width: 900px) 100vw, 900px\" \/><\/p>\n<p>Amerikan mutfa\u011f\u0131, farkl\u0131 k\u00fclt\u00fcrlerden ve b\u00f6lgelerden etkilenmi\u015f, hem sa\u011fl\u0131kl\u0131 hem de lezzetli bir\u00e7ok<br \/>\nyeme\u011fi b\u00fcnyesinde bar\u0131nd\u0131ran bir mutfakt\u0131r. Amerika&#8217;da g\u00fcnl\u00fck yemek denilince akla ilk gelen fast food yemekleri olabilir, ancak bunlar sadece Amerikan mutfa\u011f\u0131n\u0131n bir par\u00e7as\u0131d\u0131r. Amerika\u2019da g\u00fcnl\u00fck yemek olarak t\u00fcketilen bir\u00e7ok farkl\u0131 yemek vard\u0131r.<\/p>\n<\/div>\n\t\t\t\t<\/div>\n\t\t\t\t<\/div>\n\t\t\t\t\t<\/div>\n\t\t<\/div>\n\t\t\t\t\t\t\t<\/div>\n\t\t<\/section>\n\t\t\t\t<section class=\"elementor-section elementor-top-section elementor-element elementor-element-bd03720 elementor-section-boxed elementor-section-height-default elementor-section-height-default\" data-id=\"bd03720\" data-element_type=\"section\">\n\t\t\t\t\t\t<div class=\"elementor-container elementor-column-gap-default\">\n\t\t\t\t\t<div class=\"elementor-column elementor-col-50 elementor-top-column elementor-element elementor-element-2413a61\" data-id=\"2413a61\" data-element_type=\"column\">\n\t\t\t<div class=\"elementor-widget-wrap elementor-element-populated\">\n\t\t\t\t\t\t\t\t<div class=\"elementor-element elementor-element-e2a7e66 elementor-widget elementor-widget-image\" data-id=\"e2a7e66\" data-element_type=\"widget\" data-widget_type=\"image.default\">\n\t\t\t\t<div class=\"elementor-widget-container\">\n\t\t\t\t\t\t\t\t\t\t\t\t\t\t\t<img loading=\"lazy\" decoding=\"async\" width=\"696\" height=\"696\" src=\"https:\/\/amerikadil.com\/wp-content\/uploads\/2023\/05\/MC-1024x1024.png\" class=\"attachment-large size-large wp-image-750\" alt=\"\" srcset=\"https:\/\/amerikadil.com\/wp-content\/uploads\/2023\/05\/MC-1024x1024.png 1024w, https:\/\/amerikadil.com\/wp-content\/uploads\/2023\/05\/MC-300x300.png 300w, https:\/\/amerikadil.com\/wp-content\/uploads\/2023\/05\/MC-150x150.png 150w, https:\/\/amerikadil.com\/wp-content\/uploads\/2023\/05\/MC-768x768.png 768w, https:\/\/amerikadil.com\/wp-content\/uploads\/2023\/05\/MC.png 1080w\" sizes=\"auto, (max-width: 696px) 100vw, 696px\" \/>\t\t\t\t\t\t\t\t\t\t\t\t\t\t\t<\/div>\n\t\t\t\t<\/div>\n\t\t\t\t\t<\/div>\n\t\t<\/div>\n\t\t\t\t<div class=\"elementor-column elementor-col-50 elementor-top-column elementor-element elementor-element-01a622b\" data-id=\"01a622b\" data-element_type=\"column\">\n\t\t\t<div class=\"elementor-widget-wrap elementor-element-populated\">\n\t\t\t\t\t\t\t\t<div class=\"elementor-element elementor-element-f3d8ec7 elementor-widget elementor-widget-image\" data-id=\"f3d8ec7\" data-element_type=\"widget\" data-widget_type=\"image.default\">\n\t\t\t\t<div class=\"elementor-widget-container\">\n\t\t\t\t\t\t\t\t\t\t\t\t\t\t\t<img loading=\"lazy\" decoding=\"async\" width=\"696\" height=\"696\" src=\"https:\/\/amerikadil.com\/wp-content\/uploads\/2023\/05\/usa-yemek-1024x1024.png\" class=\"attachment-large size-large wp-image-751\" alt=\"\" srcset=\"https:\/\/amerikadil.com\/wp-content\/uploads\/2023\/05\/usa-yemek-1024x1024.png 1024w, https:\/\/amerikadil.com\/wp-content\/uploads\/2023\/05\/usa-yemek-300x300.png 300w, https:\/\/amerikadil.com\/wp-content\/uploads\/2023\/05\/usa-yemek-150x150.png 150w, https:\/\/amerikadil.com\/wp-content\/uploads\/2023\/05\/usa-yemek-768x768.png 768w, https:\/\/amerikadil.com\/wp-content\/uploads\/2023\/05\/usa-yemek.png 1080w\" sizes=\"auto, (max-width: 696px) 100vw, 696px\" \/>\t\t\t\t\t\t\t\t\t\t\t\t\t\t\t<\/div>\n\t\t\t\t<\/div>\n\t\t\t\t\t<\/div>\n\t\t<\/div>\n\t\t\t\t\t\t\t<\/div>\n\t\t<\/section>\n\t\t\t\t<section class=\"elementor-section elementor-top-section elementor-element elementor-element-cb39522 elementor-section-boxed elementor-section-height-default elementor-section-height-default\" data-id=\"cb39522\" data-element_type=\"section\">\n\t\t\t\t\t\t<div class=\"elementor-container elementor-column-gap-default\">\n\t\t\t\t\t<div class=\"elementor-column elementor-col-100 elementor-top-column elementor-element elementor-element-dd48e95\" data-id=\"dd48e95\" data-element_type=\"column\">\n\t\t\t<div class=\"elementor-widget-wrap elementor-element-populated\">\n\t\t\t\t\t\t\t\t<div class=\"elementor-element elementor-element-b48e7f3 elementor-widget elementor-widget-wp-widget-text\" data-id=\"b48e7f3\" data-element_type=\"widget\" data-widget_type=\"wp-widget-text.default\">\n\t\t\t\t<div class=\"elementor-widget-container\">\n\t\t\t\t\t\t<div class=\"textwidget\"><p>\u00d6rne\u011fin, kahvalt\u0131da pancake, waffle, smoothie kasesi, grilled cheese, bagel sandvi\u00e7 gibi se\u00e7enekler bulunur. \u00d6\u011fle ve ak\u015fam yemeklerinde ise hamburger, mac and cheese, deep dish pizza, hot dog, buffalo wings, corn dog, crab cake, pot roast gibi yemekler tercih edilir. Tatl\u0131 olarak da tar\u00e7\u0131nl\u0131 rulo, huni keki, fraiser gibi tatl\u0131lar yenir. Amerika\u2019da g\u00fcnl\u00fck yemeklerin yan\u0131 s\u0131ra b\u00f6lgesel ve mevsimsel olarak da farkl\u0131 yemekler vard\u0131r. \u00d6rne\u011fin, Ba\u011f\u0131ms\u0131zl\u0131k G\u00fcn\u00fc\u2019nde barbek\u00fc partileri d\u00fczenlenir, Cad\u0131lar Bayram\u0131\u2019nda balkaba\u011f\u0131 \u00e7orbas\u0131 ve turta yap\u0131l\u0131r, \u015e\u00fckran G\u00fcn\u00fc\u2019nde hindi dolmas\u0131 ile birlikte tatl\u0131 patates servis edilir.<\/p>\n<\/div>\n\t\t\t\t<\/div>\n\t\t\t\t<\/div>\n\t\t\t\t\t<\/div>\n\t\t<\/div>\n\t\t\t\t\t\t\t<\/div>\n\t\t<\/section>\n\t\t\t\t\t\t\t<\/div>\n\t\t","protected":false},"excerpt":{"rendered":"<p>AMER\u0130KA&#8217;DA G\u00dcNL\u00dcK YA\u015eAM<\/p>\n","protected":false},"author":1,"featured_media":0,"parent":0,"menu_order":0,"comment_status":"closed","ping_status":"closed","template":"","meta":{"footnotes":""},"class_list":["post-32","page","type-page","status-publish","hentry"],"_links":{"self":[{"href":"https:\/\/amerikadil.com\/index.php?rest_route=\/wp\/v2\/pages\/32","targetHints":{"allow":["GET"]}}],"collection":[{"href":"https:\/\/amerikadil.com\/index.php?rest_route=\/wp\/v2\/pages"}],"about":[{"href":"https:\/\/amerikadil.com\/index.php?rest_route=\/wp\/v2\/types\/page"}],"author":[{"embeddable":true,"href":"https:\/\/amerikadil.com\/index.php?rest_route=\/wp\/v2\/users\/1"}],"replies":[{"embeddable":true,"href":"https:\/\/amerikadil.com\/index.php?rest_route=%2Fwp%2Fv2%2Fcomments&post=32"}],"version-history":[{"count":9,"href":"https:\/\/amerikadil.com\/index.php?rest_route=\/wp\/v2\/pages\/32\/revisions"}],"predecessor-version":[{"id":754,"href":"https:\/\/amerikadil.com\/index.php?rest_route=\/wp\/v2\/pages\/32\/revisions\/754"}],"wp:attachment":[{"href":"https:\/\/amerikadil.com\/index.php?rest_route=%2Fwp%2Fv2%2Fmedia&parent=32"}],"curies":[{"name":"wp","href":"https:\/\/api.w.org\/{rel}","templated":true}]}}